{"id":1016,"date":"2017-06-12T11:10:52","date_gmt":"2017-06-12T09:10:52","guid":{"rendered":"http:\/\/10.0.0.18\/go\/?page_id=1016"},"modified":"2021-09-22T10:58:09","modified_gmt":"2021-09-22T08:58:09","slug":"fuer-unternehmen","status":"publish","type":"page","link":"https:\/\/www.go-uni.com\/fr\/fuer-unternehmen\/","title":{"rendered":"Pour les entreprises"},"content":{"rendered":"<p>[vc_section][vc_row full_width=&#8220;stretch_row_content_no_spaces&#8220; parallax=&#8220;content-moving&#8220; parallax_image=&#8220;2234&#8243; css=&#8220;.vc_custom_1505827280988{padding-top: 10% !important;padding-right: 15% !important;padding-bottom: 10% !important;padding-left: 15% !important;background-color: #ffffff !important;background-position: center;background-repeat: no-repeat;background-size:cover !important;}&#8220;][vc_column][vc_column_text css_animation=&#8220;fadeInLeft&#8220; el_class=&#8220;bannertext&#8220;]<\/p>\n<p style=\"text-align: center;\"><span style=\"font-size: 30pt;\"><strong>Nous, \u00e0 Go ! Uni-Publicit\u00e9 croit au succ\u00e8s de ses clients et \u00e0 une coop\u00e9ration \u00e0 long terme.<\/strong><\/span><\/p>\n<p>[\/vc_column_text][\/vc_column][\/vc_row][vc_row full_width=&#8220;stretch_row_content_no_spaces&#8220; css=&#8220;.vc_custom_1502694993659{margin-top: -35px !important;background-color: #55a255 !important;}&#8220;][vc_column 0=&#8220;&#8220;][vc_column_text css=&#8220;.vc_custom_1498140505973{margin-right: 50px !important;margin-left: 50px !important;}&#8220;]<\/p>\n<h1 style=\"color: #ffffff;\"><span style=\"font-family: helvetica,arial,sans-serif;\">F\u00fcr Unternehmen<\/span><\/h1>\n<hr \/>\n<p>&nbsp;[\/vc_column_text][vc_column_text css=&#8220;.vc_custom_1632300620615{margin-right: 15% !important;margin-left: 15% !important;}&#8220;]<span style=\"font-size: 16pt; font-family: helvetica,arial,sans-serif; color: #ffffff;\">Le fait que vous travailliez dans une PME ou dans une grande entreprise ne joue pas un r\u00f4le d\u00e9cisif. La taille de la campagne non plus. L&#8217;objectif est d&#8217;inspirer les clients avec des solutions cr\u00e9atives, d&#8217;atteindre votre groupe cible sans gaspillage et de construire une relation commerciale \u00e0 long terme. Gr\u00e2ce \u00e0 des mesures de communication tendance, les entreprises se montrent sous leur meilleur jour.<\/span>[\/vc_column_text][vc_empty_space height=&#8220;50px&#8220;][\/vc_column][\/vc_row][\/vc_section][vc_row full_width=&#8220;stretch_row_content_no_spaces&#8220; css=&#8220;.vc_custom_1502695083127{padding-right: 50px !important;padding-left: 50px !important;background-color: #ffffff !important;}&#8220;][vc_column 0=&#8220;&#8220;][vc_column_text 0=&#8220;&#8220;]<\/p>\n<h2>Meilleures pratiques<\/h2>\n<p>[\/vc_column_text][\/vc_column][\/vc_row][vc_row full_width=&#8220;stretch_row_content_no_spaces&#8220; css=&#8220;.vc_custom_1504595185714{padding-right: 15% !important;padding-left: 15% !important;background-color: #ffffff !important;}&#8220;][vc_column width=&#8220;1\/3&#8243; css=&#8220;.vc_custom_1504607488336{margin-top: -10px !important;}&#8220;]<div class=\"ih-item  circle effect13 left_to_right\" style=\"width:220;height:220;border:;background-image:url('https:\/\/www.go-uni.com\/wp-content\/uploads\/2017\/08\/Roche_Beispielsfoto.jpg');background-size:cover;\" >\n\t<a href=\"..\/do-you-have-any-plans-this-afternoon\" target=\"\">\n\t\t  \n\t  <div class=\"img\" style=\"width:100%;height:100%;\"><img style=\"opacity:0;\" src=\"https:\/\/www.go-uni.com\/wp-content\/uploads\/2017\/08\/Roche_Beispielsfoto.jpg\" alt=\"img\"><\/div>\n\t  \n\t  \t\t<div class=\"info\" style=\"width:100%;height:100%;background:#44c47e\">\n\t    <div class=\"info-back\" style=\"background:\">\n\t    \t    \t\t<h3 style=\"font-size:22px;color:#fff;background:\">En savoir plus<\/h3>\n\t    \t      \n\t      <b style=\"font-size:12px;color:#23282d;\"> <\/b>\n\t    <\/div>\n\t  <\/div>\n\t  \t<\/a>\n<\/div>[\/vc_column][vc_column width=&#8220;1\/2&#8243;][vc_column_text 0=&#8220;&#8220;]<\/p>\n<h3>Vous avez quelque chose de pr\u00e9vu cet apr\u00e8s-midi ?<\/h3>\n<p>Une grande entreprise pharmaceutique mondiale forme plus de 390 jeunes dans 14 professions diff\u00e9rentes. C&#8217;est pourquoi il est d&#8217;autant plus important pour cette entreprise d&#8217;\u00eatre r\u00e9guli\u00e8rement pr\u00e9sente aupr\u00e8s des \u00e9tudiants et d&#8217;attirer leur attention.<\/p>\n<p>Outre les salons professionnels et la publicit\u00e9 mobile, Go ! Uni-Publicit\u00e9 a d\u00e9velopp\u00e9 un panneau d&#8217;affichage en direct innovant. Avec cette id\u00e9e publicitaire cr\u00e9ative, la grande entreprise a inspir\u00e9 de nombreux \u00e9tudiants de la FHNW \u00e0 B\u00e2le.<\/p>\n<p>&nbsp;[\/vc_column_text][\/vc_column][\/vc_row][vc_row full_width=&#8220;stretch_row_content_no_spaces&#8220; css=&#8220;.vc_custom_1504595027140{padding-right: 15% !important;padding-left: 15% !important;background-color: #f4f4f4 !important;}&#8220;][vc_column width=&#8220;1\/3&#8243; css=&#8220;.vc_custom_1504595104408{margin-top: -10px !important;}&#8220;]<div class=\"ih-item  circle effect13 left_to_right\" style=\"width:220;height:220;border:;background-image:url('https:\/\/www.go-uni.com\/wp-content\/uploads\/2017\/09\/Geotargads_300x250px.gif');background-size:cover;\" >\n\t<a href=\"..\/gratis-ins-kino\" target=\"\">\n\t\t  \n\t  <div class=\"img\" style=\"width:100%;height:100%;\"><img style=\"opacity:0;\" src=\"https:\/\/www.go-uni.com\/wp-content\/uploads\/2017\/09\/Geotargads_300x250px.gif\" alt=\"img\"><\/div>\n\t  \n\t  \t\t<div class=\"info\" style=\"width:100%;height:100%;background:#44c47e\">\n\t    <div class=\"info-back\" style=\"background:\">\n\t    \t    \t\t<h3 style=\"font-size:22px;color:#fff;background:\">En savoir plus<\/h3>\n\t    \t      \n\t      <b style=\"font-size:12px;color:#23282d;\"> <\/b>\n\t    <\/div>\n\t  <\/div>\n\t  \t<\/a>\n<\/div>[\/vc_column][vc_column width=&#8220;1\/2&#8243;][vc_column_text 0=&#8220;&#8220;]<\/p>\n<h3>Gratuit au cin\u00e9ma<\/h3>\n<p>La Banque cantonale de Thurgovie attache une grande importance \u00e0 une apparence authentique. Pour cette raison, la banque est appr\u00e9ci\u00e9e par environ 180 000 clients, dont des jeunes.<\/p>\n<p>L&#8217;objectif de la TKB \u00e9tait de faire conna\u00eetre le compte \u00e9pargne jeunesse. Avec le service mobile Geotargads, ils ont convaincu les jeunes qui se trouvaient dans des piscines en plein air ou des \u00e9coles.<\/p>\n<p>&nbsp;[\/vc_column_text][\/vc_column][\/vc_row][vc_row full_width=&#8220;stretch_row_content_no_spaces&#8220; css=&#8220;.vc_custom_1504595137537{padding-right: 15% !important;padding-left: 15% !important;background-color: #ffffff !important;}&#8220;][vc_column width=&#8220;1\/3&#8243; css=&#8220;.vc_custom_1504595155856{margin-top: -10px !important;}&#8220;]<div class=\"ih-item  circle effect13 left_to_right\" style=\"width:220;height:220;border:;background-image:url('https:\/\/www.go-uni.com\/wp-content\/uploads\/2017\/08\/Swisscom_Beispielsfoto.jpg');background-size:cover;\" >\n\t<a href=\"..\/persoenlicher-hsg-raum\" target=\"\">\n\t\t  \n\t  <div class=\"img\" style=\"width:100%;height:100%;\"><img style=\"opacity:0;\" src=\"https:\/\/www.go-uni.com\/wp-content\/uploads\/2017\/08\/Swisscom_Beispielsfoto.jpg\" alt=\"img\"><\/div>\n\t  \n\t  \t\t<div class=\"info\" style=\"width:100%;height:100%;background:#44c47e\">\n\t    <div class=\"info-back\" style=\"background:\">\n\t    \t    \t\t<h3 style=\"font-size:22px;color:#fff;background:\">En savoir plus<\/h3>\n\t    \t      \n\t      <b style=\"font-size:12px;color:#23282d;\"> <\/b>\n\t    <\/div>\n\t  <\/div>\n\t  \t<\/a>\n<\/div>[\/vc_column][vc_column width=&#8220;1\/2&#8243;][vc_column_text 0=&#8220;&#8220;]<\/p>\n<h3>salle d&#8217;HSG personnelle<\/h3>\n<p>Swisscom AG est l&#8217;une des principales entreprises de t\u00e9l\u00e9communications suisses qui propose toujours des offres sp\u00e9ciales pour les jeunes.<\/p>\n<p>Contrairement \u00e0 vos concurrents, Swisscom n&#8217;attire pas l&#8217;attention des \u00e9tudiants avec une publicit\u00e9 classique, mais avec une salle de la HSG d\u00e9cor\u00e9e selon vos souhaits. D\u00e9cor\u00e9 de couleurs repr\u00e9sentant l&#8217;entreprise de t\u00e9l\u00e9communications, d&#8217;accessoires Swisscom et d&#8217;autres d\u00e9tails, il enchante les \u00e9tudiants de l&#8217;universit\u00e9 de Saint-Gall.<\/p>\n<p>&nbsp;[\/vc_column_text][\/vc_column][\/vc_row][vc_row full_width=&#8220;stretch_row_content_no_spaces&#8220; css=&#8220;.vc_custom_1504595027140{padding-right: 15% !important;padding-left: 15% !important;background-color: #f4f4f4 !important;}&#8220;][vc_column width=&#8220;1\/3&#8243; css=&#8220;.vc_custom_1504595104408{margin-top: -10px !important;}&#8220;]<div class=\"ih-item  circle effect13 left_to_right\" style=\"width:220;height:220;border:;background-image:url('https:\/\/www.go-uni.com\/wp-content\/uploads\/2017\/08\/4747_Z\u00fcrich_ETH-Zentrum_EG_Glaswand-links-vorne-2-e1502779186104.jpg');background-size:cover;\" >\n\t<a href=\"..\/attraktiver-hochschul-mediamix\" target=\"\">\n\t\t  \n\t  <div class=\"img\" style=\"width:100%;height:100%;\"><img style=\"opacity:0;\" src=\"https:\/\/www.go-uni.com\/wp-content\/uploads\/2017\/08\/4747_Z\u00fcrich_ETH-Zentrum_EG_Glaswand-links-vorne-2-e1502779186104.jpg\" alt=\"img\"><\/div>\n\t  \n\t  \t\t<div class=\"info\" style=\"width:100%;height:100%;background:#44c47e\">\n\t    <div class=\"info-back\" style=\"background:\">\n\t    \t    \t\t<h3 style=\"font-size:22px;color:#fff;background:\">En savoir plus<\/h3>\n\t    \t      \n\t      <b style=\"font-size:12px;color:#23282d;\"> <\/b>\n\t    <\/div>\n\t  <\/div>\n\t  \t<\/a>\n<\/div>[\/vc_column][vc_column width=&#8220;1\/2&#8243;][vc_column_text 0=&#8220;&#8220;]<\/p>\n<h3>un mix m\u00e9dia universitaire attractif<\/h3>\n<p>L&#8217;OEB s&#8217;engage dans une gestion des ressources humaines tourn\u00e9e vers l&#8217;avenir, qui fonctionne gr\u00e2ce \u00e0 une coop\u00e9ration harmonieuse entre les professionnels des ressources humaines de l&#8217;administration f\u00e9d\u00e9rale. Comme les jeunes sont tr\u00e8s int\u00e9ressants pour le bureau du personnel, il se concentre sur le contact personnel lors de foires dans le secteur universitaire.<\/p>\n<p>Gr\u00e2ce \u00e0 des campagnes d&#8217;affichage nationales, des publicit\u00e9s dans les magazines universitaires et des banni\u00e8res sur les portails \u00e9tudiants, ils rappellent aux \u00e9tudiants l&#8217;existence de vos salons.<\/p>\n<p>&nbsp;[\/vc_column_text][\/vc_column][\/vc_row]<\/p>\n","protected":false},"excerpt":{"rendered":"<p>[vc_section][vc_row full_width=&#8220;stretch_row_content_no_spaces&#8220; parallax=&#8220;content-moving&#8220; parallax_image=&#8220;2234&#8243; css=&#8220;.vc_custom_1505827280988{padding-top: 10% !important;padding-right: 15% !important;padding-bottom: 10% !important;padding-left: 15% !important;background-color: #ffffff !important;background-position: center;background-repeat: no-repeat;background-size:cover !important;}&#8220;][vc_column][vc_column_text css_animation=&#8220;fadeInLeft&#8220; el_class=&#8220;bannertext&#8220;] Nous, \u00e0 Go ! Uni-Publicit\u00e9 croit au succ\u00e8s de ses clients et \u00e0 une coop\u00e9ration \u00e0 long terme. [\/vc_column_text][\/vc_column][\/vc_row][vc_row full_width=&#8220;stretch_row_content_no_spaces&#8220; css=&#8220;.vc_custom_1502694993659{margin-top: -35px !important;background-color: #55a255 !important;}&#8220;][vc_column 0=&#8220;&#8220;][vc_column_text css=&#8220;.vc_custom_1498140505973{margin-right: 50px !important;margin-left: 50px !important;}&#8220;] F\u00fcr Unternehmen &nbsp;[\/vc_column_text][vc_column_text css=&#8220;.vc_custom_1632300620615{margin-right: 15% !important;margin-left: <a href=\"https:\/\/www.go-uni.com\/fr\/fuer-unternehmen\/\"> Read more&#8230;<\/a><\/p>\n","protected":false},"author":1,"featured_media":0,"parent":0,"menu_order":0,"comment_status":"closed","ping_status":"closed","template":"","meta":[],"_links":{"self":[{"href":"https:\/\/www.go-uni.com\/fr\/wp-json\/wp\/v2\/pages\/1016"}],"collection":[{"href":"https:\/\/www.go-uni.com\/fr\/wp-json\/wp\/v2\/pages"}],"about":[{"href":"https:\/\/www.go-uni.com\/fr\/wp-json\/wp\/v2\/types\/page"}],"author":[{"embeddable":true,"href":"https:\/\/www.go-uni.com\/fr\/wp-json\/wp\/v2\/users\/1"}],"replies":[{"embeddable":true,"href":"https:\/\/www.go-uni.com\/fr\/wp-json\/wp\/v2\/comments?post=1016"}],"version-history":[{"count":106,"href":"https:\/\/www.go-uni.com\/fr\/wp-json\/wp\/v2\/pages\/1016\/revisions"}],"predecessor-version":[{"id":2603,"href":"https:\/\/www.go-uni.com\/fr\/wp-json\/wp\/v2\/pages\/1016\/revisions\/2603"}],"wp:attachment":[{"href":"https:\/\/www.go-uni.com\/fr\/wp-json\/wp\/v2\/media?parent=1016"}],"curies":[{"name":"wp","href":"https:\/\/api.w.org\/{rel}","templated":true}]}}