{"id":1023,"date":"2017-06-12T11:55:56","date_gmt":"2017-06-12T09:55:56","guid":{"rendered":"http:\/\/10.0.0.18\/go\/?page_id=1023"},"modified":"2021-09-23T14:57:41","modified_gmt":"2021-09-23T12:57:41","slug":"fuer-hochschulen","status":"publish","type":"page","link":"https:\/\/www.go-uni.com\/fr\/fuer-hochschulen\/","title":{"rendered":"Pour les universit\u00e9s"},"content":{"rendered":"<p>[vc_section 0=&#8220;&#8220;][vc_row full_width=&#8220;stretch_row_content_no_spaces&#8220; parallax=&#8220;content-moving&#8220; parallax_image=&#8220;2242&#8243; css_animation=&#8220;none&#8220; css=&#8220;.vc_custom_1505980734815{padding-top: 10% !important;padding-right: 15% !important;padding-bottom: 10% !important;padding-left: 15% !important;background-color: #ffffff !important;background-position: center;background-repeat: no-repeat;background-size:cover !important;}&#8220;][vc_column][vc_column_text css_animation=&#8220;fadeInLeft&#8220; el_class=&#8220;bannertext&#8220;]<\/p>\n<p style=\"text-align: center;\"><span style=\"font-size: 30pt;\"><strong>Nous, \u00e0 Go ! Uni-Publicit\u00e9 croit en la possibilit\u00e9 de vous accompagner sur le chemin pour donner aux \u00e9tudiants un avenir concret.<\/strong><\/span><\/p>\n<p>[\/vc_column_text][\/vc_column][\/vc_row][vc_row full_width=&#8220;stretch_row_content_no_spaces&#8220; css=&#8220;.vc_custom_1502695325398{margin-top: -35px !important;padding-right: 30px !important;padding-left: 30px !important;background-color: #bc6f42 !important;}&#8220;][vc_column 0=&#8220;&#8220;][vc_column_text css=&#8220;.vc_custom_1632401601098{margin-right: 25px !important;margin-left: 25px !important;}&#8220;]<\/p>\n<h1 style=\"color: #ffffff;\"><span style=\"font-family: helvetica,arial,sans-serif;\">Pour les universit\u00e9s<\/span><\/h1>\n<hr \/>\n<p>&nbsp;[\/vc_column_text][vc_column_text css=&#8220;.vc_custom_1632401635085{margin-right: 15% !important;margin-left: 15% !important;}&#8220;]<span style=\"font-size: 16pt; color: #ffffff;\">Peu importe que votre universit\u00e9 pr\u00e9voie une campagne pour une mati\u00e8re ou un programme dipl\u00f4mant. Votre objectif est de convaincre les jeunes d&#8217;\u00e9tudier avec vous. Les \u00e9l\u00e8ves et les \u00e9tudiants sont toujours plus curieux et s&#8217;int\u00e9ressent en m\u00eame temps \u00e0 diff\u00e9rents domaines d&#8217;\u00e9tudes. Facilitez la t\u00e2che des futurs \u00e9tudiants et \u00e9vitez-leur de prendre une d\u00e9cision difficile en les contactant et en les convainquant gr\u00e2ce \u00e0 des campagnes efficaces et bien con\u00e7ues sur l&#8217;enseignement sup\u00e9rieur.<\/span>[\/vc_column_text][\/vc_column][\/vc_row][\/vc_section][vc_row full_width=&#8220;stretch_row_content_no_spaces&#8220; css=&#8220;.vc_custom_1502695588230{border-right-width: 50px !important;padding-left: 50px !important;background-color: #ffffff !important;}&#8220;][vc_column 0=&#8220;&#8220;][vc_column_text 0=&#8220;&#8220;]<\/p>\n<h2>Meilleures pratiques<\/h2>\n<p>[\/vc_column_text][\/vc_column][\/vc_row][vc_row full_width=&#8220;stretch_row_content_no_spaces&#8220; css=&#8220;.vc_custom_1504679662764{padding-right: 15% !important;padding-left: 15% !important;background-color: #ffffff !important;}&#8220;][vc_column width=&#8220;1\/3&#8243; css=&#8220;.vc_custom_1504679740992{margin-top: -10px !important;padding-right: 10px !important;padding-left: 10px !important;}&#8220;]<div class=\"ih-item  circle effect13 left_to_right\" style=\"width:220;height:220;border:;background-image:url('https:\/\/www.go-uni.com\/wp-content\/uploads\/2017\/06\/USI_Beispielfoto.jpeg');background-size:cover;\" >\n\t<a href=\"..\/mit-klassischer-werbung-zum-ziel\" target=\"\">\n\t\t  \n\t  <div class=\"img\" style=\"width:100%;height:100%;\"><img style=\"opacity:0;\" src=\"https:\/\/www.go-uni.com\/wp-content\/uploads\/2017\/06\/USI_Beispielfoto.jpeg\" alt=\"img\"><\/div>\n\t  \n\t  \t\t<div class=\"info\" style=\"width:100%;height:100%;background:#44c47e\">\n\t    <div class=\"info-back\" style=\"background:\">\n\t    \t    \t\t<h3 style=\"font-size:22px;color:#fff;background:\">en savoir plus<\/h3>\n\t    \t      \n\t      <b style=\"font-size:12px;color:#23282d;\"> <\/b>\n\t    <\/div>\n\t  <\/div>\n\t  \t<\/a>\n<\/div>[\/vc_column][vc_column width=&#8220;1\/2&#8243; css=&#8220;.vc_custom_1504679783847{padding-right: 10px !important;padding-left: 10px !important;}&#8220;][vc_column_text 0=&#8220;&#8220;]<\/p>\n<h3>Atteindre l&#8217;objectif avec la publicit\u00e9 classique<\/h3>\n<p>L&#8217;Universita della Svizzera Italiana, ou USI en abr\u00e9g\u00e9, permet \u00e0 2 900 jeunes de plus de 100 pays d&#8217;\u00e9tudier avec elle. L&#8217;universit\u00e9 propose \u00e9galement un large \u00e9ventail de programmes de ma\u00eetrise.<\/p>\n<p>Depuis de nombreuses ann\u00e9es, l&#8217;USI utilise des mesures de communication classiques dans toute la Suisse et dans le nord de l&#8217;Italie pour inviter son groupe cible \u00e0 lui rendre visite lors de la journ\u00e9e d&#8217;information sur les masters et \u00e0 se faire ainsi une id\u00e9e de ce qui se passe \u00e0 l&#8217;universit\u00e9.<\/p>\n<p>&nbsp;[\/vc_column_text][\/vc_column][\/vc_row][vc_row full_width=&#8220;stretch_row_content_no_spaces&#8220; css=&#8220;.vc_custom_1504679805682{padding-right: 15% !important;padding-left: 15% !important;background-color: #f4f4f4 !important;}&#8220;][vc_column width=&#8220;1\/3&#8243; css=&#8220;.vc_custom_1504679828651{margin-top: -10px !important;padding-right: 10px !important;padding-left: 10px !important;}&#8220;]<div class=\"ih-item  circle effect13 left_to_right\" style=\"width:220;height:220;border:;background-image:url('https:\/\/www.go-uni.com\/wp-content\/uploads\/2017\/06\/PHSG_Beispielsfoto.jpg');background-size:cover;\" >\n\t<a href=\"..\/dank-schluesselfundmarken-mit-ihrer-zielgruppe-unterwegs\" target=\"\">\n\t\t  \n\t  <div class=\"img\" style=\"width:100%;height:100%;\"><img style=\"opacity:0;\" src=\"https:\/\/www.go-uni.com\/wp-content\/uploads\/2017\/06\/PHSG_Beispielsfoto.jpg\" alt=\"img\"><\/div>\n\t  \n\t  \t\t<div class=\"info\" style=\"width:100%;height:100%;background:#44c47e\">\n\t    <div class=\"info-back\" style=\"background:\">\n\t    \t    \t\t<h3 style=\"font-size:22px;color:#fff;background:\">en savoir plus<\/h3>\n\t    \t      \n\t      <b style=\"font-size:12px;color:#23282d;\"> <\/b>\n\t    <\/div>\n\t  <\/div>\n\t  \t<\/a>\n<\/div>[\/vc_column][vc_column width=&#8220;1\/2&#8243; css=&#8220;.vc_custom_1504679845649{padding-right: 10px !important;padding-left: 10px !important;}&#8220;][vc_column_text 0=&#8220;&#8220;]<\/p>\n<h3>En mouvement avec votre groupe cible gr\u00e2ce \u00e0 des trouvailles cl\u00e9s<\/h3>\n<p>La Haute \u00e9cole p\u00e9dagogique de Saint-Gall comprend 4 sites en Suisse orientale et forme 1 200 \u00e9tudiants au m\u00e9tier d&#8217;enseignant. L&#8217;universit\u00e9 a atteint son groupe cible d&#8217;une mani\u00e8re extraordinaire.<\/p>\n<p>Les marques phares sont la recette secr\u00e8te du PH St. Gallen. Avec cette id\u00e9e publicitaire, ils sont constamment en mouvement avec les jeunes. Si la cl\u00e9 est perdue &#8211; pas de probl\u00e8me. Le trouveur honn\u00eate jette le trousseau de cl\u00e9s dans la bo\u00eete aux lettres et l&#8217;universit\u00e9 se charge de le renvoyer.<\/p>\n<p>&nbsp;[\/vc_column_text][\/vc_column][\/vc_row][vc_row full_width=&#8220;stretch_row_content_no_spaces&#8220; css=&#8220;.vc_custom_1504679873038{padding-right: 15% !important;padding-left: 15% !important;background-color: #ffffff !important;}&#8220;][vc_column width=&#8220;1\/3&#8243; css=&#8220;.vc_custom_1504679975332{margin-top: -10px !important;padding-right: 10px !important;padding-left: 10px !important;}&#8220;]<div class=\"ih-item  circle effect13 left_to_right\" style=\"width:220;height:220;border:;background-image:url('https:\/\/www.go-uni.com\/wp-content\/uploads\/2017\/06\/Uni-Luzern_Beispielfoto-e1502721305495.jpeg');background-size:cover;\" >\n\t<a href=\"..\/auffallende-plakate-an-zentralen-schwarzen-brettern\" target=\"\">\n\t\t  \n\t  <div class=\"img\" style=\"width:100%;height:100%;\"><img style=\"opacity:0;\" src=\"https:\/\/www.go-uni.com\/wp-content\/uploads\/2017\/06\/Uni-Luzern_Beispielfoto-e1502721305495.jpeg\" alt=\"img\"><\/div>\n\t  \n\t  \t\t<div class=\"info\" style=\"width:100%;height:100%;background:#44c47e\">\n\t    <div class=\"info-back\" style=\"background:\">\n\t    \t    \t\t<h3 style=\"font-size:22px;color:#fff;background:\">en savoir plus<\/h3>\n\t    \t      \n\t      <b style=\"font-size:12px;color:#23282d;\"> <\/b>\n\t    <\/div>\n\t  <\/div>\n\t  \t<\/a>\n<\/div>[\/vc_column][vc_column width=&#8220;1\/2&#8243; css=&#8220;.vc_custom_1504679924741{padding-right: 10px !important;padding-left: 10px !important;}&#8220;][vc_column_text 0=&#8220;&#8220;]<\/p>\n<h3>des affiches accrocheuses sur les tableaux d&#8217;affichage centraux<\/h3>\n<p>La plus jeune universit\u00e9 de Suisse, l&#8217;Universit\u00e9 de Lucerne, se compose de 4 facult\u00e9s et accompagne plus de 2 800 jeunes vers leur dipl\u00f4me. Depuis des ann\u00e9es, l&#8217;universit\u00e9 met l&#8217;accent sur le master en sciences de la sant\u00e9, que vous signalez chaque ann\u00e9e par des affiches.<\/p>\n<p>Bien que la publicit\u00e9 par affiches soit l&#8217;une des formes les plus anciennes de publicit\u00e9, elle reste populaire. L&#8217;affiche rose de l&#8217;Universit\u00e9 de Lucerne est toujours accroch\u00e9e sur les panneaux d&#8217;affichage situ\u00e9s au centre de l&#8217;entr\u00e9e ou \u00e0 c\u00f4t\u00e9 du r\u00e9fectoire et ne peut \u00eatre manqu\u00e9e.<\/p>\n<p>&nbsp;[\/vc_column_text][\/vc_column][\/vc_row]<\/p>\n","protected":false},"excerpt":{"rendered":"<p>[vc_section 0=&#8220;&#8220;][vc_row full_width=&#8220;stretch_row_content_no_spaces&#8220; parallax=&#8220;content-moving&#8220; parallax_image=&#8220;2242&#8243; css_animation=&#8220;none&#8220; css=&#8220;.vc_custom_1505980734815{padding-top: 10% !important;padding-right: 15% !important;padding-bottom: 10% !important;padding-left: 15% !important;background-color: #ffffff !important;background-position: center;background-repeat: no-repeat;background-size:cover !important;}&#8220;][vc_column][vc_column_text css_animation=&#8220;fadeInLeft&#8220; el_class=&#8220;bannertext&#8220;] Nous, \u00e0 Go ! Uni-Publicit\u00e9 croit en la possibilit\u00e9 de vous accompagner sur le chemin pour donner aux \u00e9tudiants un avenir concret. [\/vc_column_text][\/vc_column][\/vc_row][vc_row full_width=&#8220;stretch_row_content_no_spaces&#8220; css=&#8220;.vc_custom_1502695325398{margin-top: -35px !important;padding-right: 30px !important;padding-left: 30px !important;background-color: #bc6f42 !important;}&#8220;][vc_column 0=&#8220;&#8220;][vc_column_text css=&#8220;.vc_custom_1632401601098{margin-right: <a href=\"https:\/\/www.go-uni.com\/fr\/fuer-hochschulen\/\"> Read more&#8230;<\/a><\/p>\n","protected":false},"author":1,"featured_media":0,"parent":0,"menu_order":0,"comment_status":"closed","ping_status":"closed","template":"","meta":[],"_links":{"self":[{"href":"https:\/\/www.go-uni.com\/fr\/wp-json\/wp\/v2\/pages\/1023"}],"collection":[{"href":"https:\/\/www.go-uni.com\/fr\/wp-json\/wp\/v2\/pages"}],"about":[{"href":"https:\/\/www.go-uni.com\/fr\/wp-json\/wp\/v2\/types\/page"}],"author":[{"embeddable":true,"href":"https:\/\/www.go-uni.com\/fr\/wp-json\/wp\/v2\/users\/1"}],"replies":[{"embeddable":true,"href":"https:\/\/www.go-uni.com\/fr\/wp-json\/wp\/v2\/comments?post=1023"}],"version-history":[{"count":51,"href":"https:\/\/www.go-uni.com\/fr\/wp-json\/wp\/v2\/pages\/1023\/revisions"}],"predecessor-version":[{"id":2608,"href":"https:\/\/www.go-uni.com\/fr\/wp-json\/wp\/v2\/pages\/1023\/revisions\/2608"}],"wp:attachment":[{"href":"https:\/\/www.go-uni.com\/fr\/wp-json\/wp\/v2\/media?parent=1023"}],"curies":[{"name":"wp","href":"https:\/\/api.w.org\/{rel}","templated":true}]}}