{"id":1029,"date":"2017-06-12T14:01:01","date_gmt":"2017-06-12T12:01:01","guid":{"rendered":"http:\/\/10.0.0.18\/go\/?page_id=1029"},"modified":"2021-09-15T16:02:05","modified_gmt":"2021-09-15T14:02:05","slug":"fuer-agenturen","status":"publish","type":"page","link":"https:\/\/www.go-uni.com\/fr\/fuer-agenturen\/","title":{"rendered":"Pour les agences"},"content":{"rendered":"<p>[vc_section 0=&#8220;&#8220;][vc_row full_width=&#8220;stretch_row_content_no_spaces&#8220; parallax=&#8220;content-moving-fade&#8220; parallax_image=&#8220;2380&#8243; css=&#8220;.vc_custom_1507032640180{padding-top: 10% !important;padding-right: 15% !important;padding-bottom: 10% !important;padding-left: 15% !important;background-color: #ffffff !important;}&#8220;][vc_column 0=&#8220;&#8220;][vc_column_text el_class=&#8220;bannertext&#8220;]<\/p>\n<p style=\"text-align: center;\"><span style=\"font-size: 24pt;\"><strong>Go ! Uni-Publicit\u00e9 pense qu&#8217;une \u00e9quipe compos\u00e9e de vos professionnels et des n\u00f4tres est l&#8217;unit\u00e9 efficace pour le marketing universitaire de votre client.<\/strong><\/span><\/p>\n<p>[\/vc_column_text][\/vc_column][\/vc_row][vc_row full_width=&#8220;stretch_row_content_no_spaces&#8220; css=&#8220;.vc_custom_1502697563055{margin-top: -35px !important;padding-right: 30px !important;padding-left: 30px !important;background-color: #a4bbe8 !important;}&#8220;][vc_column 0=&#8220;&#8220;][vc_column_text css=&#8220;.vc_custom_1631620390803{margin-right: 25px !important;margin-left: 25px !important;}&#8220;]<\/p>\n<h1 style=\"color: #ffffff;\"><span style=\"font-family: helvetica,arial,sans-serif;\">Pour les agences<\/span><\/h1>\n<hr \/>\n<p>&nbsp;[\/vc_column_text][vc_column_text css=&#8220;.vc_custom_1631622971950{margin-right: 15% !important;margin-left: 15% !important;}&#8220;]<span style=\"color: #ffffff; font-size: 16pt;\">Servir un client est toujours int\u00e9ressant et vari\u00e9. Et en m\u00eame temps, le d\u00e9sir de surpasser les expectatives de son partenaire est toujours pr\u00e9sent. Si votre client s&#8217;int\u00e9resse de fa\u00e7on passionn\u00e9e aux \u00e9tudiants ou aux dipl\u00f4m\u00e9s, Go ! Uni-Werbung AG est pr\u00eat \u00e0 vous aider.<\/span><\/p>\n<p><span style=\"color: #ffffff; font-size: 16pt;\">Avec une expertise et une exp\u00e9rience de plus de 25 ans, un r\u00e9seau paneurop\u00e9en et une coop\u00e9ration impeccable avec les partenaires m\u00e9dias, rien ne s&#8217;oppose \u00e0 une proposition de solution sur mesure pour la campagne d&#8217;enseignement sup\u00e9rieur de votre client.<b><\/b>Vous trouverez ci-dessous un aper\u00e7u des agences qui ont convaincu leur client de diff\u00e9rentes mani\u00e8res.<\/span>[\/vc_column_text][\/vc_column][\/vc_row][\/vc_section][vc_row full_width=&#8220;stretch_row_content_no_spaces&#8220; css=&#8220;.vc_custom_1502697802734{padding-right: 50px !important;padding-left: 50px !important;background-color: #ffffff !important;}&#8220;][vc_column][vc_column_text]<\/p>\n<h2><a id=\"BEST-PRACTICES\"><\/a>Best Practices<\/h2>\n<p>[\/vc_column_text][\/vc_column][\/vc_row][vc_row full_width=&#8220;stretch_row_content_no_spaces&#8220; css=&#8220;.vc_custom_1504599077645{padding-right: 15% !important;padding-left: 15% !important;background-color: #ffffff !important;}&#8220;][vc_column width=&#8220;1\/3&#8243; css=&#8220;.vc_custom_1504599090525{margin-top: -10px !important;}&#8220;]<div class=\"ih-item  circle effect13 left_to_right\" style=\"width:220;height:220;border:;background-image:url('https:\/\/www.go-uni.com\/wp-content\/uploads\/2017\/06\/Fraunhofer-_Beispielfoto.jpg');background-size:cover;\" >\n\t<a href=\"..\/hohe-praesenz-in-der-italienischen-stadt-pisa\" target=\"\">\n\t\t  \n\t  <div class=\"img\" style=\"width:100%;height:100%;\"><img style=\"opacity:0;\" src=\"https:\/\/www.go-uni.com\/wp-content\/uploads\/2017\/06\/Fraunhofer-_Beispielfoto.jpg\" alt=\"img\"><\/div>\n\t  \n\t  \t\t<div class=\"info\" style=\"width:100%;height:100%;background:#44c47e\">\n\t    <div class=\"info-back\" style=\"background:\">\n\t    \t    \t\t<h3 style=\"font-size:22px;color:#fff;background:\">en savoir plus<\/h3>\n\t    \t      \n\t      <b style=\"font-size:12px;color:#23282d;\"> <\/b>\n\t    <\/div>\n\t  <\/div>\n\t  \t<\/a>\n<\/div>[\/vc_column][vc_column width=&#8220;1\/2&#8243;][vc_column_text]<\/p>\n<h3>Forte pr\u00e9sence dans la ville italienne de Pise<\/h3>\n<p>L&#8217;agence allemande Campus-Service est le leader du march\u00e9 dans le domaine des m\u00e9dias d&#8217;ambiance dans les universit\u00e9s en Allemagne et inspire toujours ses clients avec des id\u00e9es de solutions efficaces et cr\u00e9atives. Pour le client Fraunhofer Institute, ils ont g\u00e9r\u00e9 une campagne d&#8217;affichage via Go ! Uni-Publicit\u00e9 dans plusieurs universit\u00e9s en Italie.<\/p>\n<p>Le client de Campus-Service propose r\u00e9guli\u00e8rement divers emplois aux \u00e9tudiants dans toute l&#8217;Europe. Il a touch\u00e9 les jeunes talents de la ville italienne de Pise avec une promotion de trois jours, qui a \u00e9t\u00e9 soutenue par une campagne d&#8217;affichage, des messages sur Facebook et une newsletter.<\/p>\n<p>&nbsp;[\/vc_column_text][\/vc_column][\/vc_row][vc_row full_width=&#8220;stretch_row_content_no_spaces&#8220; css=&#8220;.vc_custom_1504599128601{padding-right: 15% !important;padding-left: 15% !important;background-color: #f4f4f4 !important;}&#8220;][vc_column width=&#8220;1\/3&#8243; css=&#8220;.vc_custom_1504599111883{margin-top: -10px !important;}&#8220;]<div class=\"ih-item  circle effect13 left_to_right\" style=\"width:220;height:220;border:;background-image:url('https:\/\/www.go-uni.com\/wp-content\/uploads\/2017\/09\/Bell_Militaer_Banner_Geotargads_300x250_FR.jpg');background-size:cover;\" >\n\t<a href=\"..\/glueckliche-soldaten-dank-bell-snackpack\" target=\"\">\n\t\t  \n\t  <div class=\"img\" style=\"width:100%;height:100%;\"><img style=\"opacity:0;\" src=\"https:\/\/www.go-uni.com\/wp-content\/uploads\/2017\/09\/Bell_Militaer_Banner_Geotargads_300x250_FR.jpg\" alt=\"img\"><\/div>\n\t  \n\t  \t\t<div class=\"info\" style=\"width:100%;height:100%;background:#44c47e\">\n\t    <div class=\"info-back\" style=\"background:\">\n\t    \t    \t\t<h3 style=\"font-size:22px;color:#fff;background:\">en savoir plus<\/h3>\n\t    \t      \n\t      <b style=\"font-size:12px;color:#23282d;\"> <\/b>\n\t    <\/div>\n\t  <\/div>\n\t  \t<\/a>\n<\/div>[\/vc_column][vc_column width=&#8220;1\/2&#8243;][vc_column_text]<\/p>\n<h3>Des soldats heureux gr\u00e2ce au Bell Snackpack<\/h3>\n<p>L&#8217;agence m\u00e9dia zipmedia, bas\u00e9e \u00e0 Zurich, s&#8217;engage sur le march\u00e9 suisse. La satisfaction du client et la r\u00e9ussite des projets sont au centre des pr\u00e9occupations de l&#8217;\u00e9quipe de zipmedia. Leur client Bell AG, l&#8217;un des principaux transformateurs de viande et de produits pr\u00eats \u00e0 consommer en Europe, a lanc\u00e9 des sacs alimentaires gratuits pour inspirer les recrues dans toute la Suisse.<\/p>\n<p>Quel service est mieux adapt\u00e9 \u00e0 cela qu&#8217;un service o\u00f9 vous pouvez d\u00e9finir l&#8217;emplacement ? Aucun. Go! Uni-Publicit\u00e9 a permis au client de zipmedia de mener une campagne mobile r\u00e9ussie.[\/vc_column_text][\/vc_column][\/vc_row][vc_row full_width=&#8220;stretch_row_content_no_spaces&#8220; css=&#8220;.vc_custom_1504599189559{padding-right: 15% !important;padding-left: 15% !important;background-color: #ffffff !important;}&#8220;][vc_column width=&#8220;1\/3&#8243; css=&#8220;.vc_custom_1504599173484{margin-top: -10px !important;}&#8220;]<div class=\"ih-item  circle effect13 left_to_right\" style=\"width:220;height:220;border:;background-image:url('https:\/\/www.go-uni.com\/wp-content\/uploads\/2017\/08\/CreditSuisse_UniNova_bearbeitet.png');background-size:cover;\" >\n\t<a href=\"..\/klassisch\/\" target=\"\">\n\t\t  \n\t  <div class=\"img\" style=\"width:100%;height:100%;\"><img style=\"opacity:0;\" src=\"https:\/\/www.go-uni.com\/wp-content\/uploads\/2017\/08\/CreditSuisse_UniNova_bearbeitet.png\" alt=\"img\"><\/div>\n\t  \n\t  \t\t<div class=\"info\" style=\"width:100%;height:100%;background:#44c47e\">\n\t    <div class=\"info-back\" style=\"background:\">\n\t    \t    \t\t<h3 style=\"font-size:22px;color:#fff;background:\">en savoir plus<\/h3>\n\t    \t      \n\t      <b style=\"font-size:12px;color:#23282d;\"> <\/b>\n\t    <\/div>\n\t  <\/div>\n\t  \t<\/a>\n<\/div>[\/vc_column][vc_column width=&#8220;1\/2&#8243;][vc_column_text]<\/p>\n<h3>Classique<\/h3>\n<p>L&#8217;agence m\u00e9dia Mediacom est consid\u00e9r\u00e9e comme une agence de premier plan au niveau mondial. Avec la devise &#8222;Les gens d&#8217;abord&#8220;, elle assure un niveau \u00e9lev\u00e9 de satisfaction de la client\u00e8le. Pour le Credit Suisse, elle s&#8217;est charg\u00e9e d&#8217;une campagne print nationale avec Go ! Uni-Publicit\u00e9.<\/p>\n<p>Gr\u00e2ce \u00e0 une coop\u00e9ration directe et \u00e0 une excellente publicit\u00e9 de la banque Credit Suisse, les \u00e9tudiants ont feuillet\u00e9 les pages des magazines universitaires avec curiosit\u00e9.<\/p>\n<p>&nbsp;<\/p>\n<p>&nbsp;[\/vc_column_text][\/vc_column][\/vc_row][vc_row full_width=&#8220;stretch_row_content_no_spaces&#8220; css=&#8220;.vc_custom_1504599128601{padding-right: 15% !important;padding-left: 15% !important;background-color: #f4f4f4 !important;}&#8220;][vc_column width=&#8220;1\/3&#8243; css=&#8220;.vc_custom_1504599111883{margin-top: -10px !important;}&#8220;]<div class=\"ih-item  circle effect13 left_to_right\" style=\"width:220;height:220;border:;background-image:url('https:\/\/www.go-uni.com\/wp-content\/uploads\/2017\/06\/Lipton_Beispielfoto.jpg');background-size:cover;\" >\n\t<a href=\"..\/probieren-geht-ueber-studieren\" target=\"\">\n\t\t  \n\t  <div class=\"img\" style=\"width:100%;height:100%;\"><img style=\"opacity:0;\" src=\"https:\/\/www.go-uni.com\/wp-content\/uploads\/2017\/06\/Lipton_Beispielfoto.jpg\" alt=\"img\"><\/div>\n\t  \n\t  \t\t<div class=\"info\" style=\"width:100%;height:100%;background:#44c47e\">\n\t    <div class=\"info-back\" style=\"background:\">\n\t    \t    \t\t<h3 style=\"font-size:22px;color:#fff;background:\">en savoir plus<\/h3>\n\t    \t      \n\t      <b style=\"font-size:12px;color:#23282d;\"> <\/b>\n\t    <\/div>\n\t  <\/div>\n\t  \t<\/a>\n<\/div>[\/vc_column][vc_column width=&#8220;1\/2&#8243;][vc_column_text]<\/p>\n<h3>la qualit\u00e9 se r\u00e9v\u00e8le \u00e0 la d\u00e9gustation<\/h3>\n<p>Unilever, une entreprise bas\u00e9e en Allemagne, en Autriche et en Suisse, attache une grande importance \u00e0 la durabilit\u00e9, car c&#8217;est le seul moyen d&#8217;obtenir une croissance \u00e0 long terme. Lorsque leur client Lipton a lanc\u00e9 un nouveau th\u00e9 savoureux, il \u00e9tait clair pour eux que c&#8217;est en le d\u00e9gustant que le consommateur en prend la pleine mesure.<\/p>\n<p>Les sujets d&#8217;essai du nouveau th\u00e9 \u00e9taient des jeunes. Avec un excellent rafra\u00eechissement, l&#8217;\u00e9quipe de promotion externe de Go ! Uni-Werbung AG a convaincu les \u00e9tudiants et les a encourag\u00e9s \u00e0 l&#8217;essayer pendant les chaudes journ\u00e9es d&#8217;\u00e9t\u00e9.<\/p>\n<p>&nbsp;[\/vc_column_text][\/vc_column][\/vc_row]<\/p>\n","protected":false},"excerpt":{"rendered":"<p>[vc_section 0=&#8220;&#8220;][vc_row full_width=&#8220;stretch_row_content_no_spaces&#8220; parallax=&#8220;content-moving-fade&#8220; parallax_image=&#8220;2380&#8243; css=&#8220;.vc_custom_1507032640180{padding-top: 10% !important;padding-right: 15% !important;padding-bottom: 10% !important;padding-left: 15% !important;background-color: #ffffff !important;}&#8220;][vc_column 0=&#8220;&#8220;][vc_column_text el_class=&#8220;bannertext&#8220;] Go ! Uni-Publicit\u00e9 pense qu&#8217;une \u00e9quipe compos\u00e9e de vos professionnels et des n\u00f4tres est l&#8217;unit\u00e9 efficace pour le marketing universitaire de votre client. [\/vc_column_text][\/vc_column][\/vc_row][vc_row full_width=&#8220;stretch_row_content_no_spaces&#8220; css=&#8220;.vc_custom_1502697563055{margin-top: -35px !important;padding-right: 30px !important;padding-left: 30px !important;background-color: #a4bbe8 !important;}&#8220;][vc_column 0=&#8220;&#8220;][vc_column_text css=&#8220;.vc_custom_1631620390803{margin-right: 25px !important;margin-left: 25px <a href=\"https:\/\/www.go-uni.com\/fr\/fuer-agenturen\/\"> Read more&#8230;<\/a><\/p>\n","protected":false},"author":1,"featured_media":0,"parent":0,"menu_order":0,"comment_status":"closed","ping_status":"closed","template":"","meta":[],"_links":{"self":[{"href":"https:\/\/www.go-uni.com\/fr\/wp-json\/wp\/v2\/pages\/1029"}],"collection":[{"href":"https:\/\/www.go-uni.com\/fr\/wp-json\/wp\/v2\/pages"}],"about":[{"href":"https:\/\/www.go-uni.com\/fr\/wp-json\/wp\/v2\/types\/page"}],"author":[{"embeddable":true,"href":"https:\/\/www.go-uni.com\/fr\/wp-json\/wp\/v2\/users\/1"}],"replies":[{"embeddable":true,"href":"https:\/\/www.go-uni.com\/fr\/wp-json\/wp\/v2\/comments?post=1029"}],"version-history":[{"count":60,"href":"https:\/\/www.go-uni.com\/fr\/wp-json\/wp\/v2\/pages\/1029\/revisions"}],"predecessor-version":[{"id":2584,"href":"https:\/\/www.go-uni.com\/fr\/wp-json\/wp\/v2\/pages\/1029\/revisions\/2584"}],"wp:attachment":[{"href":"https:\/\/www.go-uni.com\/fr\/wp-json\/wp\/v2\/media?parent=1029"}],"curies":[{"name":"wp","href":"https:\/\/api.w.org\/{rel}","templated":true}]}}