{"id":1620,"date":"2017-08-11T15:19:20","date_gmt":"2017-08-11T13:19:20","guid":{"rendered":"http:\/\/10.0.0.18\/go\/?page_id=1620"},"modified":"2021-10-13T09:20:50","modified_gmt":"2021-10-13T07:20:50","slug":"dienstleistungen","status":"publish","type":"page","link":"https:\/\/www.go-uni.com\/fr\/dienstleistungen\/","title":{"rendered":"Prestations"},"content":{"rendered":"<p>[vc_section 0=&#8220;&#8220;][vc_row full_width=&#8220;stretch_row_content_no_spaces&#8220; content_placement=&#8220;middle&#8220; parallax=&#8220;content-moving&#8220; parallax_image=&#8220;2396&#8243; css=&#8220;.vc_custom_1507036238418{padding-top: 10% !important;padding-right: 15% !important;padding-bottom: 10% !important;padding-left: 15% !important;background-color: #ffffff !important;}&#8220;][vc_column][vc_column_text css_animation=&#8220;fadeInRight&#8220; el_class=&#8220;bannertext&#8220;]<\/p>\n<p style=\"text-align: center;\"><span style=\"font-size: 24pt;\"><strong>Gagnez \u00e0 nouveau du temps et des capacit\u00e9s libres !<\/strong><\/span><\/p>\n<p style=\"text-align: center;\"><span style=\"font-size: 18pt;\"><strong>\u00a0<\/strong><\/span><\/p>\n<p>[\/vc_column_text][\/vc_column][\/vc_row][vc_row full_width=&#8220;stretch_row_content_no_spaces&#8220; css=&#8220;.vc_custom_1498562915847{background-color: #ffffff !important;}&#8220;][vc_column][vc_column_text css=&#8220;.vc_custom_1634107731304{margin-right: 25px !important;margin-left: 25px !important;}&#8220;]<\/p>\n<h1>prestations<\/h1>\n<hr \/>\n<p>&nbsp;[\/vc_column_text][\/vc_column][\/vc_row][vc_row full_width=&#8220;stretch_row_content_no_spaces&#8220; css=&#8220;.vc_custom_1503586067795{padding-right: 15% !important;padding-left: 15% !important;background-color: #ffffff !important;}&#8220;][vc_column 0=&#8220;&#8220;][vc_column_text 0=&#8220;&#8220;]<\/p>\n<h2>Soulagement pour vos activit\u00e9s op\u00e9rationnelles quotidiennes<\/h2>\n<p>Votre objectif est de toucher les \u00e9tudiants ou les dipl\u00f4m\u00e9s de mani\u00e8re efficace et r\u00e9fl\u00e9chie, tout en obtenant plus de temps pour vos autres t\u00e2ches ? Avec Go ! Uni-Publicit\u00e9, vous pouvez atteindre vos objectifs de mani\u00e8re intelligente et en gagnant du temps.<\/p>\n<p>Gr\u00e2ce \u00e0 ces outils et services, vous b\u00e9n\u00e9ficiez imm\u00e9diatement de ressources gratuites. Et avec ces mesures de communication, vous vous adressez avec succ\u00e8s aux jeunes. Mettez en \u0153uvre un concept optimis\u00e9 et mesurez l&#8217;impact de votre id\u00e9e.<\/p>\n<p>Laissez-nous vous proposer la combinaison id\u00e9ale d&#8217;outils de communication. Que ce soit avec des publicit\u00e9s classiques ou mobiles, sur les m\u00e9dias sociaux ou plut\u00f4t en personne avec des promotions par \u00e9chantillonnage ou lors d&#8217;\u00e9v\u00e9nements.<\/p>\n<p>&nbsp;<\/p>\n<p>&nbsp;[\/vc_column_text][\/vc_column][\/vc_row][vc_row full_width=&#8220;stretch_row_content_no_spaces&#8220; css=&#8220;.vc_custom_1503661174188{padding-right: 25% !important;padding-left: 25% !important;background-color: #ffffff !important;}&#8220;][vc_column width=&#8220;1\/2&#8243; css=&#8220;.vc_custom_1504680711556{padding-right: 15px !important;padding-left: 15px !important;}&#8220; el_class=&#8220;spalte_kreis&#8220;]<div class=\"ih-item  circle effect1 left_to_right\" style=\"width:220;height:220;border:;background-image:url('https:\/\/www.go-uni.com\/wp-content\/uploads\/2017\/10\/geotargads.png');background-size:cover;\" >\n\t<a href=\"\/dienstleistungen\/geotargads\/\" target=\"\">\n\t<div class=\"spinner\" style=\"width:240px;height:240px;\"><\/div>\t  \n\t  <div class=\"img\" style=\"width:100%;height:100%;\"><img style=\"opacity:0;\" src=\"https:\/\/www.go-uni.com\/wp-content\/uploads\/2017\/10\/geotargads.png\" alt=\"img\"><\/div>\n\t  \n\t  \t\t<div class=\"info\" style=\"width:100%;height:100%;background:#44c47e\">\n\t    <div class=\"info-back\" style=\"background:\">\n\t    \t      \n\t      <b style=\"font-size:12px;color:#23282d;\"> <p style=\"text-align: center;\"><b>Geotargads<\/b><\/p>\n<p style=\"text-align: center;\"><span style=\"font-size: 10pt;\">Adressez-vous \u00e0 votre groupe cible avec une publicit\u00e9 mobile sur leur smartphone ou leur tablette<\/span><\/p>\n<\/b>\n\t    <\/div>\n\t  <\/div>\n\t  \t<\/a>\n<\/div>[\/vc_column][vc_column width=&#8220;1\/2&#8243;]<div class=\"ih-item  circle effect1 left_to_right\" style=\"width:220;height:220;border:;background-image:url('https:\/\/www.go-uni.com\/wp-content\/uploads\/2017\/10\/Event_u_Messemanagment.png');background-size:cover;\" >\n\t<a href=\"\/dienstleistungen\/event-messemanagement-2\/\" target=\"\">\n\t<div class=\"spinner\" style=\"width:240px;height:240px;\"><\/div>\t  \n\t  <div class=\"img\" style=\"width:100%;height:100%;\"><img style=\"opacity:0;\" src=\"https:\/\/www.go-uni.com\/wp-content\/uploads\/2017\/10\/Event_u_Messemanagment.png\" alt=\"img\"><\/div>\n\t  \n\t  \t\t<div class=\"info\" style=\"width:100%;height:100%;background:#44c47e\">\n\t    <div class=\"info-back\" style=\"background:\">\n\t    \t      \n\t      <b style=\"font-size:12px;color:#23282d;\"> <p style=\"text-align: center; font-size: 12pt;\">Gestion des \u00e9v\u00e9nements et des expositions<br \/>\n<span style=\"font-size: 10pt;\"><br \/>\nRemettez les efforts d&#8217;organisation et concentrez-vous sur vos performances.<br \/>\n<\/span><\/p>\n<\/b>\n\t    <\/div>\n\t  <\/div>\n\t  \t<\/a>\n<\/div>[\/vc_column][\/vc_row][vc_row full_width=&#8220;stretch_row_content_no_spaces&#8220; css=&#8220;.vc_custom_1503661174188{padding-right: 25% !important;padding-left: 25% !important;background-color: #ffffff !important;}&#8220;][vc_column width=&#8220;1\/2&#8243; css=&#8220;.vc_custom_1504680777150{padding-right: 15px !important;padding-left: 15px !important;}&#8220; el_class=&#8220;spalte_kreis&#8220;]<div class=\"ih-item  circle effect1 left_to_right\" style=\"width:220;height:220;border:;background-image:url('https:\/\/www.go-uni.com\/wp-content\/uploads\/2017\/10\/Media_u_Budgetplanung.png');background-size:cover;\" >\n\t<a href=\"\/dienstleistungen\/media-budgetplanung\" target=\"\">\n\t<div class=\"spinner\" style=\"width:240px;height:240px;\"><\/div>\t  \n\t  <div class=\"img\" style=\"width:100%;height:100%;\"><img style=\"opacity:0;\" src=\"https:\/\/www.go-uni.com\/wp-content\/uploads\/2017\/10\/Media_u_Budgetplanung.png\" alt=\"img\"><\/div>\n\t  \n\t  \t\t<div class=\"info\" style=\"width:100%;height:100%;background:#44c47e\">\n\t    <div class=\"info-back\" style=\"background:\">\n\t    \t      \n\t      <b style=\"font-size:12px;color:#23282d;\"> <p style=\"text-align: center;\"><span style=\"font-size: 12pt;\"><strong>M\u00e9dias et<br \/>\nPlanification budg\u00e9taire<\/strong><\/span><br \/>\n<span style=\"font-size: 9pt;\"><br \/>\nAtteignez votre groupe cible gr\u00e2ce \u00e0 un plan m\u00e9dia individuel et respectez votre budget.<br \/>\n<\/span><\/p>\n<\/b>\n\t    <\/div>\n\t  <\/div>\n\t  \t<\/a>\n<\/div>[\/vc_column][vc_column width=&#8220;1\/2&#8243; el_class=&#8220;spalte_kreis&#8220;]<div class=\"ih-item  circle effect1 left_to_right\" style=\"width:220;height:220;border:;background-image:url('https:\/\/www.go-uni.com\/wp-content\/uploads\/2017\/10\/Sampling.png');background-size:cover;\" >\n\t<a href=\"\/dienstleistungen\/sampling\/\" target=\"\">\n\t<div class=\"spinner\" style=\"width:240px;height:240px;\"><\/div>\t  \n\t  <div class=\"img\" style=\"width:100%;height:100%;\"><img style=\"opacity:0;\" src=\"https:\/\/www.go-uni.com\/wp-content\/uploads\/2017\/10\/Sampling.png\" alt=\"img\"><\/div>\n\t  \n\t  \t\t<div class=\"info\" style=\"width:100%;height:100%;background:#44c47e\">\n\t    <div class=\"info-back\" style=\"background:\">\n\t    \t      \n\t      <b style=\"font-size:12px;color:#23282d;\"> <p style=\"text-align: center;\"><span style=\"font-size: 12pt;\">\u00c9chantillonnage<\/span><span style=\"font-size: 9pt;\"><br \/>\nAttirez l&#8217;attention de votre groupe cible avec des promotions personnelles et surprenantes.<br \/>\n<\/span><\/p>\n<\/b>\n\t    <\/div>\n\t  <\/div>\n\t  \t<\/a>\n<\/div>[\/vc_column][\/vc_row][vc_row full_width=&#8220;stretch_row_content_no_spaces&#8220; css=&#8220;.vc_custom_1507020976346{padding-right: 25% !important;padding-left: 25% !important;background-color: #ffffff !important;}&#8220;][vc_column width=&#8220;1\/2&#8243; el_class=&#8220;spalte_kreis&#8220;]<div class=\"ih-item  circle effect1 left_to_right\" style=\"width:220;height:220;border:;background-image:url('https:\/\/www.go-uni.com\/wp-content\/uploads\/2017\/10\/Projekt_Outsoucing.png');background-size:cover;\" >\n\t<a href=\"\/dienstleistungen\/projekt-outsourcing-2\/\" target=\"\">\n\t<div class=\"spinner\" style=\"width:240px;height:240px;\"><\/div>\t  \n\t  <div class=\"img\" style=\"width:100%;height:100%;\"><img style=\"opacity:0;\" src=\"https:\/\/www.go-uni.com\/wp-content\/uploads\/2017\/10\/Projekt_Outsoucing.png\" alt=\"img\"><\/div>\n\t  \n\t  \t\t<div class=\"info\" style=\"width:100%;height:100%;background:#44c47e\">\n\t    <div class=\"info-back\" style=\"background:\">\n\t    \t      \n\t      <b style=\"font-size:12px;color:#23282d;\"> <p style=\"text-align: center;\"><span style=\"font-size: 12pt;\"><strong>Projet<br \/>\nExternalisation<\/strong><\/span><br \/>\n<span style=\"font-size: 9pt;\"><br \/>\nR\u00e9alisez vos id\u00e9es extraordinaires et convainquez les \u00e9tudiants en attirant l&#8217;attention.<\/span><\/p>\n<\/b>\n\t    <\/div>\n\t  <\/div>\n\t  \t<\/a>\n<\/div>[\/vc_column][vc_column width=&#8220;1\/2&#8243; el_class=&#8220;spalte_kreis&#8220;]<div class=\"ih-item  circle effect1 left_to_right\" style=\"width:220;height:220;border:;background-image:url('https:\/\/www.go-uni.com\/wp-content\/uploads\/2017\/10\/Social_Media.png');background-size:cover;\" >\n\t<a href=\"\/dienstleistungen\/social-media-2\/\" target=\"\">\n\t<div class=\"spinner\" style=\"width:240px;height:240px;\"><\/div>\t  \n\t  <div class=\"img\" style=\"width:100%;height:100%;\"><img style=\"opacity:0;\" src=\"https:\/\/www.go-uni.com\/wp-content\/uploads\/2017\/10\/Social_Media.png\" alt=\"img\"><\/div>\n\t  \n\t  \t\t<div class=\"info\" style=\"width:100%;height:100%;background:#44c47e\">\n\t    <div class=\"info-back\" style=\"background:\">\n\t    \t      \n\t      <b style=\"font-size:12px;color:#23282d;\"> <p style=\"text-align: center;\"><span style=\"font-size: 12pt;\"><strong>M\u00e9dias sociaux<\/strong><\/span><\/p>\n<p><span style=\"font-size: 10pt;\">Utilisez le monde moderne des m\u00e9dias sociaux pour devenir le sujet de conversation des utilisateurs.<\/span><\/p>\n<\/b>\n\t    <\/div>\n\t  <\/div>\n\t  \t<\/a>\n<\/div>[\/vc_column][\/vc_row][vc_row full_width=&#8220;stretch_row_content_no_spaces&#8220; css=&#8220;.vc_custom_1503586022733{padding-right: 15% !important;padding-left: 15% !important;background-color: #f6f6f6 !important;}&#8220;][vc_column 0=&#8220;&#8220;][vc_column_text 0=&#8220;&#8220;]<\/p>\n<h2>Une expertise pour vos objectifs \u00e0 long terme<\/h2>\n<p>Si vous poursuivez des objectifs \u00e0 long terme dans votre organisation, si vous souhaitez \u00eatre pr\u00e9sent sur le march\u00e9 de l&#8217;enseignement sup\u00e9rieur pendant une p\u00e9riode impr\u00e9visible et inspirer r\u00e9guli\u00e8rement votre groupe cible, vous \u00eates au bon endroit dans cette section. Demandez conseil \u00e0 un professionnel et d\u00e9couvrez les mesures de communication les mieux adapt\u00e9es \u00e0 votre situation. D&#8217;une part, vous avez la possibilit\u00e9 de renforcer votre marque employeur \u00e0 l&#8217;aide de divers supports publicitaires, et d&#8217;autre part, vous avez la possibilit\u00e9 de faire revoir ou d\u00e9velopper votre strat\u00e9gie et votre concept.[\/vc_column_text][\/vc_column][\/vc_row][vc_row full_width=&#8220;stretch_row_content_no_spaces&#8220; css=&#8220;.vc_custom_1503661545415{padding-right: 30% !important;padding-left: 30% !important;background-color: #f6f6f6 !important;}&#8220;][vc_column width=&#8220;1\/2&#8243; css=&#8220;.vc_custom_1503661554906{padding-right: 15px !important;padding-left: 15px !important;}&#8220; el_class=&#8220;spalte_kreis&#8220;]<div class=\"ih-item  circle effect1 left_to_right\" style=\"width:220;height:220;border:;background-image:url('https:\/\/www.go-uni.com\/wp-content\/uploads\/2017\/10\/Employer_Branding.png');background-size:cover;\" >\n\t<a href=\"\/dienstleistungen\/employer-branding\/\" target=\"\">\n\t<div class=\"spinner\" style=\"width:240px;height:240px;\"><\/div>\t  \n\t  <div class=\"img\" style=\"width:100%;height:100%;\"><img style=\"opacity:0;\" src=\"https:\/\/www.go-uni.com\/wp-content\/uploads\/2017\/10\/Employer_Branding.png\" alt=\"img\"><\/div>\n\t  \n\t  \t\t<div class=\"info\" style=\"width:100%;height:100%;background:#44c47e\">\n\t    <div class=\"info-back\" style=\"background:\">\n\t    \t      \n\t      <b style=\"font-size:12px;color:#23282d;\"> <p style=\"text-align: center;\">Image de marque de l&#8217;employeur<br \/>\n<span style=\"font-size: 9pt;\"><br \/>\nConstruisez une forte personnalit\u00e9 de votre marque employeur et convainquez les \u00e9tudiants de votre caract\u00e8re unique.<br \/>\n<\/span><\/p>\n<\/b>\n\t    <\/div>\n\t  <\/div>\n\t  \t<\/a>\n<\/div>[\/vc_column][vc_column width=&#8220;1\/2&#8243; el_class=&#8220;spalte_kreis&#8220;]<div class=\"ih-item  circle effect1 left_to_right\" style=\"width:220;height:220;border:;background-image:url('https:\/\/www.go-uni.com\/wp-content\/uploads\/2017\/10\/Research.png');background-size:cover;\" >\n\t<a href=\"\/dienstleistungen\/research-analyse\/\" target=\"\">\n\t<div class=\"spinner\" style=\"width:240px;height:240px;\"><\/div>\t  \n\t  <div class=\"img\" style=\"width:100%;height:100%;\"><img style=\"opacity:0;\" src=\"https:\/\/www.go-uni.com\/wp-content\/uploads\/2017\/10\/Research.png\" alt=\"img\"><\/div>\n\t  \n\t  \t\t<div class=\"info\" style=\"width:100%;height:100%;background:#44c47e\">\n\t    <div class=\"info-back\" style=\"background:\">\n\t    \t      \n\t      <b style=\"font-size:12px;color:#23282d;\"> <p style=\"text-align: center;\"><span style=\"font-size: 12pt;\"><strong>Recherche et<br \/>\nAnalyser<\/strong><\/span><br \/>\n<span style=\"font-size: 9pt;\"><br \/>\nUtilisez les avantages d&#8217;un large r\u00e9seau et pr\u00e9cisez ainsi votre groupe cible.<br \/>\n<\/span><\/p>\n<\/b>\n\t    <\/div>\n\t  <\/div>\n\t  \t<\/a>\n<\/div>[\/vc_column][\/vc_row][vc_row full_width=&#8220;stretch_row_content_no_spaces&#8220; css=&#8220;.vc_custom_1503586045903{padding-right: 15% !important;padding-left: 15% !important;background-color: #f6f6f6 !important;}&#8220;][vc_column width=&#8220;1\/3&#8243; css=&#8220;.vc_custom_1503661693997{padding-right: 15px !important;padding-left: 15px !important;}&#8220; el_class=&#8220;spalte_kreis&#8220;]<div class=\"ih-item  circle effect1 left_to_right\" style=\"width:220;height:220;border:;background-image:url('https:\/\/www.go-uni.com\/wp-content\/uploads\/2017\/10\/Strategie_u_Konzept_Review.png');background-size:cover;\" >\n\t<a href=\"\/dienstleistungen\/strategie-konzept-review-2\/\" target=\"\">\n\t<div class=\"spinner\" style=\"width:240px;height:240px;\"><\/div>\t  \n\t  <div class=\"img\" style=\"width:100%;height:100%;\"><img style=\"opacity:0;\" src=\"https:\/\/www.go-uni.com\/wp-content\/uploads\/2017\/10\/Strategie_u_Konzept_Review.png\" alt=\"img\"><\/div>\n\t  \n\t  \t\t<div class=\"info\" style=\"width:100%;height:100%;background:#44c47e\">\n\t    <div class=\"info-back\" style=\"background:\">\n\t    \t      \n\t      <b style=\"font-size:12px;color:#23282d;\"> <p style=\"text-align: center;\"><span style=\"font-size: 12pt;\"><strong>Strat\u00e9gie et<br \/>\nExamen du concept<\/strong><\/span><br \/>\n<span style=\"font-size: 9pt;\">Optimisez votre planification future sur la base d&#8217;une analyse externe d\u00e9taill\u00e9e de vos strat\u00e9gies existantes.<\/span><\/p>\n<\/b>\n\t    <\/div>\n\t  <\/div>\n\t  \t<\/a>\n<\/div>[\/vc_column][vc_column width=&#8220;1\/3&#8243; el_class=&#8220;spalte_kreis&#8220;]<div class=\"ih-item  circle effect1 left_to_right\" style=\"width:220;height:220;border:;background-image:url('https:\/\/www.go-uni.com\/wp-content\/uploads\/2017\/10\/Strategie_u_Konzept_Entwicklung.png');background-size:cover;\" >\n\t<a href=\"\/dienstleistungen\/strategie-und-konzept-entwicklung\/\" target=\"\">\n\t<div class=\"spinner\" style=\"width:240px;height:240px;\"><\/div>\t  \n\t  <div class=\"img\" style=\"width:100%;height:100%;\"><img style=\"opacity:0;\" src=\"https:\/\/www.go-uni.com\/wp-content\/uploads\/2017\/10\/Strategie_u_Konzept_Entwicklung.png\" alt=\"img\"><\/div>\n\t  \n\t  \t\t<div class=\"info\" style=\"width:100%;height:100%;background:#44c47e\">\n\t    <div class=\"info-back\" style=\"background:\">\n\t    \t      \n\t      <b style=\"font-size:12px;color:#23282d;\"> <p style=\"text-align: center;\"><span style=\"font-size: 12pt;\"><strong>Strat\u00e9gie et<br \/>\nD\u00e9veloppement du concept<\/strong><\/span><br \/>\n<span style=\"font-size: 9pt;\"><br \/>\nLaissez-nous vous pr\u00e9senter un concept et pr\u00e9parer le terrain pour votre marketing universitaire.<br \/>\n<\/span><\/p>\n<\/b>\n\t    <\/div>\n\t  <\/div>\n\t  \t<\/a>\n<\/div>[\/vc_column][vc_column width=&#8220;1\/3&#8243; el_class=&#8220;spalte_kreis&#8220;]<div class=\"ih-item  circle effect1 left_to_right\" style=\"width:220;height:220;border:;background-image:url('https:\/\/www.go-uni.com\/wp-content\/uploads\/2017\/10\/Media_u_Budgetplanung.png');background-size:cover;\" >\n\t<a href=\"\/dienstleistungen\/media-budgetplanung\" target=\"\">\n\t<div class=\"spinner\" style=\"width:240px;height:240px;\"><\/div>\t  \n\t  <div class=\"img\" style=\"width:100%;height:100%;\"><img style=\"opacity:0;\" src=\"https:\/\/www.go-uni.com\/wp-content\/uploads\/2017\/10\/Media_u_Budgetplanung.png\" alt=\"img\"><\/div>\n\t  \n\t  \t\t<div class=\"info\" style=\"width:100%;height:100%;background:#44c47e\">\n\t    <div class=\"info-back\" style=\"background:\">\n\t    \t      \n\t      <b style=\"font-size:12px;color:#23282d;\"> <p style=\"text-align: center;\"><span style=\"font-size: 12pt;\"><strong>M\u00e9dias et<br \/>\nPlanification budg\u00e9taire<\/strong><\/span><br \/>\n<span style=\"font-size: 9pt;\"><br \/>\nAtteignez votre groupe cible gr\u00e2ce \u00e0 un plan m\u00e9dia individuel et respectez votre budget.<br \/>\n<\/span><\/p>\n<\/b>\n\t    <\/div>\n\t  <\/div>\n\t  \t<\/a>\n<\/div>[\/vc_column][\/vc_row][vc_row full_width=&#8220;stretch_row_content_no_spaces&#8220; css=&#8220;.vc_custom_1505979333756{padding-right: 15% !important;padding-left: 15% !important;background-image: url(http:\/\/www2.go-uni.com\/wp-content\/uploads\/2017\/06\/cropped-cropped-42752524-Zusammenfassung-verschwommen-Menschen-in-Pressekonferenz-Veranstaltung-Business-Konzept-Lizenzfreie-Bilder-300&#215;110.jpg?id=1438) !important;}&#8220;][vc_column 0=&#8220;&#8220;][vc_column_text]<\/p>\n<h2>Vos avantages<\/h2>\n<p>[\/vc_column_text][vc_column_text 0=&#8220;&#8220;]<!--\n\n\n<div style=\"height: 550px; padding-top: 50px;\">\n\n\n<div class=\"box2\">\n\n\n<div class=\"objekt2\">\n\n\n<div class=\"turnaround\">\n\n\n<div class=\"front\">\n\n\n<h1 style=\"margin-top: 200px !important;\">Ihre Vorteile<\/h1>\n\n\n<\/div>\n\n\n\n\n<div class=\"back\"><span style=\"font-size: 16pt;\">Hochschulmarketing aus einer Hand<\/span>\n\u2022\n<span style=\"font-size: 16pt;\">ein Ansprechspartner f\u00fcr alles<\/span>\n\u2022\n<span style=\"font-size: 16pt;\">aufgebautes Netzwerk in ganz Europa<\/span>\n\u2022\n<span style=\"font-size: 16pt;\">langj\u00e4hrige Beziehungen zu Medienanbietern<\/span>\n\u2022\n<span style=\"font-size: 16pt;\">intensiver Kontakt zur Zielgruppe<\/span>\n\u2022\n<span style=\"font-size: 16pt;\">Fachwissen & Marktkenntnisse<\/span>\n\u2022\n<span style=\"font-size: 16pt;\">spezialisiertes Angebot von Online bis Offline Medien<\/span>\n\u2022\n<span style=\"font-size: 16pt;\">effiziente zur Auftragsabwicklung<\/span><\/div>\n\n\n<\/div>\n\n\n<\/div>\n\n\n<\/div>\n\n\n<\/div>\n\n\n--><\/p>\n<table class=\"tableforteile aligncenter\" style=\"width: 900px;\" cellspacing=\"20\">\n<tbody>\n<tr style=\"height: 91px;\">\n<td style=\"width: 450px; height: 91px;\"><img loading=\"lazy\" class=\"alignnone wp-image-1445\" src=\"http:\/\/10.0.0.18\/go\/wp-content\/uploads\/2017\/06\/hand-290x300.png\" alt=\"\" width=\"75\" height=\"77\" srcset=\"https:\/\/www.go-uni.com\/wp-content\/uploads\/2017\/06\/hand-290x300.png 290w, https:\/\/www.go-uni.com\/wp-content\/uploads\/2017\/06\/hand.png 360w\" sizes=\"(max-width: 75px) 100vw, 75px\" \/><span style=\"color: #ffffff;\">Marketing universitaire \u00e0 partir d&#8217;une source unique<\/span><\/td>\n<td style=\"width: 450px; height: 91px;\"><img loading=\"lazy\" class=\"alignnone wp-image-1447\" src=\"http:\/\/10.0.0.18\/go\/wp-content\/uploads\/2017\/06\/european-union-291x300.png\" alt=\"\" width=\"75\" height=\"77\" srcset=\"https:\/\/www.go-uni.com\/wp-content\/uploads\/2017\/06\/european-union-291x300.png 291w, https:\/\/www.go-uni.com\/wp-content\/uploads\/2017\/06\/european-union.png 367w\" sizes=\"(max-width: 75px) 100vw, 75px\" \/><span style=\"color: #ffffff;\">R\u00e9seau existant dans toute l&#8217;Europe<\/span><\/td>\n<\/tr>\n<tr style=\"height: 88px;\">\n<td style=\"width: 450px; height: 91px;\"><img loading=\"lazy\" class=\"alignnone wp-image-1443\" src=\"http:\/\/10.0.0.18\/go\/wp-content\/uploads\/2017\/06\/Idea-Book-300x298.png\" alt=\"\" width=\"75\" height=\"74\" srcset=\"https:\/\/www.go-uni.com\/wp-content\/uploads\/2017\/06\/Idea-Book-300x298.png 300w, https:\/\/www.go-uni.com\/wp-content\/uploads\/2017\/06\/Idea-Book-150x150.png 150w, https:\/\/www.go-uni.com\/wp-content\/uploads\/2017\/06\/Idea-Book.png 399w\" sizes=\"(max-width: 75px) 100vw, 75px\" \/><span style=\"color: #ffffff;\">Expertise et connaissance du march\u00e9<\/span><\/td>\n<td style=\"width: 450px; height: 91px;\"><img loading=\"lazy\" class=\"alignnone wp-image-1440\" src=\"http:\/\/10.0.0.18\/go\/wp-content\/uploads\/2017\/06\/Toos-300x245.png\" alt=\"\" width=\"75\" height=\"61\" srcset=\"https:\/\/www.go-uni.com\/wp-content\/uploads\/2017\/06\/Toos-300x245.png 300w, https:\/\/www.go-uni.com\/wp-content\/uploads\/2017\/06\/Toos.png 396w\" sizes=\"(max-width: 75px) 100vw, 75px\" \/><span class=\"tdcontent\" style=\"color: #ffffff;\">des outils efficaces<\/span><\/td>\n<\/tr>\n<tr style=\"height: 100px;\">\n<td style=\"width: 450px; height: 91px;\"><img loading=\"lazy\" class=\"alignnone wp-image-1442\" src=\"http:\/\/10.0.0.18\/go\/wp-content\/uploads\/2017\/06\/one-finger_1100385-300x295.png\" alt=\"\" width=\"75\" height=\"74\" srcset=\"https:\/\/www.go-uni.com\/wp-content\/uploads\/2017\/06\/one-finger_1100385-300x295.png 300w, https:\/\/www.go-uni.com\/wp-content\/uploads\/2017\/06\/one-finger_1100385-150x150.png 150w, https:\/\/www.go-uni.com\/wp-content\/uploads\/2017\/06\/one-finger_1100385.png 395w\" sizes=\"(max-width: 75px) 100vw, 75px\" \/><span style=\"color: #ffffff;\">Un seul interlocuteur pour tout<\/span><\/td>\n<td style=\"width: 450px; height: 91px;\"><img loading=\"lazy\" class=\"alignnone wp-image-1446\" src=\"http:\/\/10.0.0.18\/go\/wp-content\/uploads\/2017\/06\/Graduate-260x300.png\" alt=\"\" width=\"75\" height=\"86\" srcset=\"https:\/\/www.go-uni.com\/wp-content\/uploads\/2017\/06\/Graduate-260x300.png 260w, https:\/\/www.go-uni.com\/wp-content\/uploads\/2017\/06\/Graduate.png 335w\" sizes=\"(max-width: 75px) 100vw, 75px\" \/><span style=\"color: #ffffff;\">Contact intensif avec le groupe cible<\/span><\/td>\n<\/tr>\n<tr style=\"height: 70.4167px;\">\n<td style=\"width: 450px; height: 91px;\"><img loading=\"lazy\" class=\"alignnone wp-image-1444\" src=\"http:\/\/10.0.0.18\/go\/wp-content\/uploads\/2017\/06\/handshake-300x228.png\" alt=\"\" width=\"75\" height=\"57\" srcset=\"https:\/\/www.go-uni.com\/wp-content\/uploads\/2017\/06\/handshake-300x228.png 300w, https:\/\/www.go-uni.com\/wp-content\/uploads\/2017\/06\/handshake.png 398w\" sizes=\"(max-width: 75px) 100vw, 75px\" \/><span style=\"color: #ffffff;\">Relations de longue date avec les partenaires m\u00e9dias<\/span><\/td>\n<td style=\"width: 450px; height: 91px;\"><img loading=\"lazy\" class=\"alignnone wp-image-1441\" src=\"http:\/\/10.0.0.18\/go\/wp-content\/uploads\/2017\/06\/Social-media-300x292.png\" alt=\"\" width=\"75\" height=\"73\" srcset=\"https:\/\/www.go-uni.com\/wp-content\/uploads\/2017\/06\/Social-media-300x292.png 300w, https:\/\/www.go-uni.com\/wp-content\/uploads\/2017\/06\/Social-media.png 357w\" sizes=\"(max-width: 75px) 100vw, 75px\" \/><span style=\"color: #ffffff;\">offre sp\u00e9cialis\u00e9e des m\u00e9dias en ligne aux m\u00e9dias hors ligne<\/span><\/td>\n<\/tr>\n<\/tbody>\n<\/table>\n<p>&nbsp;<\/p>\n<p>&nbsp;[\/vc_column_text][\/vc_column][\/vc_row][\/vc_section]<\/p>\n","protected":false},"excerpt":{"rendered":"<p>[vc_section 0=&#8220;&#8220;][vc_row full_width=&#8220;stretch_row_content_no_spaces&#8220; content_placement=&#8220;middle&#8220; parallax=&#8220;content-moving&#8220; parallax_image=&#8220;2396&#8243; css=&#8220;.vc_custom_1507036238418{padding-top: 10% !important;padding-right: 15% !important;padding-bottom: 10% !important;padding-left: 15% !important;background-color: #ffffff !important;}&#8220;][vc_column][vc_column_text css_animation=&#8220;fadeInRight&#8220; el_class=&#8220;bannertext&#8220;] Gagnez \u00e0 nouveau du temps et des capacit\u00e9s libres ! \u00a0 [\/vc_column_text][\/vc_column][\/vc_row][vc_row full_width=&#8220;stretch_row_content_no_spaces&#8220; css=&#8220;.vc_custom_1498562915847{background-color: #ffffff !important;}&#8220;][vc_column][vc_column_text css=&#8220;.vc_custom_1634107731304{margin-right: 25px !important;margin-left: 25px !important;}&#8220;] prestations &nbsp;[\/vc_column_text][\/vc_column][\/vc_row][vc_row full_width=&#8220;stretch_row_content_no_spaces&#8220; css=&#8220;.vc_custom_1503586067795{padding-right: 15% !important;padding-left: 15% !important;background-color: #ffffff !important;}&#8220;][vc_column 0=&#8220;&#8220;][vc_column_text 0=&#8220;&#8220;] Soulagement pour vos activit\u00e9s op\u00e9rationnelles <a href=\"https:\/\/www.go-uni.com\/fr\/dienstleistungen\/\"> Read more&#8230;<\/a><\/p>\n","protected":false},"author":1,"featured_media":0,"parent":0,"menu_order":0,"comment_status":"closed","ping_status":"closed","template":"","meta":[],"_links":{"self":[{"href":"https:\/\/www.go-uni.com\/fr\/wp-json\/wp\/v2\/pages\/1620"}],"collection":[{"href":"https:\/\/www.go-uni.com\/fr\/wp-json\/wp\/v2\/pages"}],"about":[{"href":"https:\/\/www.go-uni.com\/fr\/wp-json\/wp\/v2\/types\/page"}],"author":[{"embeddable":true,"href":"https:\/\/www.go-uni.com\/fr\/wp-json\/wp\/v2\/users\/1"}],"replies":[{"embeddable":true,"href":"https:\/\/www.go-uni.com\/fr\/wp-json\/wp\/v2\/comments?post=1620"}],"version-history":[{"count":110,"href":"https:\/\/www.go-uni.com\/fr\/wp-json\/wp\/v2\/pages\/1620\/revisions"}],"predecessor-version":[{"id":2616,"href":"https:\/\/www.go-uni.com\/fr\/wp-json\/wp\/v2\/pages\/1620\/revisions\/2616"}],"wp:attachment":[{"href":"https:\/\/www.go-uni.com\/fr\/wp-json\/wp\/v2\/media?parent=1620"}],"curies":[{"name":"wp","href":"https:\/\/api.w.org\/{rel}","templated":true}]}}