{"id":1682,"date":"2017-08-18T14:07:30","date_gmt":"2017-08-18T12:07:30","guid":{"rendered":"http:\/\/10.0.0.18\/go\/?page_id=1682"},"modified":"2021-09-23T14:31:31","modified_gmt":"2021-09-23T12:31:31","slug":"do-you-have-any-plans-this-afternoon","status":"publish","type":"page","link":"https:\/\/www.go-uni.com\/fr\/fuer-unternehmen\/do-you-have-any-plans-this-afternoon\/","title":{"rendered":"Vous avez quelque chose de pr\u00e9vu cet apr\u00e8s-midi ?"},"content":{"rendered":"<p>[vc_section 0=&#8220;&#8220;][vc_row full_width=&#8220;stretch_row_content_no_spaces&#8220; css=&#8220;.vc_custom_1503058323011{padding-right: 50px !important;padding-left: 50px !important;background-color: #ffffff !important;}&#8220;][vc_column 0=&#8220;&#8220;][vc_column_text 0=&#8220;&#8220;]<\/p>\n<h1>Vous avez quelque chose de pr\u00e9vu cet apr\u00e8s-midi ?<\/h1>\n<hr \/>\n<p>[\/vc_column_text][\/vc_column][\/vc_row][vc_row full_width=&#8220;stretch_row_content_no_spaces&#8220; css=&#8220;.vc_custom_1503058598324{padding-right: 15% !important;padding-left: 15% !important;background-color: #ffffff !important;}&#8220;][vc_column width=&#8220;1\/2&#8243;][vc_column_text 0=&#8220;&#8220;]<\/p>\n<h2>Imaginez que le panneau d&#8217;affichage vous parle&#8230;.<\/h2>\n<p>Les \u00e9tudiants qui se rendent \u00e0 un cours sont abord\u00e9s par un panneau d&#8217;affichage num\u00e9rique. Une sympathique chercheuse s&#8217;adresse en direct du laboratoire aux personnes surprises et les invite spontan\u00e9ment \u00e0 visiter l&#8217;entreprise.<\/p>\n<p>La suite est \u00e0 voir dans la vid\u00e9o Youtube du m\u00eame nom, qui est depuis devenue virale et imparable sur le web.<\/p>\n<p>&nbsp;[\/vc_column_text][\/vc_column][vc_column width=&#8220;1\/2&#8243;][vc_single_image image=&#8220;1612&#8243; img_size=&#8220;medium&#8220; alignment=&#8220;center&#8220; style=&#8220;vc_box_shadow_3d&#8220;][\/vc_column][\/vc_row][vc_row full_width=&#8220;stretch_row_content_no_spaces&#8220; css=&#8220;.vc_custom_1503058738082{padding-right: 15% !important;padding-left: 15% !important;background-color: #f4f4f4 !important;}&#8220;][vc_column 0=&#8220;&#8220;][vc_column_text 0=&#8220;&#8220;]<\/p>\n<h2>Proc\u00e9dure<\/h2>\n<p>Pour ce projet, notre client de l&#8217;industrie pharmaceutique nous a approch\u00e9s avec une id\u00e9e concr\u00e8te. L&#8217;\u00e9quipe de Go ! Uni-Publicit\u00e9 \u00e9tait responsable de la mise en \u0153uvre technique du projet et, dans une premi\u00e8re phase, a trait\u00e9 les exigences de faisabilit\u00e9 technique et a d\u00e9velopp\u00e9 le concept technique de la colonne d&#8217;affichage parlante.<\/p>\n<p>La deuxi\u00e8me phase concernait les connexions full-HD (vid\u00e9o et audio) pour une transmission vid\u00e9o en temps r\u00e9el entre le laboratoire chez le client et le panneau d&#8217;affichage parlant \u00e0 l&#8217;universit\u00e9 des sciences appliqu\u00e9es. Le service des foires et salons a d\u00e9velopp\u00e9 un panneau d&#8217;affichage parlant avec des cadeaux publicitaires (avec d\u00e9clenchement \u00e0 distance) en utilisant les \u00e9l\u00e9ments existants du stand du client. Avant la mise en ligne, des tests intensifs ont compl\u00e9t\u00e9 cette phase.<\/p>\n<p>Pour le jour du tournage lui-m\u00eame, Go ! Uni-Publicit\u00e9 a fourni la construction du stand et la technologie et a ainsi permis la mise en \u0153uvre de l&#8217;id\u00e9e de projet souhait\u00e9e par le client.<\/p>\n<p>&nbsp;[\/vc_column_text][vc_empty_space height=&#8220;80px&#8220;][\/vc_column][\/vc_row][\/vc_section]<\/p>\n","protected":false},"excerpt":{"rendered":"<p>[vc_section 0=&#8220;&#8220;][vc_row full_width=&#8220;stretch_row_content_no_spaces&#8220; css=&#8220;.vc_custom_1503058323011{padding-right: 50px !important;padding-left: 50px !important;background-color: #ffffff !important;}&#8220;][vc_column 0=&#8220;&#8220;][vc_column_text 0=&#8220;&#8220;] Vous avez quelque chose de pr\u00e9vu cet apr\u00e8s-midi ? [\/vc_column_text][\/vc_column][\/vc_row][vc_row full_width=&#8220;stretch_row_content_no_spaces&#8220; css=&#8220;.vc_custom_1503058598324{padding-right: 15% !important;padding-left: 15% !important;background-color: #ffffff !important;}&#8220;][vc_column width=&#8220;1\/2&#8243;][vc_column_text 0=&#8220;&#8220;] Imaginez que le panneau d&#8217;affichage vous parle&#8230;. Les \u00e9tudiants qui se rendent \u00e0 un cours sont abord\u00e9s par un panneau d&#8217;affichage num\u00e9rique. Une sympathique chercheuse <a href=\"https:\/\/www.go-uni.com\/fr\/fuer-unternehmen\/do-you-have-any-plans-this-afternoon\/\"> Read more&#8230;<\/a><\/p>\n","protected":false},"author":1,"featured_media":0,"parent":1016,"menu_order":0,"comment_status":"closed","ping_status":"closed","template":"","meta":[],"_links":{"self":[{"href":"https:\/\/www.go-uni.com\/fr\/wp-json\/wp\/v2\/pages\/1682"}],"collection":[{"href":"https:\/\/www.go-uni.com\/fr\/wp-json\/wp\/v2\/pages"}],"about":[{"href":"https:\/\/www.go-uni.com\/fr\/wp-json\/wp\/v2\/types\/page"}],"author":[{"embeddable":true,"href":"https:\/\/www.go-uni.com\/fr\/wp-json\/wp\/v2\/users\/1"}],"replies":[{"embeddable":true,"href":"https:\/\/www.go-uni.com\/fr\/wp-json\/wp\/v2\/comments?post=1682"}],"version-history":[{"count":6,"href":"https:\/\/www.go-uni.com\/fr\/wp-json\/wp\/v2\/pages\/1682\/revisions"}],"predecessor-version":[{"id":2605,"href":"https:\/\/www.go-uni.com\/fr\/wp-json\/wp\/v2\/pages\/1682\/revisions\/2605"}],"up":[{"embeddable":true,"href":"https:\/\/www.go-uni.com\/fr\/wp-json\/wp\/v2\/pages\/1016"}],"wp:attachment":[{"href":"https:\/\/www.go-uni.com\/fr\/wp-json\/wp\/v2\/media?parent=1682"}],"curies":[{"name":"wp","href":"https:\/\/api.w.org\/{rel}","templated":true}]}}