{"id":1686,"date":"2017-08-18T14:27:43","date_gmt":"2017-08-18T12:27:43","guid":{"rendered":"http:\/\/10.0.0.18\/go\/?page_id=1686"},"modified":"2021-09-22T11:08:36","modified_gmt":"2021-09-22T09:08:36","slug":"attraktiver-hochschul-mediamix","status":"publish","type":"page","link":"https:\/\/www.go-uni.com\/fr\/fuer-unternehmen\/attraktiver-hochschul-mediamix\/","title":{"rendered":"Un mix m\u00e9dia universitaire attractif"},"content":{"rendered":"<p>[vc_section 0=&#8220;&#8220;][vc_row full_width=&#8220;stretch_row_content_no_spaces&#8220; css=&#8220;.vc_custom_1503059389877{border-right-width: 5px !important;padding-left: 50px !important;background-color: #ffffff !important;}&#8220;][vc_column 0=&#8220;&#8220;][vc_column_text 0=&#8220;&#8220;]<\/p>\n<h1>Un mix m\u00e9dia universitaire attractif<\/h1>\n<hr \/>\n<p>[\/vc_column_text][\/vc_column][\/vc_row][vc_row full_width=&#8220;stretch_row_content_no_spaces&#8220; css=&#8220;.vc_custom_1503059424978{padding-right: 15% !important;padding-left: 15% !important;background-color: #ffffff !important;}&#8220;][vc_column width=&#8220;1\/2&#8243;][vc_column_text 0=&#8220;&#8220;]<\/p>\n<h2>Au niveau des yeux du groupe cible<\/h2>\n<p>Que ce soit avec des affiches accrocheuses, des publicit\u00e9s informatives dans les magazines \u00e9tudiants ou des banni\u00e8res fixes sur les portails \u00e9tudiants : L&#8217;Office f\u00e9d\u00e9ral du personnel \u00e0 Berne attire l&#8217;attention des \u00e9tudiants sur vos salons de l&#8217;emploi dans les universit\u00e9s de diff\u00e9rentes mani\u00e8res. Leur objectif est de convaincre les jeunes en personne lors des foires et de leur donner un aper\u00e7u de l&#8217;entreprise. Aucun m\u00e9dia ne peut remplacer le contact direct de personne \u00e0 personne.[\/vc_column_text][\/vc_column][vc_column width=&#8220;1\/2&#8243;][vc_single_image image=&#8220;1693&#8243; img_size=&#8220;medium&#8220; alignment=&#8220;center&#8220; style=&#8220;vc_box_shadow_3d&#8220; onclick=&#8220;img_link_large&#8220;][\/vc_column][\/vc_row][vc_row full_width=&#8220;stretch_row_content_no_spaces&#8220; css=&#8220;.vc_custom_1503059584998{padding-right: 15% !important;padding-left: 15% !important;background-color: #f4f4f4 !important;}&#8220;][vc_column width=&#8220;1\/2&#8243;][vc_single_image image=&#8220;1694&#8243; img_size=&#8220;medium&#8220; alignment=&#8220;center&#8220; style=&#8220;vc_box_shadow_3d&#8220; onclick=&#8220;img_link_large&#8220; css=&#8220;.vc_custom_1503060398891{padding-top: 60px !important;}&#8220;][\/vc_column][vc_column width=&#8220;1\/2&#8243;][vc_column_text 0=&#8220;&#8220;]<\/p>\n<h2><b>Proc\u00e9dure<\/b><\/h2>\n<p>Afin de respecter les d\u00e9lais m\u00e9diatiques ainsi que le budget du client, Go ! Uni-Publicit\u00e9 SA \u00e9labore un plan m\u00e9diatique et de production sur mesure. Cela permet \u00e0 l&#8217;OEB d&#8217;avoir une vue d&#8217;ensemble de toute la campagne. Des \u00e9tudiants externes \u00e0 temps partiel accrochent les affiches sur les panneaux d&#8217;affichage souhait\u00e9s selon le calendrier pr\u00e9vu et les v\u00e9rifient quotidiennement. En contrepartie, les partenaires m\u00e9dias de longue date de Go ! Uni-Publicit\u00e9 placent les publicit\u00e9s sur les meilleures pages possibles. De cette mani\u00e8re, l&#8217;Office f\u00e9d\u00e9ral du personnel attire votre groupe cible et le convainc personnellement de votre concept.[\/vc_column_text][\/vc_column][\/vc_row][\/vc_section]<\/p>\n","protected":false},"excerpt":{"rendered":"<p>[vc_section 0=&#8220;&#8220;][vc_row full_width=&#8220;stretch_row_content_no_spaces&#8220; css=&#8220;.vc_custom_1503059389877{border-right-width: 5px !important;padding-left: 50px !important;background-color: #ffffff !important;}&#8220;][vc_column 0=&#8220;&#8220;][vc_column_text 0=&#8220;&#8220;] Un mix m\u00e9dia universitaire attractif [\/vc_column_text][\/vc_column][\/vc_row][vc_row full_width=&#8220;stretch_row_content_no_spaces&#8220; css=&#8220;.vc_custom_1503059424978{padding-right: 15% !important;padding-left: 15% !important;background-color: #ffffff !important;}&#8220;][vc_column width=&#8220;1\/2&#8243;][vc_column_text 0=&#8220;&#8220;] Au niveau des yeux du groupe cible Que ce soit avec des affiches accrocheuses, des publicit\u00e9s informatives dans les magazines \u00e9tudiants ou des banni\u00e8res fixes sur les portails \u00e9tudiants <a href=\"https:\/\/www.go-uni.com\/fr\/fuer-unternehmen\/attraktiver-hochschul-mediamix\/\"> Read more&#8230;<\/a><\/p>\n","protected":false},"author":1,"featured_media":0,"parent":1016,"menu_order":0,"comment_status":"closed","ping_status":"closed","template":"","meta":[],"_links":{"self":[{"href":"https:\/\/www.go-uni.com\/fr\/wp-json\/wp\/v2\/pages\/1686"}],"collection":[{"href":"https:\/\/www.go-uni.com\/fr\/wp-json\/wp\/v2\/pages"}],"about":[{"href":"https:\/\/www.go-uni.com\/fr\/wp-json\/wp\/v2\/types\/page"}],"author":[{"embeddable":true,"href":"https:\/\/www.go-uni.com\/fr\/wp-json\/wp\/v2\/users\/1"}],"replies":[{"embeddable":true,"href":"https:\/\/www.go-uni.com\/fr\/wp-json\/wp\/v2\/comments?post=1686"}],"version-history":[{"count":8,"href":"https:\/\/www.go-uni.com\/fr\/wp-json\/wp\/v2\/pages\/1686\/revisions"}],"predecessor-version":[{"id":2604,"href":"https:\/\/www.go-uni.com\/fr\/wp-json\/wp\/v2\/pages\/1686\/revisions\/2604"}],"up":[{"embeddable":true,"href":"https:\/\/www.go-uni.com\/fr\/wp-json\/wp\/v2\/pages\/1016"}],"wp:attachment":[{"href":"https:\/\/www.go-uni.com\/fr\/wp-json\/wp\/v2\/media?parent=1686"}],"curies":[{"name":"wp","href":"https:\/\/api.w.org\/{rel}","templated":true}]}}