{"id":1696,"date":"2017-08-18T15:00:49","date_gmt":"2017-08-18T13:00:49","guid":{"rendered":"http:\/\/10.0.0.18\/go\/?page_id=1696"},"modified":"2021-09-23T14:52:18","modified_gmt":"2021-09-23T12:52:18","slug":"persoenlicher-hsg-raum","status":"publish","type":"page","link":"https:\/\/www.go-uni.com\/fr\/fuer-unternehmen\/persoenlicher-hsg-raum\/","title":{"rendered":"Salle d&#8217;HSG personnelle"},"content":{"rendered":"<p>[vc_section][vc_row full_width=&#8220;stretch_row_content_no_spaces&#8220; css=&#8220;.vc_custom_1503061876274{padding-right: 50px !important;padding-left: 50px !important;background-color: #ffffff !important;}&#8220;][vc_column][vc_column_text]<\/p>\n<h1>Salle d&#8217;HSG personnelle<\/h1>\n<hr \/>\n<p>[\/vc_column_text][\/vc_column][\/vc_row][vc_row full_width=&#8220;stretch_row_content_no_spaces&#8220; css=&#8220;.vc_custom_1503061895215{padding-right: 15% !important;padding-left: 15% !important;background-color: #ffffff !important;}&#8220;][vc_column width=&#8220;1\/2&#8243;][vc_column_text]<\/p>\n<h2>Dans le subconscient du groupe cible<\/h2>\n<p>Une marque qui est per\u00e7ue plusieurs fois par jour fait le saut dans le subconscient. Et si cette perception est li\u00e9e \u00e0 des \u00e9motions positives en tant qu&#8217;employeur potentiel, alors la marque employeur est de premier ordre.<\/p>\n<p>Les coll\u00e8ges et les universit\u00e9s ont peu d&#8217;occasions de se pr\u00e9senter de mani\u00e8re aussi positive \u00e0 long terme \u00e0 des conditions abordables.<\/p>\n<p>&nbsp;[\/vc_column_text][\/vc_column][vc_column width=&#8220;1\/2&#8243;][vc_single_image image=&#8220;1688&#8243; img_size=&#8220;medium&#8220; alignment=&#8220;center&#8220; style=&#8220;vc_box_shadow_3d&#8220; onclick=&#8220;img_link_large&#8220;][\/vc_column][\/vc_row][vc_row full_width=&#8220;stretch_row_content_no_spaces&#8220; css=&#8220;.vc_custom_1503061905197{padding-right: 15% !important;padding-left: 15% !important;background-color: #f4f4f4 !important;}&#8220;][vc_column width=&#8220;1\/2&#8243;][vc_single_image image=&#8220;1689&#8243; img_size=&#8220;medium&#8220; alignment=&#8220;center&#8220; style=&#8220;vc_box_shadow_3d&#8220; onclick=&#8220;img_link_large&#8220; css=&#8220;.vc_custom_1503061710051{padding-top: 60px !important;}&#8220;][\/vc_column][vc_column width=&#8220;1\/2&#8243;][vc_column_text]<\/p>\n<h2>Proc\u00e9dure<\/h2>\n<p>Pour certains de nos clients, comme Accentue, Glencore, ifb, KPMG, Die Post, SAP, Swisscom ou Unilever, nous avons mis en \u0153uvre avec succ\u00e8s le concept de parrainage de salle \u00e0 l&#8217;Universit\u00e9 de Saint-Gall. Il s&#8217;agit pour les entreprises innovantes de parrainer pendant plusieurs ann\u00e9es des salles de s\u00e9minaire ou de travail de groupe tr\u00e8s utilis\u00e9es. Ces parrainages d&#8217;espaces permettent de se pr\u00e9senter comme un employeur positif \u00e0 long terme et d&#8217;ancrer positivement sa propre marque employeur dans le subconscient du groupe cible au quotidien.[\/vc_column_text][\/vc_column][\/vc_row][\/vc_section]<\/p>\n","protected":false},"excerpt":{"rendered":"<p>[vc_section][vc_row full_width=&#8220;stretch_row_content_no_spaces&#8220; css=&#8220;.vc_custom_1503061876274{padding-right: 50px !important;padding-left: 50px !important;background-color: #ffffff !important;}&#8220;][vc_column][vc_column_text] Salle d&#8217;HSG personnelle [\/vc_column_text][\/vc_column][\/vc_row][vc_row full_width=&#8220;stretch_row_content_no_spaces&#8220; css=&#8220;.vc_custom_1503061895215{padding-right: 15% !important;padding-left: 15% !important;background-color: #ffffff !important;}&#8220;][vc_column width=&#8220;1\/2&#8243;][vc_column_text] Dans le subconscient du groupe cible Une marque qui est per\u00e7ue plusieurs fois par jour fait le saut dans le subconscient. Et si cette perception est li\u00e9e \u00e0 des \u00e9motions positives en tant qu&#8217;employeur potentiel, <a href=\"https:\/\/www.go-uni.com\/fr\/fuer-unternehmen\/persoenlicher-hsg-raum\/\"> Read more&#8230;<\/a><\/p>\n","protected":false},"author":1,"featured_media":0,"parent":1016,"menu_order":0,"comment_status":"closed","ping_status":"closed","template":"","meta":[],"_links":{"self":[{"href":"https:\/\/www.go-uni.com\/fr\/wp-json\/wp\/v2\/pages\/1696"}],"collection":[{"href":"https:\/\/www.go-uni.com\/fr\/wp-json\/wp\/v2\/pages"}],"about":[{"href":"https:\/\/www.go-uni.com\/fr\/wp-json\/wp\/v2\/types\/page"}],"author":[{"embeddable":true,"href":"https:\/\/www.go-uni.com\/fr\/wp-json\/wp\/v2\/users\/1"}],"replies":[{"embeddable":true,"href":"https:\/\/www.go-uni.com\/fr\/wp-json\/wp\/v2\/comments?post=1696"}],"version-history":[{"count":7,"href":"https:\/\/www.go-uni.com\/fr\/wp-json\/wp\/v2\/pages\/1696\/revisions"}],"predecessor-version":[{"id":2607,"href":"https:\/\/www.go-uni.com\/fr\/wp-json\/wp\/v2\/pages\/1696\/revisions\/2607"}],"up":[{"embeddable":true,"href":"https:\/\/www.go-uni.com\/fr\/wp-json\/wp\/v2\/pages\/1016"}],"wp:attachment":[{"href":"https:\/\/www.go-uni.com\/fr\/wp-json\/wp\/v2\/media?parent=1696"}],"curies":[{"name":"wp","href":"https:\/\/api.w.org\/{rel}","templated":true}]}}