{"id":1702,"date":"2017-08-18T15:22:29","date_gmt":"2017-08-18T13:22:29","guid":{"rendered":"http:\/\/10.0.0.18\/go\/?page_id=1702"},"modified":"2021-09-23T15:59:13","modified_gmt":"2021-09-23T13:59:13","slug":"mit-klassischer-werbung-zum-ziel","status":"publish","type":"page","link":"https:\/\/www.go-uni.com\/fr\/fuer-hochschulen\/mit-klassischer-werbung-zum-ziel\/","title":{"rendered":"Atteindre l&#8217;objectif avec la publicit\u00e9 classique"},"content":{"rendered":"<p>[vc_section 0=&#8220;&#8220;][vc_row full_width=&#8220;stretch_row_content_no_spaces&#8220; css=&#8220;.vc_custom_1503062612381{padding-right: 50px !important;padding-left: 50px !important;background-color: #ffffff !important;}&#8220;][vc_column 0=&#8220;&#8220;][vc_column_text 0=&#8220;&#8220;]<\/p>\n<h1>Atteindre l&#8217;objectif avec la publicit\u00e9 classique<\/h1>\n<hr \/>\n<p>[\/vc_column_text][\/vc_column][\/vc_row][vc_row full_width=&#8220;stretch_row_content_no_spaces&#8220; css=&#8220;.vc_custom_1503062683185{padding-right: 15% !important;padding-left: 15% !important;background-color: #ffffff !important;}&#8220;][vc_column width=&#8220;1\/2&#8243;][vc_column_text 0=&#8220;&#8220;]<\/p>\n<h2 class=\"western\">Une mixit\u00e9 universitaire \u00e0 ne pas n\u00e9gliger<\/h2>\n<p class=\"western\">Afin de couvrir le large \u00e9ventail de programmes de master et de sensibiliser les jeunes \u00e0 cette offre, l&#8217;Universita della Svizzera Italiana convainc les \u00e9tudiants de vos programmes de dipl\u00f4me lors de journ\u00e9es d&#8217;information. Mais comment l&#8217;USI fait-elle passer le message au groupe cible ? Avec des affiches expressives et des publicit\u00e9s accrocheuses, l&#8217;universit\u00e9 suscite l&#8217;int\u00e9r\u00eat des \u00e9tudiants.<\/p>\n<p>[\/vc_column_text][\/vc_column][vc_column width=&#8220;1\/2&#8243;][vc_single_image image=&#8220;1704&#8243; img_size=&#8220;medium&#8220; alignment=&#8220;center&#8220; style=&#8220;vc_box_shadow_3d&#8220; onclick=&#8220;img_link_large&#8220;][\/vc_column][\/vc_row][vc_row full_width=&#8220;stretch_row_content_no_spaces&#8220; css=&#8220;.vc_custom_1503063033383{padding-right: 15% !important;padding-left: 15% !important;background-color: #f4f4f4 !important;}&#8220;][vc_column width=&#8220;1\/2&#8243;][vc_single_image image=&#8220;1705&#8243; img_size=&#8220;medium&#8220; alignment=&#8220;center&#8220; style=&#8220;vc_box_shadow_3d&#8220; onclick=&#8220;img_link_large&#8220; css=&#8220;.vc_custom_1503063008228{padding-top: 60px !important;}&#8220;][\/vc_column][vc_column width=&#8220;1\/2&#8243;][vc_column_text 0=&#8220;&#8220;]<\/p>\n<h2 class=\"western\"><b>Proc\u00e9dure<\/b><\/h2>\n<p class=\"western\">Pour garantir le bon d\u00e9roulement de la campagne en plusieurs \u00e9tapes, le respect des d\u00e9lais est un point crucial. Go ! Uni-Publicit\u00e9 contr\u00f4le les dates et les rappelle au client. Les \u00e9tudiants externes \u00e0 temps partiel accrochent les affiches dans les endroits les plus fr\u00e9quent\u00e9s et v\u00e9rifient leur affiche quotidiennement. Les partenaires m\u00e9dias de Go ! Uni-Publicit\u00e9 placent la publicit\u00e9 sur la meilleure page possible de votre magazine.<\/p>\n<p>[\/vc_column_text][\/vc_column][\/vc_row][\/vc_section]<\/p>\n","protected":false},"excerpt":{"rendered":"<p>[vc_section 0=&#8220;&#8220;][vc_row full_width=&#8220;stretch_row_content_no_spaces&#8220; css=&#8220;.vc_custom_1503062612381{padding-right: 50px !important;padding-left: 50px !important;background-color: #ffffff !important;}&#8220;][vc_column 0=&#8220;&#8220;][vc_column_text 0=&#8220;&#8220;] Atteindre l&#8217;objectif avec la publicit\u00e9 classique [\/vc_column_text][\/vc_column][\/vc_row][vc_row full_width=&#8220;stretch_row_content_no_spaces&#8220; css=&#8220;.vc_custom_1503062683185{padding-right: 15% !important;padding-left: 15% !important;background-color: #ffffff !important;}&#8220;][vc_column width=&#8220;1\/2&#8243;][vc_column_text 0=&#8220;&#8220;] Une mixit\u00e9 universitaire \u00e0 ne pas n\u00e9gliger Afin de couvrir le large \u00e9ventail de programmes de master et de sensibiliser les jeunes \u00e0 cette offre, l&#8217;Universita della Svizzera <a href=\"https:\/\/www.go-uni.com\/fr\/fuer-hochschulen\/mit-klassischer-werbung-zum-ziel\/\"> Read more&#8230;<\/a><\/p>\n","protected":false},"author":1,"featured_media":0,"parent":1023,"menu_order":0,"comment_status":"closed","ping_status":"closed","template":"","meta":[],"_links":{"self":[{"href":"https:\/\/www.go-uni.com\/fr\/wp-json\/wp\/v2\/pages\/1702"}],"collection":[{"href":"https:\/\/www.go-uni.com\/fr\/wp-json\/wp\/v2\/pages"}],"about":[{"href":"https:\/\/www.go-uni.com\/fr\/wp-json\/wp\/v2\/types\/page"}],"author":[{"embeddable":true,"href":"https:\/\/www.go-uni.com\/fr\/wp-json\/wp\/v2\/users\/1"}],"replies":[{"embeddable":true,"href":"https:\/\/www.go-uni.com\/fr\/wp-json\/wp\/v2\/comments?post=1702"}],"version-history":[{"count":7,"href":"https:\/\/www.go-uni.com\/fr\/wp-json\/wp\/v2\/pages\/1702\/revisions"}],"predecessor-version":[{"id":2612,"href":"https:\/\/www.go-uni.com\/fr\/wp-json\/wp\/v2\/pages\/1702\/revisions\/2612"}],"up":[{"embeddable":true,"href":"https:\/\/www.go-uni.com\/fr\/wp-json\/wp\/v2\/pages\/1023"}],"wp:attachment":[{"href":"https:\/\/www.go-uni.com\/fr\/wp-json\/wp\/v2\/media?parent=1702"}],"curies":[{"name":"wp","href":"https:\/\/api.w.org\/{rel}","templated":true}]}}