{"id":1708,"date":"2017-08-18T15:34:04","date_gmt":"2017-08-18T13:34:04","guid":{"rendered":"http:\/\/10.0.0.18\/go\/?page_id=1708"},"modified":"2021-09-23T15:44:52","modified_gmt":"2021-09-23T13:44:52","slug":"dank-schluesselfundmarken-mit-ihrer-zielgruppe-unterwegs","status":"publish","type":"page","link":"https:\/\/www.go-uni.com\/fr\/fuer-hochschulen\/dank-schluesselfundmarken-mit-ihrer-zielgruppe-unterwegs\/","title":{"rendered":"En mouvement avec votre groupe cible gr\u00e2ce \u00e0 des trouvailles cl\u00e9s"},"content":{"rendered":"<p>[vc_section][vc_row full_width=&#8220;stretch_row_content_no_spaces&#8220; css=&#8220;.vc_custom_1503063520354{padding-right: 50px !important;padding-left: 50px !important;background-color: #ffffff !important;}&#8220;][vc_column][vc_column_text]<\/p>\n<h1>En mouvement avec votre groupe cible gr\u00e2ce \u00e0 des trouvailles cl\u00e9s<\/h1>\n<hr \/>\n<p>[\/vc_column_text][\/vc_column][\/vc_row][vc_row full_width=&#8220;stretch_row_content_no_spaces&#8220; css=&#8220;.vc_custom_1503063586008{padding-right: 15% !important;padding-left: 15% !important;background-color: #ffffff !important;}&#8220;][vc_column width=&#8220;1\/2&#8243;][vc_column_text]<\/p>\n<h2 class=\"western\">Accompagnement fid\u00e8le de votre groupe cible<\/h2>\n<p>Le groupe cible de la Haute \u00e9cole p\u00e9dagogique de Saint-Gall \u00e9tant tr\u00e8s h\u00e9t\u00e9rog\u00e8ne en raison des diff\u00e9rents cours et des diverses parties prenantes, le choix des mesures de marketing appropri\u00e9es a constitu\u00e9 un d\u00e9fi.<\/p>\n<p>En tant que partenaire externe, Go ! Uni-Publicit\u00e9 a \u00e9t\u00e9 charg\u00e9 d&#8217;examiner les activit\u00e9s existantes et d&#8217;introduire de nouvelles id\u00e9es durables. Finalement, l&#8217;universit\u00e9 a opt\u00e9 pour des marques cl\u00e9s trouv\u00e9es.<\/p>\n<p>&nbsp;[\/vc_column_text][\/vc_column][vc_column width=&#8220;1\/2&#8243;][vc_single_image image=&#8220;1710&#8243; img_size=&#8220;medium&#8220; alignment=&#8220;center&#8220; style=&#8220;vc_box_shadow_3d&#8220; onclick=&#8220;img_link_large&#8220;][\/vc_column][\/vc_row][vc_row full_width=&#8220;stretch_row_content_no_spaces&#8220; css=&#8220;.vc_custom_1503063786691{padding-right: 15% !important;padding-left: 15% !important;background-color: #f4f4f4 !important;}&#8220;][vc_column width=&#8220;1\/2&#8243;][vc_single_image image=&#8220;1711&#8243; img_size=&#8220;medium&#8220; alignment=&#8220;center&#8220; style=&#8220;vc_box_shadow_3d&#8220; onclick=&#8220;img_link_large&#8220; css=&#8220;.vc_custom_1503063766798{padding-top: 60px !important;}&#8220;][\/vc_column][vc_column width=&#8220;1\/2&#8243;][vc_column_text]<\/p>\n<h2 class=\"western\"><span style=\"font-family: DaxWide-Regular,serif;\"><b>Proc\u00e9dure<\/b><\/span><\/h2>\n<p>Le point de d\u00e9part de l&#8217;id\u00e9e des &#8222;Timbres Fonds Cl\u00e9s&#8220; est un nouveau cadeau durable avec un effet \u00e0 long terme. Go ! Uni-Publicit\u00e9 a mis en place son propre service de key-fund pour la PHSG, o\u00f9 le client remet des jetons de key-fund de marque pour les distribuer \u00e0 son groupe cible. Allez-y ! Uni-Werbung a programm\u00e9 et entretient le site web du service, produit les jetons d&#8217;objets trouv\u00e9s et g\u00e8re l&#8217;ensemble du service des objets trouv\u00e9s pour la PHSG.<\/p>\n<p>Le jeton des objets trouv\u00e9s est accroch\u00e9 au porte-cl\u00e9s des personnes du groupe cible pendant une p\u00e9riode de trois ans et permet ainsi d&#8217;entrer en contact avec la marque de l&#8217;universit\u00e9 plusieurs fois par jour \u00e0 des prix de contact extr\u00eamement avantageux.<\/p>\n<p>&nbsp;[\/vc_column_text][\/vc_column][\/vc_row][\/vc_section]<\/p>\n","protected":false},"excerpt":{"rendered":"<p>[vc_section][vc_row full_width=&#8220;stretch_row_content_no_spaces&#8220; css=&#8220;.vc_custom_1503063520354{padding-right: 50px !important;padding-left: 50px !important;background-color: #ffffff !important;}&#8220;][vc_column][vc_column_text] En mouvement avec votre groupe cible gr\u00e2ce \u00e0 des trouvailles cl\u00e9s [\/vc_column_text][\/vc_column][\/vc_row][vc_row full_width=&#8220;stretch_row_content_no_spaces&#8220; css=&#8220;.vc_custom_1503063586008{padding-right: 15% !important;padding-left: 15% !important;background-color: #ffffff !important;}&#8220;][vc_column width=&#8220;1\/2&#8243;][vc_column_text] Accompagnement fid\u00e8le de votre groupe cible Le groupe cible de la Haute \u00e9cole p\u00e9dagogique de Saint-Gall \u00e9tant tr\u00e8s h\u00e9t\u00e9rog\u00e8ne en raison des diff\u00e9rents cours et des diverses <a href=\"https:\/\/www.go-uni.com\/fr\/fuer-hochschulen\/dank-schluesselfundmarken-mit-ihrer-zielgruppe-unterwegs\/\"> Read more&#8230;<\/a><\/p>\n","protected":false},"author":1,"featured_media":0,"parent":1023,"menu_order":0,"comment_status":"closed","ping_status":"closed","template":"","meta":[],"_links":{"self":[{"href":"https:\/\/www.go-uni.com\/fr\/wp-json\/wp\/v2\/pages\/1708"}],"collection":[{"href":"https:\/\/www.go-uni.com\/fr\/wp-json\/wp\/v2\/pages"}],"about":[{"href":"https:\/\/www.go-uni.com\/fr\/wp-json\/wp\/v2\/types\/page"}],"author":[{"embeddable":true,"href":"https:\/\/www.go-uni.com\/fr\/wp-json\/wp\/v2\/users\/1"}],"replies":[{"embeddable":true,"href":"https:\/\/www.go-uni.com\/fr\/wp-json\/wp\/v2\/comments?post=1708"}],"version-history":[{"count":5,"href":"https:\/\/www.go-uni.com\/fr\/wp-json\/wp\/v2\/pages\/1708\/revisions"}],"predecessor-version":[{"id":2611,"href":"https:\/\/www.go-uni.com\/fr\/wp-json\/wp\/v2\/pages\/1708\/revisions\/2611"}],"up":[{"embeddable":true,"href":"https:\/\/www.go-uni.com\/fr\/wp-json\/wp\/v2\/pages\/1023"}],"wp:attachment":[{"href":"https:\/\/www.go-uni.com\/fr\/wp-json\/wp\/v2\/media?parent=1708"}],"curies":[{"name":"wp","href":"https:\/\/api.w.org\/{rel}","templated":true}]}}