{"id":1714,"date":"2017-08-18T15:48:26","date_gmt":"2017-08-18T13:48:26","guid":{"rendered":"http:\/\/10.0.0.18\/go\/?page_id=1714"},"modified":"2021-09-23T15:37:44","modified_gmt":"2021-09-23T13:37:44","slug":"auffallende-plakate-an-zentralen-schwarzen-brettern","status":"publish","type":"page","link":"https:\/\/www.go-uni.com\/fr\/fuer-hochschulen\/auffallende-plakate-an-zentralen-schwarzen-brettern\/","title":{"rendered":"Des affiches accrocheuses sur les panneaux d&#8217;affichage centraux"},"content":{"rendered":"<p>[vc_section][vc_row full_width=&#8220;stretch_row_content_no_spaces&#8220; css=&#8220;.vc_custom_1503064163256{padding-right: 50px !important;padding-left: 50px !important;background-color: #ffffff !important;}&#8220;][vc_column][vc_column_text]<\/p>\n<h1 class=\"western\">Des affiches accrocheuses sur les panneaux d&#8217;affichage centraux<\/h1>\n<hr \/>\n<p>[\/vc_column_text][\/vc_column][\/vc_row][vc_row full_width=&#8220;stretch_row_content_no_spaces&#8220; css=&#8220;.vc_custom_1503064219322{padding-right: 15% !important;padding-left: 15% !important;background-color: #ffffff !important;}&#8220;][vc_column width=&#8220;1\/2&#8243;][vc_column_text]<\/p>\n<h2 class=\"western\">Au niveau des yeux du groupe cible<\/h2>\n<p class=\"western\">Conqu\u00e9rir des jeunes pour votre Master en sciences de la sant\u00e9 &#8211; c&#8217;est ce que veut l&#8217;Universit\u00e9 de Lucerne. Elle veut offrir \u00e0 son groupe cible un cursus exceptionnel et a choisi les panneaux d&#8217;affichage tr\u00e8s fr\u00e9quent\u00e9s. Avec ses affiches roses, l&#8217;universit\u00e9 est chaque ann\u00e9e dans le champ de vision de votre groupe cible.<\/p>\n<p>[\/vc_column_text][\/vc_column][vc_column width=&#8220;1\/2&#8243;][vc_single_image image=&#8220;1716&#8243; img_size=&#8220;medium&#8220; alignment=&#8220;center&#8220; style=&#8220;vc_box_shadow_3d&#8220; onclick=&#8220;img_link_large&#8220;][\/vc_column][\/vc_row][vc_row full_width=&#8220;stretch_row_content_no_spaces&#8220; css=&#8220;.vc_custom_1503064406051{padding-right: 15% !important;padding-left: 15% !important;background-color: #f4f4f4 !important;}&#8220;][vc_column width=&#8220;1\/2&#8243;][vc_single_image image=&#8220;1717&#8243; img_size=&#8220;medium&#8220; alignment=&#8220;center&#8220; style=&#8220;vc_box_shadow_3d&#8220; onclick=&#8220;img_link_large&#8220; css=&#8220;.vc_custom_1503064442072{padding-top: 60px !important;}&#8220;][\/vc_column][vc_column width=&#8220;1\/2&#8243;][vc_column_text]<\/p>\n<h2 class=\"western\"><b>Proc\u00e9dure<\/b><\/h2>\n<p class=\"western\">Dans la premi\u00e8re phase, Go ! Unu-Publicit\u00e9 informe votre \u00e9quipe externe. Les membres de l&#8217;\u00e9quipe externe sont des \u00e9tudiants qui \u00e9tudient dans les universit\u00e9s respectives. Ils re\u00e7oivent par courrier les affiches du client, qu&#8217;ils placent ensuite sur les panneaux d&#8217;affichage dans les d\u00e9lais pr\u00e9vus. Au cours de la campagne, le client re\u00e7oit un reportage photo du travail en cours. Avec des affiches accrocheuses sur les panneaux d&#8217;affichage, l&#8217;Universit\u00e9 de Lucerne est proche de votre groupe cible.<\/p>\n<p>[\/vc_column_text][\/vc_column][\/vc_row][\/vc_section]<\/p>\n","protected":false},"excerpt":{"rendered":"<p>[vc_section][vc_row full_width=&#8220;stretch_row_content_no_spaces&#8220; css=&#8220;.vc_custom_1503064163256{padding-right: 50px !important;padding-left: 50px !important;background-color: #ffffff !important;}&#8220;][vc_column][vc_column_text] Des affiches accrocheuses sur les panneaux d&#8217;affichage centraux [\/vc_column_text][\/vc_column][\/vc_row][vc_row full_width=&#8220;stretch_row_content_no_spaces&#8220; css=&#8220;.vc_custom_1503064219322{padding-right: 15% !important;padding-left: 15% !important;background-color: #ffffff !important;}&#8220;][vc_column width=&#8220;1\/2&#8243;][vc_column_text] Au niveau des yeux du groupe cible Conqu\u00e9rir des jeunes pour votre Master en sciences de la sant\u00e9 &#8211; c&#8217;est ce que veut l&#8217;Universit\u00e9 de Lucerne. Elle veut offrir \u00e0 <a href=\"https:\/\/www.go-uni.com\/fr\/fuer-hochschulen\/auffallende-plakate-an-zentralen-schwarzen-brettern\/\"> Read more&#8230;<\/a><\/p>\n","protected":false},"author":1,"featured_media":0,"parent":1023,"menu_order":0,"comment_status":"closed","ping_status":"closed","template":"","meta":[],"_links":{"self":[{"href":"https:\/\/www.go-uni.com\/fr\/wp-json\/wp\/v2\/pages\/1714"}],"collection":[{"href":"https:\/\/www.go-uni.com\/fr\/wp-json\/wp\/v2\/pages"}],"about":[{"href":"https:\/\/www.go-uni.com\/fr\/wp-json\/wp\/v2\/types\/page"}],"author":[{"embeddable":true,"href":"https:\/\/www.go-uni.com\/fr\/wp-json\/wp\/v2\/users\/1"}],"replies":[{"embeddable":true,"href":"https:\/\/www.go-uni.com\/fr\/wp-json\/wp\/v2\/comments?post=1714"}],"version-history":[{"count":9,"href":"https:\/\/www.go-uni.com\/fr\/wp-json\/wp\/v2\/pages\/1714\/revisions"}],"predecessor-version":[{"id":2610,"href":"https:\/\/www.go-uni.com\/fr\/wp-json\/wp\/v2\/pages\/1714\/revisions\/2610"}],"up":[{"embeddable":true,"href":"https:\/\/www.go-uni.com\/fr\/wp-json\/wp\/v2\/pages\/1023"}],"wp:attachment":[{"href":"https:\/\/www.go-uni.com\/fr\/wp-json\/wp\/v2\/media?parent=1714"}],"curies":[{"name":"wp","href":"https:\/\/api.w.org\/{rel}","templated":true}]}}