{"id":1720,"date":"2017-08-18T15:59:59","date_gmt":"2017-08-18T13:59:59","guid":{"rendered":"http:\/\/10.0.0.18\/go\/?page_id=1720"},"modified":"2021-09-14T15:32:46","modified_gmt":"2021-09-14T13:32:46","slug":"hohe-praesenz-in-der-italienischen-stadt-pisa","status":"publish","type":"page","link":"https:\/\/www.go-uni.com\/fr\/fuer-agenturen\/hohe-praesenz-in-der-italienischen-stadt-pisa\/","title":{"rendered":"Forte pr\u00e9sence dans la ville italienne de Pise"},"content":{"rendered":"<p>[vc_section][vc_row full_width=&#8220;stretch_row_content_no_spaces&#8220; css=&#8220;.vc_custom_1503064858411{padding-right: 50px !important;padding-left: 50px !important;background-color: #ffffff !important;}&#8220;][vc_column][vc_column_text]<\/p>\n<h1>Forte pr\u00e9sence dans la ville italienne de Pise<\/h1>\n<hr \/>\n<p>[\/vc_column_text][\/vc_column][\/vc_row][vc_row full_width=&#8220;stretch_row_content_no_spaces&#8220; css=&#8220;.vc_custom_1503064918600{padding-right: 15% !important;padding-left: 15% !important;background-color: #ffffff !important;}&#8220;][vc_column width=&#8220;1\/2&#8243;][vc_column_text]<\/p>\n<h2>Les \u00e9tudiants italiens sont tr\u00e8s demand\u00e9s<\/h2>\n<p>Employer des \u00e9tudiants italiens de la ville de Pise dans leur entreprise &#8211; tel \u00e9tait l&#8217;objectif de Fraunhofer, le client de l&#8217;agence Campus-Service. Les experts de Fraunhofer ont d\u00e9cid\u00e9 d&#8217;atteindre leur groupe cible d&#8217;une mani\u00e8re aussi personnelle que classique. Gr\u00e2ce \u00e0 l&#8217;\u00e9quipe de promotion italienne, un taux de contact \u00e9lev\u00e9 a \u00e9t\u00e9 atteint \u00e0 Pise. Le message de Fraunhofer a atteint les jeunes directement sur place. Des affiches informatives, une lettre d&#8217;information et des messages clairs publi\u00e9s sur Facebook par des ambassadeurs ont \u00e9galement contribu\u00e9 \u00e0 cette promotion.[\/vc_column_text][\/vc_column][vc_column width=&#8220;1\/2&#8243;][vc_single_image image=&#8220;1722&#8243; img_size=&#8220;medium&#8220; alignment=&#8220;center&#8220; style=&#8220;vc_box_shadow_3d&#8220; onclick=&#8220;img_link_large&#8220; css=&#8220;.vc_custom_1503065099859{padding-top: 60px !important;}&#8220;][\/vc_column][\/vc_row][vc_row full_width=&#8220;stretch_row_content_no_spaces&#8220; css=&#8220;.vc_custom_1503065211701{padding-right: 15% !important;padding-left: 15% !important;background-color: #f4f4f4 !important;}&#8220;][vc_column width=&#8220;1\/2&#8243;][vc_single_image image=&#8220;1724&#8243; img_size=&#8220;medium&#8220; alignment=&#8220;center&#8220; style=&#8220;vc_box_shadow_3d&#8220; onclick=&#8220;img_link_large&#8220; css=&#8220;.vc_custom_1503065167570{padding-top: 60px !important;}&#8220;][\/vc_column][vc_column width=&#8220;1\/2&#8243;][vc_column_text]<\/p>\n<h2>Proc\u00e9dure<\/h2>\n<p>Gr\u00e2ce au r\u00e9seau international de Go ! Uni-Publicit\u00e9, la campagne s&#8217;est d\u00e9roul\u00e9e sans heurts. La campagne en plusieurs \u00e9tapes du client de Campus-Service s&#8217;est d\u00e9roul\u00e9e dans les d\u00e9lais pr\u00e9vus. Le message a atteint l&#8217;universit\u00e9 italienne et ses \u00e9tudiants en toute s\u00e9curit\u00e9 et de mani\u00e8re cibl\u00e9e. Le m\u00e9lange parfait de mesures de communication a enthousiasm\u00e9 les \u00e9tudiants de l&#8217;universit\u00e9 de Pise.[\/vc_column_text][\/vc_column][\/vc_row][\/vc_section]<\/p>\n","protected":false},"excerpt":{"rendered":"<p>[vc_section][vc_row full_width=&#8220;stretch_row_content_no_spaces&#8220; css=&#8220;.vc_custom_1503064858411{padding-right: 50px !important;padding-left: 50px !important;background-color: #ffffff !important;}&#8220;][vc_column][vc_column_text] Forte pr\u00e9sence dans la ville italienne de Pise [\/vc_column_text][\/vc_column][\/vc_row][vc_row full_width=&#8220;stretch_row_content_no_spaces&#8220; css=&#8220;.vc_custom_1503064918600{padding-right: 15% !important;padding-left: 15% !important;background-color: #ffffff !important;}&#8220;][vc_column width=&#8220;1\/2&#8243;][vc_column_text] Les \u00e9tudiants italiens sont tr\u00e8s demand\u00e9s Employer des \u00e9tudiants italiens de la ville de Pise dans leur entreprise &#8211; tel \u00e9tait l&#8217;objectif de Fraunhofer, le client de l&#8217;agence Campus-Service. Les <a href=\"https:\/\/www.go-uni.com\/fr\/fuer-agenturen\/hohe-praesenz-in-der-italienischen-stadt-pisa\/\"> Read more&#8230;<\/a><\/p>\n","protected":false},"author":1,"featured_media":0,"parent":1029,"menu_order":0,"comment_status":"closed","ping_status":"closed","template":"","meta":[],"_links":{"self":[{"href":"https:\/\/www.go-uni.com\/fr\/wp-json\/wp\/v2\/pages\/1720"}],"collection":[{"href":"https:\/\/www.go-uni.com\/fr\/wp-json\/wp\/v2\/pages"}],"about":[{"href":"https:\/\/www.go-uni.com\/fr\/wp-json\/wp\/v2\/types\/page"}],"author":[{"embeddable":true,"href":"https:\/\/www.go-uni.com\/fr\/wp-json\/wp\/v2\/users\/1"}],"replies":[{"embeddable":true,"href":"https:\/\/www.go-uni.com\/fr\/wp-json\/wp\/v2\/comments?post=1720"}],"version-history":[{"count":9,"href":"https:\/\/www.go-uni.com\/fr\/wp-json\/wp\/v2\/pages\/1720\/revisions"}],"predecessor-version":[{"id":2549,"href":"https:\/\/www.go-uni.com\/fr\/wp-json\/wp\/v2\/pages\/1720\/revisions\/2549"}],"up":[{"embeddable":true,"href":"https:\/\/www.go-uni.com\/fr\/wp-json\/wp\/v2\/pages\/1029"}],"wp:attachment":[{"href":"https:\/\/www.go-uni.com\/fr\/wp-json\/wp\/v2\/media?parent=1720"}],"curies":[{"name":"wp","href":"https:\/\/api.w.org\/{rel}","templated":true}]}}