{"id":1727,"date":"2017-08-18T16:09:54","date_gmt":"2017-08-18T14:09:54","guid":{"rendered":"http:\/\/10.0.0.18\/go\/?page_id=1727"},"modified":"2021-09-22T10:47:10","modified_gmt":"2021-09-22T08:47:10","slug":"probieren-geht-ueber-studieren","status":"publish","type":"page","link":"https:\/\/www.go-uni.com\/fr\/fuer-agenturen\/probieren-geht-ueber-studieren\/","title":{"rendered":"C&#8217;est en mangeant que l&#8217;on voit la preuve du pudding."},"content":{"rendered":"<p>[vc_section][vc_row full_width=&#8220;stretch_row_content_no_spaces&#8220; css=&#8220;.vc_custom_1503065448765{padding-right: 50px !important;padding-left: 50px !important;background-color: #ffffff !important;}&#8220;][vc_column][vc_column_text]<\/p>\n<h1>C&#8217;est en mangeant que l&#8217;on voit la preuve du pudding.<\/h1>\n<hr \/>\n<p>[\/vc_column_text][\/vc_column][\/vc_row][vc_row full_width=&#8220;stretch_row_content_no_spaces&#8220; css=&#8220;.vc_custom_1503065493820{padding-right: 15% !important;padding-left: 15% !important;background-color: #ffffff !important;}&#8220;][vc_column width=&#8220;1\/2&#8243;][vc_column_text]<\/p>\n<h2>Rafra\u00eechissement gratuit gr\u00e2ce \u00e0 Lipton<\/h2>\n<p>Une nouvelle boisson rafra\u00eechissante, parfaite pour les jeunes qui souhaitent se rafra\u00eechir apr\u00e8s une journ\u00e9e rigoureuse \u00e0 l&#8217;universit\u00e9. Le client de l&#8217;agence Unilever, Lipton, a lanc\u00e9 un nouveau th\u00e9 sur le march\u00e9. Lipton a conquis tous les \u00e9tudiants de Suisse avec des \u00e9chantillons de produits. Les \u00e9chantillons ont \u00e9t\u00e9 compl\u00e9t\u00e9s par un prospectus pour rester encore plus dans l&#8217;esprit du groupe cible.[\/vc_column_text][\/vc_column][vc_column width=&#8220;1\/2&#8243;][vc_single_image image=&#8220;1729&#8243; img_size=&#8220;medium&#8220; alignment=&#8220;center&#8220; style=&#8220;vc_box_shadow_3d&#8220; onclick=&#8220;img_link_large&#8220;][\/vc_column][\/vc_row][vc_row full_width=&#8220;stretch_row_content_no_spaces&#8220; css=&#8220;.vc_custom_1503065714231{padding-right: 15% !important;padding-left: 15% !important;background-color: #f4f4f4 !important;}&#8220;][vc_column width=&#8220;1\/2&#8243;][vc_single_image image=&#8220;1730&#8243; img_size=&#8220;medium&#8220; alignment=&#8220;center&#8220; style=&#8220;vc_box_shadow_3d&#8220; onclick=&#8220;img_link_large&#8220; css=&#8220;.vc_custom_1503065656916{padding-top: 60px !important;}&#8220;][\/vc_column][vc_column width=&#8220;1\/2&#8243;][vc_column_text]<\/p>\n<h2>Proc\u00e9dure<\/h2>\n<p>Les \u00e9tudiants sont ouverts \u00e0 l&#8217;id\u00e9e de tester de nouvelles choses et de faire de nouvelles exp\u00e9riences. L&#8217;agence Unilever a attir\u00e9 l&#8217;attention de Go ! Uni-Publicit\u00e9 sur le nouveau produit de son client Lipton et il a tout de suite \u00e9t\u00e9 clair que le service \u00e0 utiliser pour cet \u00e9v\u00e9nement serait l&#8217;\u00e9chantillonnage. Pour les campagnes d&#8217;\u00e9chantillonnage, Go ! Uni-Werbung s&#8217;occupe du bon d\u00e9roulement du processus, de la planification \u00e0 la mise en \u0153uvre. L&#8217;\u00e9quipe de promotion \u00e9tudiante de Go ! Uni-Advertising a enthousiasm\u00e9 le groupe cible de Lipton. Les \u00e9tudiants romands ont \u00e9t\u00e9 heureux de pouvoir tester un produit aussi rafra\u00eechissant par une chaude journ\u00e9e d&#8217;\u00e9t\u00e9. Les r\u00e9actions ont \u00e9t\u00e9 les suivantes : &#8222;c&#8217;est frait, c&#8217;est parfait&#8220;, &#8222;c&#8217;est g\u00e9nial avec cette chaleur&#8220;. Les Suisses al\u00e9maniques ont \u00e9galement fait preuve d&#8217;un grand enthousiasme : &#8222;Super truc, juste apr\u00e8s l&#8217;examen&#8220;, &#8222;enfin une promo sens\u00e9e&#8220;.[\/vc_column_text][\/vc_column][\/vc_row][\/vc_section]<\/p>\n","protected":false},"excerpt":{"rendered":"<p>[vc_section][vc_row full_width=&#8220;stretch_row_content_no_spaces&#8220; css=&#8220;.vc_custom_1503065448765{padding-right: 50px !important;padding-left: 50px !important;background-color: #ffffff !important;}&#8220;][vc_column][vc_column_text] C&#8217;est en mangeant que l&#8217;on voit la preuve du pudding. [\/vc_column_text][\/vc_column][\/vc_row][vc_row full_width=&#8220;stretch_row_content_no_spaces&#8220; css=&#8220;.vc_custom_1503065493820{padding-right: 15% !important;padding-left: 15% !important;background-color: #ffffff !important;}&#8220;][vc_column width=&#8220;1\/2&#8243;][vc_column_text] Rafra\u00eechissement gratuit gr\u00e2ce \u00e0 Lipton Une nouvelle boisson rafra\u00eechissante, parfaite pour les jeunes qui souhaitent se rafra\u00eechir apr\u00e8s une journ\u00e9e rigoureuse \u00e0 l&#8217;universit\u00e9. Le client de l&#8217;agence Unilever, <a href=\"https:\/\/www.go-uni.com\/fr\/fuer-agenturen\/probieren-geht-ueber-studieren\/\"> Read more&#8230;<\/a><\/p>\n","protected":false},"author":1,"featured_media":0,"parent":1029,"menu_order":0,"comment_status":"closed","ping_status":"closed","template":"","meta":[],"_links":{"self":[{"href":"https:\/\/www.go-uni.com\/fr\/wp-json\/wp\/v2\/pages\/1727"}],"collection":[{"href":"https:\/\/www.go-uni.com\/fr\/wp-json\/wp\/v2\/pages"}],"about":[{"href":"https:\/\/www.go-uni.com\/fr\/wp-json\/wp\/v2\/types\/page"}],"author":[{"embeddable":true,"href":"https:\/\/www.go-uni.com\/fr\/wp-json\/wp\/v2\/users\/1"}],"replies":[{"embeddable":true,"href":"https:\/\/www.go-uni.com\/fr\/wp-json\/wp\/v2\/comments?post=1727"}],"version-history":[{"count":8,"href":"https:\/\/www.go-uni.com\/fr\/wp-json\/wp\/v2\/pages\/1727\/revisions"}],"predecessor-version":[{"id":2602,"href":"https:\/\/www.go-uni.com\/fr\/wp-json\/wp\/v2\/pages\/1727\/revisions\/2602"}],"up":[{"embeddable":true,"href":"https:\/\/www.go-uni.com\/fr\/wp-json\/wp\/v2\/pages\/1029"}],"wp:attachment":[{"href":"https:\/\/www.go-uni.com\/fr\/wp-json\/wp\/v2\/media?parent=1727"}],"curies":[{"name":"wp","href":"https:\/\/api.w.org\/{rel}","templated":true}]}}