{"id":1733,"date":"2017-08-18T16:18:43","date_gmt":"2017-08-18T14:18:43","guid":{"rendered":"http:\/\/10.0.0.18\/go\/?page_id=1733"},"modified":"2021-09-15T16:02:55","modified_gmt":"2021-09-15T14:02:55","slug":"klassisch","status":"publish","type":"page","link":"https:\/\/www.go-uni.com\/fr\/fuer-agenturen\/klassisch\/","title":{"rendered":"Classique"},"content":{"rendered":"<p>[vc_section 0=&#8220;&#8220;][vc_row full_width=&#8220;stretch_row_content_no_spaces&#8220; css=&#8220;.vc_custom_1503065983095{padding-right: 50px !important;padding-left: 50px !important;background-color: #ffffff !important;}&#8220;][vc_column 0=&#8220;&#8220;][vc_column_text 0=&#8220;&#8220;]<\/p>\n<h1>Classique<\/h1>\n<hr \/>\n<p>[\/vc_column_text][\/vc_column][\/vc_row][vc_row full_width=&#8220;stretch_row_content_no_spaces&#8220; css=&#8220;.vc_custom_1503066039478{padding-right: 15% !important;padding-left: 15% !important;background-color: #ffffff !important;}&#8220;][vc_column width=&#8220;1\/2&#8243;][vc_column_text 0=&#8220;&#8220;]<\/p>\n<h2>Profiter davantage avec Viva<\/h2>\n<p>La Banque Credit Suisse ne cesse d&#8217;inspirer les jeunes et les \u00e9tudiants avec de nouvelles offres. Cette fois, ils ont mis au point un paquet bancaire gratuit pour les jeunes, qui offre de nombreux avantages dans la vie quotidienne. L&#8217;agence Mediacom a approch\u00e9 Go! Uni-Publicit\u00e9 avec le souhait de publier des annonces dans les magazines universitaires.[\/vc_column_text][\/vc_column][vc_column width=&#8220;1\/2&#8243;][vc_single_image image=&#8220;1735&#8243; img_size=&#8220;medium&#8220; alignment=&#8220;center&#8220; style=&#8220;vc_box_shadow_3d&#8220; onclick=&#8220;img_link_large&#8220; css=&#8220;.vc_custom_1503066163160{padding-top: 60px !important;}&#8220;][\/vc_column][\/vc_row][vc_row full_width=&#8220;stretch_row_content_no_spaces&#8220; css=&#8220;.vc_custom_1503066039478{padding-right: 15% !important;padding-left: 15% !important;background-color: #ffffff !important;}&#8220;][vc_column width=&#8220;1\/2&#8243;][vc_single_image image=&#8220;1736&#8243; img_size=&#8220;medium&#8220; alignment=&#8220;center&#8220; style=&#8220;vc_box_shadow_3d&#8220; onclick=&#8220;img_link_large&#8220; css=&#8220;.vc_custom_1503066207098{padding-top: 60px !important;}&#8220;][\/vc_column][vc_column width=&#8220;1\/2&#8243;][vc_column_text 0=&#8220;&#8220;]<\/p>\n<h2>Proc\u00e9dure<\/h2>\n<p>Dans la premi\u00e8re phase de cette campagne imprim\u00e9e, l&#8217;\u00e9quipe de Go ! Uni a d\u00e9termin\u00e9 les meilleures possibilit\u00e9s de placement dans les magazines universitaires. Gr\u00e2ce \u00e0 un contact intensif avec les m\u00e9dias, rien ne s&#8217;est oppos\u00e9 \u00e0 la publicit\u00e9 convaincante de la banque Credit Suisse. Des \u00e9tudiants de toute la Suisse ont eu l&#8217;occasion de s&#8217;informer sur le nouveau paquet bancaire gratuit.[\/vc_column_text][\/vc_column][\/vc_row][\/vc_section]<\/p>\n","protected":false},"excerpt":{"rendered":"<p>[vc_section 0=&#8220;&#8220;][vc_row full_width=&#8220;stretch_row_content_no_spaces&#8220; css=&#8220;.vc_custom_1503065983095{padding-right: 50px !important;padding-left: 50px !important;background-color: #ffffff !important;}&#8220;][vc_column 0=&#8220;&#8220;][vc_column_text 0=&#8220;&#8220;] Classique [\/vc_column_text][\/vc_column][\/vc_row][vc_row full_width=&#8220;stretch_row_content_no_spaces&#8220; css=&#8220;.vc_custom_1503066039478{padding-right: 15% !important;padding-left: 15% !important;background-color: #ffffff !important;}&#8220;][vc_column width=&#8220;1\/2&#8243;][vc_column_text 0=&#8220;&#8220;] Profiter davantage avec Viva La Banque Credit Suisse ne cesse d&#8217;inspirer les jeunes et les \u00e9tudiants avec de nouvelles offres. Cette fois, ils ont mis au point un paquet bancaire gratuit pour les <a href=\"https:\/\/www.go-uni.com\/fr\/fuer-agenturen\/klassisch\/\"> Read more&#8230;<\/a><\/p>\n","protected":false},"author":1,"featured_media":0,"parent":1029,"menu_order":0,"comment_status":"closed","ping_status":"closed","template":"","meta":[],"_links":{"self":[{"href":"https:\/\/www.go-uni.com\/fr\/wp-json\/wp\/v2\/pages\/1733"}],"collection":[{"href":"https:\/\/www.go-uni.com\/fr\/wp-json\/wp\/v2\/pages"}],"about":[{"href":"https:\/\/www.go-uni.com\/fr\/wp-json\/wp\/v2\/types\/page"}],"author":[{"embeddable":true,"href":"https:\/\/www.go-uni.com\/fr\/wp-json\/wp\/v2\/users\/1"}],"replies":[{"embeddable":true,"href":"https:\/\/www.go-uni.com\/fr\/wp-json\/wp\/v2\/comments?post=1733"}],"version-history":[{"count":8,"href":"https:\/\/www.go-uni.com\/fr\/wp-json\/wp\/v2\/pages\/1733\/revisions"}],"predecessor-version":[{"id":2585,"href":"https:\/\/www.go-uni.com\/fr\/wp-json\/wp\/v2\/pages\/1733\/revisions\/2585"}],"up":[{"embeddable":true,"href":"https:\/\/www.go-uni.com\/fr\/wp-json\/wp\/v2\/pages\/1029"}],"wp:attachment":[{"href":"https:\/\/www.go-uni.com\/fr\/wp-json\/wp\/v2\/media?parent=1733"}],"curies":[{"name":"wp","href":"https:\/\/api.w.org\/{rel}","templated":true}]}}