{"id":2049,"date":"2017-09-05T09:49:50","date_gmt":"2017-09-05T07:49:50","guid":{"rendered":"http:\/\/10.0.0.18\/go\/?page_id=2049"},"modified":"2021-10-22T14:19:11","modified_gmt":"2021-10-22T12:19:11","slug":"gratis-ins-kino","status":"publish","type":"page","link":"https:\/\/www.go-uni.com\/fr\/fuer-unternehmen\/gratis-ins-kino\/","title":{"rendered":"gratuit au cin\u00e9ma"},"content":{"rendered":"<p>[vc_section 0=&#8220;&#8220;][vc_row full_width=&#8220;stretch_row_content_no_spaces&#8220; css=&#8220;.vc_custom_1504597881178{padding-right: 50px !important;padding-left: 50px !important;background-color: #ffffff !important;}&#8220;][vc_column 0=&#8220;&#8220;][vc_column_text 0=&#8220;&#8220;]<\/p>\n<h1>GRATUIT AU CIN\u00c9MA<\/h1>\n<hr \/>\n<p>[\/vc_column_text][\/vc_column][\/vc_row][vc_row full_width=&#8220;stretch_row_content_no_spaces&#8220; css=&#8220;.vc_custom_1504597982346{padding-right: 15% !important;padding-left: 15% !important;background-color: #ffffff !important;}&#8220;][vc_column width=&#8220;1\/2&#8243;][vc_column_text 0=&#8220;&#8220;]<\/p>\n<h2>Profiter du compte \u00e9pargne jeunesse de la TKB<\/h2>\n<p>Ce n&#8217;est pas un secret, les jeunes utilisent des smartphones et des tablettes tout le temps et partout. C&#8217;est pr\u00e9cis\u00e9ment pourquoi la Banque cantonale de Thurgovie a d\u00e9cid\u00e9 de lancer une campagne mobile. Avec des banni\u00e8res accrocheuses et un texte significatif, la banque a convaincu les jeunes de son offre.[\/vc_column_text][\/vc_column][vc_column width=&#8220;1\/2&#8243;][vc_single_image image=&#8220;2046&#8243; img_size=&#8220;full&#8220; alignment=&#8220;center&#8220; style=&#8220;vc_box_shadow_3d&#8220; onclick=&#8220;img_link_large&#8220;][\/vc_column][\/vc_row][vc_row full_width=&#8220;stretch_row_content_no_spaces&#8220; css=&#8220;.vc_custom_1504598067182{padding-right: 15% !important;padding-left: 15% !important;background-color: #f4f4f4 !important;}&#8220;][vc_column width=&#8220;1\/4&#8243; css=&#8220;.vc_custom_1507797483273{padding-right: 50px !important;}&#8220;]<div class=\"ih-item  circle effect1 left_to_right\" style=\"width:220;height:220;border:;background-image:url('https:\/\/www.go-uni.com\/wp-content\/uploads\/2017\/10\/geotargads.png');background-size:cover;\" >\n\t<a href=\"\/dienstleistungen\/geotargads\/\" target=\"\">\n\t<div class=\"spinner\" style=\"width:240px;height:240px;\"><\/div>\t  \n\t  <div class=\"img\" style=\"width:100%;height:100%;\"><img style=\"opacity:0;\" src=\"https:\/\/www.go-uni.com\/wp-content\/uploads\/2017\/10\/geotargads.png\" alt=\"img\"><\/div>\n\t  \n\t  \t\t<div class=\"info\" style=\"width:100%;height:100%;background:#44c47e\">\n\t    <div class=\"info-back\" style=\"background:\">\n\t    \t      \n\t      <b style=\"font-size:12px;color:#23282d;\"> <p style=\"text-align: center;\"><b>Geotargads<\/b><\/p>\n<p style=\"text-align: center;\"><span style=\"font-size: 10pt;\">Adressez-vous \u00e0 votre groupe cible avec une publicit\u00e9 mobile sur leur smartphone ou leur tablette.<\/span><\/p>\n<\/b>\n\t    <\/div>\n\t  <\/div>\n\t  \t<\/a>\n<\/div>[\/vc_column][vc_column width=&#8220;3\/4&#8243; css=&#8220;.vc_custom_1507797536106{padding-left: 100px !important;}&#8220;][vc_column_text 0=&#8220;&#8220;]<\/p>\n<h2><b>Proc\u00e9dure<\/b><\/h2>\n<p>Pour les campagnes utilisant le service Geotargads, vous devez savoir exactement o\u00f9 se trouve votre groupe cible. Vous pouvez oublier la r\u00e9servation d&#8217;annonces \u00e0 l&#8217;aide d&#8217;applications, de mots cl\u00e9s ou de sites web s\u00e9lectionn\u00e9s. Aujourd&#8217;hui, vous r\u00e9servez des publicit\u00e9s en fonction de l&#8217;emplacement. L&#8217;objectif de la Thurgauer Kantonalbank \u00e9tait de faire conna\u00eetre le Compte d&#8217;\u00e9pargne jeunesse. Gr\u00e2ce \u00e0 ce compte, les jeunes b\u00e9n\u00e9ficient de nombreux privil\u00e8ges, comme aller au cin\u00e9ma gratuitement, dont ils peuvent profiter. Pour le placement des banni\u00e8res, Go ! Uni-Publicit\u00e9, avec l&#8217;accord de la TKB, a s\u00e9lectionn\u00e9 toutes les \u00e9coles et les piscines ext\u00e9rieures du canton de Thurgovie. Comme on le sait, la plupart des jeunes passent leur temps libre en \u00e9t\u00e9 dans les piscines.<\/p>\n<p>Gr\u00e2ce \u00e0 des banni\u00e8res expressives de quatre tailles diff\u00e9rentes, une liste pr\u00e9cise de lieux et une restriction de la p\u00e9riode, la Banque cantonale de Thurgovie a atteint son groupe cible de mani\u00e8re efficace. Le r\u00e9sultat de cette campagne a \u00e9t\u00e9 une augmentation du nombre de contrats sign\u00e9s pour le compte \u00e9pargne jeunesse.<\/p>\n<p>&nbsp;[\/vc_column_text][vc_empty_space height=&#8220;80px&#8220;][\/vc_column][\/vc_row][\/vc_section]<\/p>\n","protected":false},"excerpt":{"rendered":"<p>[vc_section 0=&#8220;&#8220;][vc_row full_width=&#8220;stretch_row_content_no_spaces&#8220; css=&#8220;.vc_custom_1504597881178{padding-right: 50px !important;padding-left: 50px !important;background-color: #ffffff !important;}&#8220;][vc_column 0=&#8220;&#8220;][vc_column_text 0=&#8220;&#8220;] GRATUIT AU CIN\u00c9MA [\/vc_column_text][\/vc_column][\/vc_row][vc_row full_width=&#8220;stretch_row_content_no_spaces&#8220; css=&#8220;.vc_custom_1504597982346{padding-right: 15% !important;padding-left: 15% !important;background-color: #ffffff !important;}&#8220;][vc_column width=&#8220;1\/2&#8243;][vc_column_text 0=&#8220;&#8220;] Profiter du compte \u00e9pargne jeunesse de la TKB Ce n&#8217;est pas un secret, les jeunes utilisent des smartphones et des tablettes tout le temps et partout. C&#8217;est pr\u00e9cis\u00e9ment pourquoi la Banque <a href=\"https:\/\/www.go-uni.com\/fr\/fuer-unternehmen\/gratis-ins-kino\/\"> Read more&#8230;<\/a><\/p>\n","protected":false},"author":1,"featured_media":0,"parent":1016,"menu_order":0,"comment_status":"closed","ping_status":"closed","template":"","meta":[],"_links":{"self":[{"href":"https:\/\/www.go-uni.com\/fr\/wp-json\/wp\/v2\/pages\/2049"}],"collection":[{"href":"https:\/\/www.go-uni.com\/fr\/wp-json\/wp\/v2\/pages"}],"about":[{"href":"https:\/\/www.go-uni.com\/fr\/wp-json\/wp\/v2\/types\/page"}],"author":[{"embeddable":true,"href":"https:\/\/www.go-uni.com\/fr\/wp-json\/wp\/v2\/users\/1"}],"replies":[{"embeddable":true,"href":"https:\/\/www.go-uni.com\/fr\/wp-json\/wp\/v2\/comments?post=2049"}],"version-history":[{"count":19,"href":"https:\/\/www.go-uni.com\/fr\/wp-json\/wp\/v2\/pages\/2049\/revisions"}],"predecessor-version":[{"id":2643,"href":"https:\/\/www.go-uni.com\/fr\/wp-json\/wp\/v2\/pages\/2049\/revisions\/2643"}],"up":[{"embeddable":true,"href":"https:\/\/www.go-uni.com\/fr\/wp-json\/wp\/v2\/pages\/1016"}],"wp:attachment":[{"href":"https:\/\/www.go-uni.com\/fr\/wp-json\/wp\/v2\/media?parent=2049"}],"curies":[{"name":"wp","href":"https:\/\/api.w.org\/{rel}","templated":true}]}}