{"id":2058,"date":"2017-09-05T10:18:41","date_gmt":"2017-09-05T08:18:41","guid":{"rendered":"http:\/\/10.0.0.18\/go\/?page_id=2058"},"modified":"2021-09-14T15:29:02","modified_gmt":"2021-09-14T13:29:02","slug":"glueckliche-soldaten-dank-bell-snackpack","status":"publish","type":"page","link":"https:\/\/www.go-uni.com\/fr\/fuer-agenturen\/glueckliche-soldaten-dank-bell-snackpack\/","title":{"rendered":"Des soldats heureux gr\u00e2ce au Bell Snackpack"},"content":{"rendered":"<p>[vc_section 0=&#8220;&#8220;][vc_row full_width=&#8220;stretch_row_content_no_spaces&#8220; css=&#8220;.vc_custom_1504600635929{padding-right: 50px !important;padding-left: 50px !important;background-color: #ffffff !important;}&#8220;][vc_column 0=&#8220;&#8220;][vc_column_text 0=&#8220;&#8220;]<\/p>\n<h1>Des soldats heureux gr\u00e2ce au Bell Snackpack<\/h1>\n<hr \/>\n<p>[\/vc_column_text][\/vc_column][\/vc_row][vc_row full_width=&#8220;stretch_row_content_no_spaces&#8220; css=&#8220;.vc_custom_1504600769525{padding-right: 15% !important;padding-left: 15% !important;background-color: #ffffff !important;}&#8220;][vc_column width=&#8220;1\/2&#8243;][vc_column_text 0=&#8220;&#8220;]<\/p>\n<h2>La publicit\u00e9 sur les portables offre des aliments gratuits<\/h2>\n<p>Offrir aux recrues en Suisse des Snackpacks gratuits &#8211; tel \u00e9tait l&#8217;objectif du client de zipmedia. Gr\u00e2ce \u00e0 une campagne multicanal, le client Bell a attir\u00e9 les soldats sur un microsite o\u00f9 les recrues pouvaient s&#8217;inscrire en prenant un selfie humoristique. Gr\u00e2ce \u00e0 un vote, de nombreux heureux gagnants se sont assur\u00e9s un repas savoureux.[\/vc_column_text][\/vc_column][vc_column width=&#8220;1\/2&#8243;][vc_single_image image=&#8220;2054&#8243; img_size=&#8220;full&#8220; alignment=&#8220;center&#8220; style=&#8220;vc_box_shadow_3d&#8220; onclick=&#8220;img_link_large&#8220;][\/vc_column][\/vc_row][vc_row full_width=&#8220;stretch_row_content_no_spaces&#8220; css=&#8220;.vc_custom_1504601000590{padding-right: 15% !important;padding-left: 15% !important;background-color: #f4f4f4 !important;}&#8220;][vc_column width=&#8220;1\/2&#8243;][vc_single_image image=&#8220;2056&#8243; img_size=&#8220;full&#8220; alignment=&#8220;center&#8220; style=&#8220;vc_box_shadow_3d&#8220; onclick=&#8220;img_link_large&#8220;][\/vc_column][vc_column width=&#8220;1\/2&#8243;][vc_column_text 0=&#8220;&#8220;]<\/p>\n<h2>Proc\u00e9dure<\/h2>\n<p>Afin d&#8217;amener les recrues sur le microsite d&#8217;inscription, Go! Uni-Publicit\u00e9 a mis en place une campagne mobile. Pour les campagnes utilisant le service Geotargads, vous devez savoir exactement o\u00f9 se trouve votre groupe cible. Vous pouvez oublier la r\u00e9servation d&#8217;annonces \u00e0 l&#8217;aide d&#8217;applications, de mots cl\u00e9s ou de sites web s\u00e9lectionn\u00e9s. Aujourd&#8217;hui, vous r\u00e9servez des publicit\u00e9s en fonction de l&#8217;emplacement. L&#8217;objectif de Bell AG \u00e9tait de distribuer des paquets de snacks gratuits. Gr\u00e2ce \u00e0 ces paquets, les soldats ont pu profiter de la d\u00e9licieuse nourriture de Bell Ltd. Pour le placement des banni\u00e8res, Go ! Uni-Publicit\u00e9, en concertation avec l&#8217;agence zipmedia, a s\u00e9lectionn\u00e9 toutes les casernes de Suisse, puisque les recrues y passent la plupart de leur temps.<\/p>\n<p>Avec des banni\u00e8res expressives en quatre tailles diff\u00e9rentes, une liste pr\u00e9cise des lieux et une restriction de la p\u00e9riode, Bell AG a atteint son groupe cible de mani\u00e8re efficace. Le r\u00e9sultat de cette campagne a \u00e9t\u00e9 une augmentation des recrues enregistr\u00e9es.<\/p>\n<p>&nbsp;[\/vc_column_text][\/vc_column][\/vc_row][\/vc_section]<\/p>\n","protected":false},"excerpt":{"rendered":"<p>[vc_section 0=&#8220;&#8220;][vc_row full_width=&#8220;stretch_row_content_no_spaces&#8220; css=&#8220;.vc_custom_1504600635929{padding-right: 50px !important;padding-left: 50px !important;background-color: #ffffff !important;}&#8220;][vc_column 0=&#8220;&#8220;][vc_column_text 0=&#8220;&#8220;] Des soldats heureux gr\u00e2ce au Bell Snackpack [\/vc_column_text][\/vc_column][\/vc_row][vc_row full_width=&#8220;stretch_row_content_no_spaces&#8220; css=&#8220;.vc_custom_1504600769525{padding-right: 15% !important;padding-left: 15% !important;background-color: #ffffff !important;}&#8220;][vc_column width=&#8220;1\/2&#8243;][vc_column_text 0=&#8220;&#8220;] La publicit\u00e9 sur les portables offre des aliments gratuits Offrir aux recrues en Suisse des Snackpacks gratuits &#8211; tel \u00e9tait l&#8217;objectif du client de zipmedia. Gr\u00e2ce \u00e0 <a href=\"https:\/\/www.go-uni.com\/fr\/fuer-agenturen\/glueckliche-soldaten-dank-bell-snackpack\/\"> Read more&#8230;<\/a><\/p>\n","protected":false},"author":1,"featured_media":0,"parent":1029,"menu_order":0,"comment_status":"closed","ping_status":"closed","template":"","meta":[],"_links":{"self":[{"href":"https:\/\/www.go-uni.com\/fr\/wp-json\/wp\/v2\/pages\/2058"}],"collection":[{"href":"https:\/\/www.go-uni.com\/fr\/wp-json\/wp\/v2\/pages"}],"about":[{"href":"https:\/\/www.go-uni.com\/fr\/wp-json\/wp\/v2\/types\/page"}],"author":[{"embeddable":true,"href":"https:\/\/www.go-uni.com\/fr\/wp-json\/wp\/v2\/users\/1"}],"replies":[{"embeddable":true,"href":"https:\/\/www.go-uni.com\/fr\/wp-json\/wp\/v2\/comments?post=2058"}],"version-history":[{"count":13,"href":"https:\/\/www.go-uni.com\/fr\/wp-json\/wp\/v2\/pages\/2058\/revisions"}],"predecessor-version":[{"id":2543,"href":"https:\/\/www.go-uni.com\/fr\/wp-json\/wp\/v2\/pages\/2058\/revisions\/2543"}],"up":[{"embeddable":true,"href":"https:\/\/www.go-uni.com\/fr\/wp-json\/wp\/v2\/pages\/1029"}],"wp:attachment":[{"href":"https:\/\/www.go-uni.com\/fr\/wp-json\/wp\/v2\/media?parent=2058"}],"curies":[{"name":"wp","href":"https:\/\/api.w.org\/{rel}","templated":true}]}}