{"id":2068,"date":"2017-09-05T11:28:10","date_gmt":"2017-09-05T09:28:10","guid":{"rendered":"http:\/\/10.0.0.18\/go\/?page_id=2068"},"modified":"2021-10-13T08:47:42","modified_gmt":"2021-10-13T06:47:42","slug":"geotargads","status":"publish","type":"page","link":"https:\/\/www.go-uni.com\/fr\/dienstleistungen\/geotargads\/","title":{"rendered":"Geotargads"},"content":{"rendered":"<p>[vc_section 0=&#8220;&#8220;][vc_row full_width=&#8220;stretch_row_content_no_spaces&#8220; parallax=&#8220;content-moving&#8220; parallax_image=&#8220;2349&#8243;][vc_column css=&#8220;.vc_custom_1504607214236{padding-top: 14% !important;padding-bottom: 14% !important;background-image: url(http:\/\/10.0.0.18\/go\/wp-content\/uploads\/2017\/09\/1-e1504606959141.jpeg?id=2079) !important;background-position: center !important;background-repeat: no-repeat !important;background-size: cover !important;}&#8220;][\/vc_column][\/vc_row][vc_row full_width=&#8220;stretch_row_content_no_spaces&#8220; css=&#8220;.vc_custom_1504603828748{padding-right: 50px !important;padding-left: 50px !important;background-color: #ffffff !important;}&#8220;][vc_column 0=&#8220;&#8220;][vc_column_text css_animation=&#8220;fadeInRight&#8220;]<\/p>\n<h1>Geotargads<\/h1>\n<hr \/>\n<p>[\/vc_column_text][\/vc_column][\/vc_row][vc_row full_width=&#8220;stretch_row_content_no_spaces&#8220; css=&#8220;.vc_custom_1504603889746{padding-right: 15% !important;padding-left: 15% !important;background-color: #ffffff !important;}&#8220;][vc_column width=&#8220;1\/2&#8243;][vc_column_text css_animation=&#8220;fadeInLeft&#8220;]Ce n&#8217;est un secret pour personne que votre groupe cible est de plus en plus mobile. Ils \u00e9coutent de la musique, regardent les pr\u00e9visions m\u00e9t\u00e9orologiques, partagent des informations sur les m\u00e9dias sociaux ou testent les derniers jeux. Utilisez ces connaissances et surprenez les jeunes avec une banni\u00e8re accrocheuse sur leur smartphone ou leur tablette.<\/p>\n<p>Atteindre le groupe cible sur les smartphones et les tablettes sans gaspillage &#8211; ce n&#8217;est plus un v\u00e9ritable d\u00e9fi avec les Geotargads. Avec le service Geotargads, vous d\u00e9finissez vos emplacements cibles (par exemple, le campus d&#8217;une universit\u00e9) et vos banni\u00e8res apparaissent sur les appareils mobiles \u00e0 cet emplacement cible. Vous pouvez oublier la s\u00e9lection d&#8217;applications, de mots-cl\u00e9s et de sites web sp\u00e9cifiques. Geotargads touche les \u00e9tudiants et les dipl\u00f4m\u00e9s par l&#8217;interm\u00e9diaire de 1,2 million d&#8217;applications qui ont re\u00e7u l&#8217;autorisation de l&#8217;utilisateur d&#8217;acc\u00e9der \u00e0 la localisation de l&#8217;appareil.<\/p>\n<p>Vous nous dites o\u00f9 se trouve votre groupe cible et la publicit\u00e9 universitaire Go ! place votre annonce sur 1,2 million d&#8217;applications exactement l\u00e0. \u00c0 la fin de la campagne, vous recevez un rapport qui vous indique le niveau de vos taux d&#8217;ouverture et de clic.<\/p>\n<p><i><a href=\"http:\/\/www.geotargads.com\">www.geotargads.com<\/a><\/i>[\/vc_column_text][\/vc_column][vc_column width=&#8220;1\/2&#8243;][vc_raw_html 0=&#8220;&#8220;]JTNDY2VudGVyJTNFJTNDaWZyYW1lJTIwd2lkdGglM0QlMjI1NjAlMjIlMjBoZWlnaHQlM0QlMjIzMTUlMjIlMjBzcmMlM0QlMjJodHRwcyUzQSUyRiUyRnd3dy55b3V0dWJlLmNvbSUyRmVtYmVkJTJGTnBfREdrWVFrVnMlMjIlMjBmcmFtZWJvcmRlciUzRCUyMjAlMjIlMjBhbGxvd2Z1bGxzY3JlZW4lM0UlM0MlMkZpZnJhbWUlM0UlM0NjZW50ZXIlM0U=[\/vc_raw_html][\/vc_column][\/vc_row][\/vc_section]<\/p>\n","protected":false},"excerpt":{"rendered":"<p>[vc_section 0=&#8220;&#8220;][vc_row full_width=&#8220;stretch_row_content_no_spaces&#8220; parallax=&#8220;content-moving&#8220; parallax_image=&#8220;2349&#8243;][vc_column css=&#8220;.vc_custom_1504607214236{padding-top: 14% !important;padding-bottom: 14% !important;background-image: url(http:\/\/10.0.0.18\/go\/wp-content\/uploads\/2017\/09\/1-e1504606959141.jpeg?id=2079) !important;background-position: center !important;background-repeat: no-repeat !important;background-size: cover !important;}&#8220;][\/vc_column][\/vc_row][vc_row full_width=&#8220;stretch_row_content_no_spaces&#8220; css=&#8220;.vc_custom_1504603828748{padding-right: 50px !important;padding-left: 50px !important;background-color: #ffffff !important;}&#8220;][vc_column 0=&#8220;&#8220;][vc_column_text css_animation=&#8220;fadeInRight&#8220;] Geotargads [\/vc_column_text][\/vc_column][\/vc_row][vc_row full_width=&#8220;stretch_row_content_no_spaces&#8220; css=&#8220;.vc_custom_1504603889746{padding-right: 15% !important;padding-left: 15% !important;background-color: #ffffff !important;}&#8220;][vc_column width=&#8220;1\/2&#8243;][vc_column_text css_animation=&#8220;fadeInLeft&#8220;]Ce n&#8217;est un secret pour personne que votre groupe cible est de plus en plus mobile. Ils \u00e9coutent <a href=\"https:\/\/www.go-uni.com\/fr\/dienstleistungen\/geotargads\/\"> Read more&#8230;<\/a><\/p>\n","protected":false},"author":1,"featured_media":0,"parent":1620,"menu_order":0,"comment_status":"closed","ping_status":"closed","template":"","meta":[],"_links":{"self":[{"href":"https:\/\/www.go-uni.com\/fr\/wp-json\/wp\/v2\/pages\/2068"}],"collection":[{"href":"https:\/\/www.go-uni.com\/fr\/wp-json\/wp\/v2\/pages"}],"about":[{"href":"https:\/\/www.go-uni.com\/fr\/wp-json\/wp\/v2\/types\/page"}],"author":[{"embeddable":true,"href":"https:\/\/www.go-uni.com\/fr\/wp-json\/wp\/v2\/users\/1"}],"replies":[{"embeddable":true,"href":"https:\/\/www.go-uni.com\/fr\/wp-json\/wp\/v2\/comments?post=2068"}],"version-history":[{"count":9,"href":"https:\/\/www.go-uni.com\/fr\/wp-json\/wp\/v2\/pages\/2068\/revisions"}],"predecessor-version":[{"id":2615,"href":"https:\/\/www.go-uni.com\/fr\/wp-json\/wp\/v2\/pages\/2068\/revisions\/2615"}],"up":[{"embeddable":true,"href":"https:\/\/www.go-uni.com\/fr\/wp-json\/wp\/v2\/pages\/1620"}],"wp:attachment":[{"href":"https:\/\/www.go-uni.com\/fr\/wp-json\/wp\/v2\/media?parent=2068"}],"curies":[{"name":"wp","href":"https:\/\/api.w.org\/{rel}","templated":true}]}}