{"id":490,"date":"2017-04-27T10:56:19","date_gmt":"2017-04-27T08:56:19","guid":{"rendered":"http:\/\/10.0.0.18\/go\/?page_id=490"},"modified":"2021-10-13T09:31:46","modified_gmt":"2021-10-13T07:31:46","slug":"media-budgetplanung","status":"publish","type":"page","link":"https:\/\/www.go-uni.com\/fr\/dienstleistungen\/media-budgetplanung\/","title":{"rendered":"Planification des m\u00e9dias et du budget"},"content":{"rendered":"<p>[vc_section][vc_row full_width=&#8220;stretch_row_content_no_spaces&#8220; parallax=&#8220;content-moving&#8220; parallax_image=&#8220;2228&#8243; css=&#8220;.vc_custom_1507023339945{padding-top: 10% !important;padding-right: 15% !important;padding-bottom: 10% !important;padding-left: 15% !important;background: #ffffff url(http:\/\/10.0.0.18\/go\/wp-content\/uploads\/2017\/09\/Media-und-Budgetplanung.png?id=2228);background-position:center;background-repeat: no-repeat !important;background-size: cover !important;}&#8220;][vc_column][vc_column_text el_class=&#8220;bannertext&#8220;]<\/p>\n<p style=\"text-align: center;\"><span style=\"font-size: 30pt;\"><strong>Nous, \u00e0 Go ! Uni-Publicit\u00e9 croit que nous avons les connaissances, le r\u00e9seau et les services pour vous offrir la planification id\u00e9ale.<\/strong><\/span><\/p>\n<p>[\/vc_column_text][\/vc_column][\/vc_row][vc_row full_width=&#8220;stretch_row_content_no_spaces&#8220; css=&#8220;.vc_custom_1503578832127{padding-right: 50px !important;padding-left: 50px !important;background-color: #ffffff !important;}&#8220;][vc_column][vc_column_text css=&#8220;.vc_custom_1634110040473{margin-right: 40px !important;margin-left: 40px !important;}&#8220;]<div class=\"eds-animate edsanimate-sis-hidden \" data-eds-entry-animation=\"lightSpeedIn\" data-eds-entry-delay=\"0\" data-eds-entry-duration=\"1.5\" data-eds-entry-timing=\"linear\" data-eds-exit-animation=\"\" data-eds-exit-delay=\"\" data-eds-exit-duration=\"\" data-eds-exit-timing=\"\" data-eds-repeat-count=\"1\" data-eds-keep=\"yes\" data-eds-animate-on=\"scroll\" data-eds-scroll-offset=\"75\"><\/p>\n<h1 style=\"text-align: left;\"><span style=\"font-size: 18pt;\"><strong>Planification des m\u00e9dias et du budget<\/strong><\/span><\/h1>\n<hr \/>\n<p><\/div>[\/vc_column_text][\/vc_column][\/vc_row][vc_row full_width=&#8220;stretch_row_content_no_spaces&#8220; css=&#8220;.vc_custom_1503578858137{padding-right: 15% !important;padding-left: 15% !important;background-color: #ffffff !important;}&#8220;][vc_column][vc_column_text]<span style=\"font-size: 14pt;\"><div class=\"eds-animate edsanimate-sis-hidden \" data-eds-entry-animation=\"zoomIn\" data-eds-entry-delay=\"0\" data-eds-entry-duration=\"1\" data-eds-entry-timing=\"linear\" data-eds-exit-animation=\"\" data-eds-exit-delay=\"\" data-eds-exit-duration=\"\" data-eds-exit-timing=\"\" data-eds-repeat-count=\"1\" data-eds-keep=\"yes\" data-eds-animate-on=\"scroll\" data-eds-scroll-offset=\"75\"><\/span><\/p>\n<p><span style=\"font-size: 14pt;\">Une planification m\u00e9diatique et budg\u00e9taire sur mesure vous conduit exactement \u00e0 votre groupe cible. Vous atteignez vos \u00e9l\u00e8ves sans d\u00e9tours ni pertes de couverture. Votre potentiel est exploit\u00e9 de mani\u00e8re orient\u00e9e vers les r\u00e9sultats. Gr\u00e2ce au bon dosage des diff\u00e9rents supports m\u00e9dias, vous atteindrez vos objectifs et respecterez votre budget. Vous avez la possibilit\u00e9 de convaincre votre groupe cible avec des m\u00e9dias en ligne et hors ligne..<\/div><\/span><\/p>\n<div class=\"eds-animate edsanimate-sis-hidden \" data-eds-entry-animation=\"zoomIn\" data-eds-entry-delay=\"0\" data-eds-entry-duration=\"1\" data-eds-entry-timing=\"linear\" data-eds-exit-animation=\"\" data-eds-exit-delay=\"\" data-eds-exit-duration=\"\" data-eds-exit-timing=\"\" data-eds-repeat-count=\"1\" data-eds-keep=\"yes\" data-eds-animate-on=\"scroll\" data-eds-scroll-offset=\"75\">\n<h2 style=\"text-align: left;\"><span style=\"font-size: 14pt;\"><strong>En ligne<\/strong><\/span><\/h2>\n<p><span style=\"font-size: 14pt;\">L&#8217;internet ne cesse de cro\u00eetre, tout comme le nombre de portails pour \u00e9tudiants. Vous pr\u00e9f\u00e9rez le monde en ligne et souhaitez toucher les jeunes par voie num\u00e9rique ? Sans une pr\u00e9sence sur Internet, il est difficile d&#8217;obtenir l&#8217;attention souhait\u00e9e aujourd&#8217;hui. N&#8217;attendez donc pas plus longtemps et suscitez l&#8217;int\u00e9r\u00eat des \u00e9tudiants. Placez des offres d&#8217;emploi, des annonces d&#8217;\u00e9v\u00e9nements, des profils d&#8217;entreprises ou des articles de relations publiques sur le portail souhait\u00e9. Planifier des campagnes d&#8217;e-mailing ou de newsletter. Atteignez votre groupe cible avec des publicit\u00e9s mobiles, aux endroits de votre choix &#8211; la publicit\u00e9 mobile en fonction de l&#8217;environnement souhait\u00e9.<\/span><\/p>\n<p><\/div><div class=\"eds-animate edsanimate-sis-hidden \" data-eds-entry-animation=\"zoomIn\" data-eds-entry-delay=\"0\" data-eds-entry-duration=\"1\" data-eds-entry-timing=\"linear\" data-eds-exit-animation=\"\" data-eds-exit-delay=\"\" data-eds-exit-duration=\"\" data-eds-exit-timing=\"\" data-eds-repeat-count=\"1\" data-eds-keep=\"yes\" data-eds-animate-on=\"scroll\" data-eds-scroll-offset=\"75\"><\/p>\n<h2 style=\"text-align: left;\"><span style=\"font-size: 14pt;\"><strong>Imprim\u00e9<\/strong><\/span><\/h2>\n<p><span style=\"font-size: 14pt;\">Malgr\u00e9 la croissance du monde num\u00e9rique, ils privil\u00e9gient la voie traditionnelle avec la publicit\u00e9 imprim\u00e9e. Dans le domaine de l&#8217;impression, il existe diff\u00e9rents moyens d&#8217;atteindre le groupe cible, comme les pages d&#8217;un magazine. Plusieurs entretiens ont r\u00e9v\u00e9l\u00e9 que la plupart des gens appr\u00e9cient toujours le sentiment de maniabilit\u00e9 &#8211; les \u00e9tudiants aussi. Attribuez \u00e0 votre annonce l&#8217;emplacement id\u00e9al dans le magazine ou le journal \u00e9tudiant souhait\u00e9. Concevez une affiche cr\u00e9ative et impressionnante et accrochez-la dans les universit\u00e9s o\u00f9 se trouve votre groupe cible.<\/span><\/p>\n<\/div>\n<p>&nbsp;<\/p>\n<p style=\"text-align: left;\"><span style=\"font-size: 14pt;\"><div class=\"eds-animate edsanimate-sis-hidden \" data-eds-entry-animation=\"zoomIn\" data-eds-entry-delay=\"0\" data-eds-entry-duration=\"1\" data-eds-entry-timing=\"linear\" data-eds-exit-animation=\"\" data-eds-exit-delay=\"\" data-eds-exit-duration=\"\" data-eds-exit-timing=\"\" data-eds-repeat-count=\"1\" data-eds-keep=\"yes\" data-eds-animate-on=\"scroll\" data-eds-scroll-offset=\"75\"><\/span><\/p>\n<p style=\"text-align: left;\"><span style=\"font-size: 14pt;\">Gr\u00e2ce \u00e0 ses connaissances de longue date et au r\u00e9seau qu&#8217;elle a constitu\u00e9, Go ! Uni-Publicit\u00e9 SA met en relation les clients et leurs \u00e9tudiants. C&#8217;est \u00e0 vous de choisir les genres de m\u00e9dias que vous souhaitez utiliser pour atteindre vos \u00e9l\u00e8ves.<\/span><\/p>\n<p style=\"text-align: left;\"><span style=\"font-size: 14pt;\"><\/div><br \/>\n<\/span><\/p>\n<p>[\/vc_column_text][\/vc_column][\/vc_row][vc_row full_width=&#8220;stretch_row_content_no_spaces&#8220;][vc_column css=&#8220;.vc_custom_1498479401368{background-color: #ffffff !important;}&#8220;][\/vc_column][\/vc_row][\/vc_section]<\/p>\n","protected":false},"excerpt":{"rendered":"<p>[vc_section][vc_row full_width=&#8220;stretch_row_content_no_spaces&#8220; parallax=&#8220;content-moving&#8220; parallax_image=&#8220;2228&#8243; css=&#8220;.vc_custom_1507023339945{padding-top: 10% !important;padding-right: 15% !important;padding-bottom: 10% !important;padding-left: 15% !important;background: #ffffff url(http:\/\/10.0.0.18\/go\/wp-content\/uploads\/2017\/09\/Media-und-Budgetplanung.png?id=2228);background-position:center;background-repeat: no-repeat !important;background-size: cover !important;}&#8220;][vc_column][vc_column_text el_class=&#8220;bannertext&#8220;] Nous, \u00e0 Go ! Uni-Publicit\u00e9 croit que nous avons les connaissances, le r\u00e9seau et les services pour vous offrir la planification id\u00e9ale. [\/vc_column_text][\/vc_column][\/vc_row][vc_row full_width=&#8220;stretch_row_content_no_spaces&#8220; css=&#8220;.vc_custom_1503578832127{padding-right: 50px !important;padding-left: 50px !important;background-color: #ffffff !important;}&#8220;][vc_column][vc_column_text css=&#8220;.vc_custom_1634110040473{margin-right: 40px !important;margin-left: 40px !important;}&#8220;] Planification <a href=\"https:\/\/www.go-uni.com\/fr\/dienstleistungen\/media-budgetplanung\/\"> Read more&#8230;<\/a><\/p>\n","protected":false},"author":1,"featured_media":0,"parent":1620,"menu_order":0,"comment_status":"closed","ping_status":"closed","template":"","meta":[],"_links":{"self":[{"href":"https:\/\/www.go-uni.com\/fr\/wp-json\/wp\/v2\/pages\/490"}],"collection":[{"href":"https:\/\/www.go-uni.com\/fr\/wp-json\/wp\/v2\/pages"}],"about":[{"href":"https:\/\/www.go-uni.com\/fr\/wp-json\/wp\/v2\/types\/page"}],"author":[{"embeddable":true,"href":"https:\/\/www.go-uni.com\/fr\/wp-json\/wp\/v2\/users\/1"}],"replies":[{"embeddable":true,"href":"https:\/\/www.go-uni.com\/fr\/wp-json\/wp\/v2\/comments?post=490"}],"version-history":[{"count":115,"href":"https:\/\/www.go-uni.com\/fr\/wp-json\/wp\/v2\/pages\/490\/revisions"}],"predecessor-version":[{"id":2618,"href":"https:\/\/www.go-uni.com\/fr\/wp-json\/wp\/v2\/pages\/490\/revisions\/2618"}],"up":[{"embeddable":true,"href":"https:\/\/www.go-uni.com\/fr\/wp-json\/wp\/v2\/pages\/1620"}],"wp:attachment":[{"href":"https:\/\/www.go-uni.com\/fr\/wp-json\/wp\/v2\/media?parent=490"}],"curies":[{"name":"wp","href":"https:\/\/api.w.org\/{rel}","templated":true}]}}