{"id":7,"date":"2017-02-15T15:33:55","date_gmt":"2017-02-15T14:33:55","guid":{"rendered":"http:\/\/10.0.0.20\/go\/?page_id=7"},"modified":"2021-12-21T14:50:46","modified_gmt":"2021-12-21T13:50:46","slug":"startseite","status":"publish","type":"page","link":"https:\/\/www.go-uni.com\/fr\/","title":{"rendered":"Acceuil"},"content":{"rendered":"<p>[vc_section full_width=&#8220;stretch_row_content&#8220;][vc_row content_placement=&#8220;bottom&#8220;][vc_column css=&#8220;.vc_custom_1505814691720{padding-top: 5% !important;}&#8220;][vc_empty_space height=&#8220;100px&#8220;][vc_column_text css_animation=&#8220;zoomIn&#8220; el_class=&#8220;bannertext&#8220; css=&#8220;.vc_custom_1512466841674{margin-bottom: 5% !important;}&#8220;]<\/p>\n<p style=\"text-align: center;\"><span style=\"font-size: 56pt;\"><strong>University Marketing<\/strong><\/span><\/p>\n<p>[\/vc_column_text][\/vc_column][vc_column width=&#8220;1\/4&#8243; css=&#8220;.vc_custom_1503996021141{background-color: #ffffff !important;}&#8220; offset=&#8220;vc_hidden-sm vc_hidden-xs&#8220;][vc_empty_space height=&#8220;170px&#8220;][\/vc_column][vc_column width=&#8220;1\/2&#8243; css=&#8220;.vc_custom_1503997423997{background-color: #ffffff !important;}&#8220; offset=&#8220;vc_hidden-sm vc_hidden-xs&#8220;][vc_images_carousel images=&#8220;2628,2629,2630,2631,2632&#8243; img_size=&#8220;920&#215;347&#8243; onclick=&#8220;link_no&#8220; mode=&#8220;vertical&#8220; speed=&#8220;4000&#8243; autoplay=&#8220;yes&#8220; hide_pagination_control=&#8220;yes&#8220; hide_prev_next_buttons=&#8220;yes&#8220; wrap=&#8220;yes&#8220; css=&#8220;.vc_custom_1634712503182{margin-top: -15px !important;border-right-width: 15px !important;border-left-width: 15px !important;background-color: #ffffff !important;border-left-color: #ffffff !important;border-left-style: solid !important;border-right-color: #ffffff !important;border-right-style: solid !important;}&#8220; el_class=&#8220;slider_startseite&#8220;][\/vc_column][vc_column width=&#8220;1\/4&#8243; css=&#8220;.vc_custom_1503996034500{background-color: #ffffff !important;}&#8220; offset=&#8220;vc_hidden-sm vc_hidden-xs&#8220;][vc_empty_space height=&#8220;170px&#8220;][\/vc_column][\/vc_row][vc_row full_width=&#8220;stretch_row_content_no_spaces&#8220; css=&#8220;.vc_custom_1505814953945{padding-right: 50px !important;padding-left: 50px !important;background-color: #ffffff !important;}&#8220;][vc_column 0=&#8220;&#8220;][vc_column_text]<\/p>\n<h1 style=\"color: #44c47e;\">Go! Uni-Publicit\u00e9 SA<\/h1>\n<p>[\/vc_column_text][\/vc_column][\/vc_row][vc_row full_width=&#8220;stretch_row_content_no_spaces&#8220; css=&#8220;.vc_custom_1505814999545{background-color: #ffffff !important;}&#8220;][vc_column css=&#8220;.vc_custom_1503922895872{padding-right: 15% !important;padding-left: 15% !important;}&#8220;][vc_column_text]Un marketing universitaire qui s&#8217;adresse \u00e0 votre groupe cible au niveau local, national ou europ\u00e9en, qui int\u00e8gre de mani\u00e8re optimale toutes les mesures de communication judicieuses, qui respecte votre budget publicitaire, qui atteint votre groupe cible sans gaspillage et qui est tr\u00e8s amusant, tout cela est facilement r\u00e9alisable gr\u00e2ce aux sp\u00e9cialistes exp\u00e9riment\u00e9s de Go ! Uni-Publicit\u00e9.<\/p>\n<p>Quel type de publicit\u00e9 universitaire voulez-vous utiliser pour atteindre les jeunes ? 20 millions d&#8217;\u00e9tudiants et de dipl\u00f4m\u00e9s constituent des groupes cibles attrayants pour votre organisation &#8211; d&#8217;une part en tant qu&#8217;employ\u00e9s potentiels, d&#8217;autre part en tant que clients de services, de produits ou d&#8217;offres \u00e9ducatives.[\/vc_column_text][vc_empty_space height=&#8220;100px&#8220;][\/vc_column][\/vc_row][vc_row full_width=&#8220;stretch_row_content_no_spaces&#8220; parallax=&#8220;content-moving-fade&#8220; parallax_image=&#8220;2410&#8243; css=&#8220;.vc_custom_1507541305057{padding-right: 0px !important;padding-left: 0px !important;}&#8220;][vc_column css=&#8220;.vc_custom_1503575266921{padding-right: 15% !important;padding-left: 15% !important;}&#8220;][vc_column_text 0=&#8220;&#8220;]<\/p>\n<h1 style=\"color: #ffffff;\"><span style=\"font-family: helvetica,arial,sans-serif; color: #ffffff;\">Prestations<\/span><\/h1>\n<p>[\/vc_column_text][vc_column_text 0=&#8220;&#8220;]<span style=\"font-size: 14pt; color: #ffffff;\">Les possibilit\u00e9s dans le monde du marketing universitaire ou de la publicit\u00e9 universitaire sont de plus en plus riches et vari\u00e9es. Outre la publicit\u00e9 classique et mobile, les projets cr\u00e9atifs et les id\u00e9es publicitaires exceptionnelles gagnent en importance.<\/span><\/p>\n<p><span style=\"font-size: 14pt; color: #ffffff;\">Go ! Uni-Publicit\u00e9 vous offre les services d&#8217;un expert, d&#8217;une agence m\u00e9dia et d&#8217;un partenaire d&#8217;externalisation au sens d&#8217;un entrepreneur g\u00e9n\u00e9ral, et ceci provenant d&#8217;une seule entit\u00e9. En tant que soutien pour des projets individuels ou en tant que partenaire \u00e0 l&#8217;ann\u00e9e pour compl\u00e9ter votre \u00e9quipe.<\/span><\/p>\n<p><span style=\"font-size: 14pt; color: #ffffff;\">Consultez la gamme polyvalente des prestations, s\u00e9lectionnez les services appropri\u00e9s et laissez l&#8217;\u00e9quipe de Go! Uni-Publicit\u00e9 vous accompagner efficacement.<\/span>[\/vc_column_text][vc_btn title=&#8220;Les prestations en d\u00e9tail&#8220; style=&#8220;outline-custom&#8220; outline_custom_color=&#8220;#ffffff&#8220; outline_custom_hover_background=&#8220;#ffffff&#8220; outline_custom_hover_text=&#8220;#666666&#8243; size=&#8220;lg&#8220; align=&#8220;center&#8220; link=&#8220;url:%2Fdienstleistungen|||&#8220;][vc_empty_space height=&#8220;50px&#8220;][\/vc_column][\/vc_row][vc_row full_width=&#8220;stretch_row_content_no_spaces&#8220; css=&#8220;.vc_custom_1505742461056{background-color: #ffffff !important;}&#8220;][vc_column 0=&#8220;&#8220;][vc_empty_space height=&#8220;50px&#8220;][\/vc_column][\/vc_row][vc_row full_width=&#8220;stretch_row_content_no_spaces&#8220; equal_height=&#8220;yes&#8220; el_class=&#8220;start_3&#8243; css=&#8220;.vc_custom_1505740717665{padding-top: 40px !important;padding-bottom: 40px !important;background-color: #ffffff !important;}&#8220;][vc_column width=&#8220;1\/3&#8243; css=&#8220;.vc_custom_1507552886497{padding-right: 40px !important;padding-left: 60px !important;background-image: url(http:\/\/www2.go-uni.com\/wp-content\/uploads\/2017\/10\/bg_unternehmen.png?id=2413) !important;background-position: center !important;background-repeat: no-repeat !important;background-size: cover !important;}&#8220;][vc_column_text css=&#8220;.vc_custom_1634126417731{margin-bottom: 100px !important;}&#8220;]<div class=\"eds-animate edsanimate-sis-hidden \" data-eds-entry-animation=\"zoomIn\" data-eds-entry-delay=\"0\" data-eds-entry-duration=\"1\" data-eds-entry-timing=\"linear\" data-eds-exit-animation=\"\" data-eds-exit-delay=\"\" data-eds-exit-duration=\"\" data-eds-exit-timing=\"\" data-eds-repeat-count=\"1\" data-eds-keep=\"yes\" data-eds-animate-on=\"scroll\" data-eds-scroll-offset=\"75\"><\/p>\n<h1><span style=\"font-family: helvetica,arial,sans-serif; color: #ffffff;\"><strong>Pour les entreprises<\/strong><\/span><\/h1>\n<p><span style=\"color: #ffffff; font-family: helvetica,arial,sans-serif;\">Les \u00e9tudiants et les dipl\u00f4m\u00e9s constituent votre groupe cible principal ou secondaire ? N&#8217;h\u00e9sitez pas et inspirez les jeunes avec Go! Uni-Publicit\u00e9. Ils attendent d&#8217;acheter votre produit ou service ainsi que d&#8217;enrichir votre entreprise en tant qu&#8217;employ\u00e9s. Se convaincre des projets par la pratique.<\/span><\/p>\n<p><\/div>[\/vc_column_text][vc_btn title=&#8220;en savoir plus&#8220; style=&#8220;outline&#8220; size=&#8220;lg&#8220; align=&#8220;center&#8220; link=&#8220;url:%2Ffuer-unternehmen%2F|||&#8220; el_class=&#8220;button_mehr_erfahren&#8220;][\/vc_column][vc_column width=&#8220;1\/3&#8243; css=&#8220;.vc_custom_1507553450149{border-left-width: 20px !important;padding-right: 40px !important;padding-left: 40px !important;background-image: url(http:\/\/www2.go-uni.com\/wp-content\/uploads\/2017\/10\/bg_fuer_hoschulen.png?id=2415) !important;background-position: center !important;background-repeat: no-repeat !important;background-size: cover !important;border-left-color: #ffffff !important;border-left-style: solid !important;}&#8220;][vc_column_text css=&#8220;.vc_custom_1634126480873{margin-bottom: 100px !important;}&#8220;]<div class=\"eds-animate edsanimate-sis-hidden \" data-eds-entry-animation=\"zoomIn\" data-eds-entry-delay=\"0\" data-eds-entry-duration=\"1\" data-eds-entry-timing=\"linear\" data-eds-exit-animation=\"\" data-eds-exit-delay=\"\" data-eds-exit-duration=\"\" data-eds-exit-timing=\"\" data-eds-repeat-count=\"1\" data-eds-keep=\"yes\" data-eds-animate-on=\"scroll\" data-eds-scroll-offset=\"75\"><\/p>\n<p>&nbsp;<\/p>\n<h1><span style=\"font-family: helvetica,arial,sans-serif; color: #ffffff;\">Pour les universit\u00e9s<\/span><\/h1>\n<p><span style=\"font-family: helvetica,arial,sans-serif; color: #ffffff;\">Vous souhaitez offrir \u00e0 des \u00e9l\u00e8ves ou \u00e0 des \u00e9tudiants la possibilit\u00e9 d&#8217;\u00e9tudier avec vous ? R\u00e9alisez vos id\u00e9es individuelles gr\u00e2ce \u00e0 une offre diversifi\u00e9e de services et s\u00e9duisez les jeunes. D\u00e9couvrez ici comment d&#8217;autres universit\u00e9s ont atteint leur groupe cible.<\/span><\/p>\n<p><\/div>[\/vc_column_text][vc_btn title=&#8220;en savoir plus&#8220; style=&#8220;outline&#8220; size=&#8220;lg&#8220; align=&#8220;center&#8220; link=&#8220;url:%2Ffuer-hochschulen%2F|||&#8220; el_class=&#8220;button_mehr_erfahren&#8220;][\/vc_column][vc_column width=&#8220;1\/3&#8243; css=&#8220;.vc_custom_1507554331164{border-left-width: 20px !important;padding-right: 60px !important;padding-left: 40px !important;background-image: url(http:\/\/www2.go-uni.com\/wp-content\/uploads\/2017\/10\/bg_fuer_agenturen.png?id=2417) !important;background-position: center !important;background-repeat: no-repeat !important;background-size: cover !important;border-left-color: #ffffff !important;border-left-style: solid !important;}&#8220;][vc_column_text css=&#8220;.vc_custom_1634126509291{margin-bottom: 100px !important;}&#8220;]<div class=\"eds-animate edsanimate-sis-hidden \" data-eds-entry-animation=\"zoomIn\" data-eds-entry-delay=\"0\" data-eds-entry-duration=\"1\" data-eds-entry-timing=\"linear\" data-eds-exit-animation=\"\" data-eds-exit-delay=\"\" data-eds-exit-duration=\"\" data-eds-exit-timing=\"\" data-eds-repeat-count=\"1\" data-eds-keep=\"yes\" data-eds-animate-on=\"scroll\" data-eds-scroll-offset=\"75\"><\/p>\n<h1 style=\"color: #ffffff;\"><span style=\"font-family: helvetica,arial,sans-serif; color: #ffffff;\">Pour les agences<\/span><\/h1>\n<p><span style=\"font-family: helvetica,arial,sans-serif; color: #ffffff;\">Vous vous occupez d&#8217;un client qui s&#8217;int\u00e9resse au mat\u00e9riel promotionnel dans le secteur de l&#8217;enseignement sup\u00e9rieur ? D\u00e9passez les attentes de vos clients et offrez-leur la solution id\u00e9ale en choisissant votre offre dans un r\u00e9seau europ\u00e9en. Obtenez une vue d&#8217;ensemble des diff\u00e9rentes campagnes et mettez votre client sous son meilleur jour.<\/span><\/p>\n<p><\/div>[\/vc_column_text][vc_btn title=&#8220;en savoir plus&#8220; style=&#8220;outline&#8220; size=&#8220;lg&#8220; align=&#8220;center&#8220; link=&#8220;url:%2Ffuer-agenturen%2F|||&#8220; el_class=&#8220;button_mehr_erfahren&#8220;][\/vc_column][\/vc_row][\/vc_section][vc_row full_width=&#8220;stretch_row_content_no_spaces&#8220; css=&#8220;.vc_custom_1505740732323{background-color: #ffffff !important;}&#8220;][vc_column 0=&#8220;&#8220;][vc_empty_space height=&#8220;50px&#8220;][\/vc_column][\/vc_row]<\/p>\n","protected":false},"excerpt":{"rendered":"<p>[vc_section full_width=&#8220;stretch_row_content&#8220;][vc_row content_placement=&#8220;bottom&#8220;][vc_column css=&#8220;.vc_custom_1505814691720{padding-top: 5% !important;}&#8220;][vc_empty_space height=&#8220;100px&#8220;][vc_column_text css_animation=&#8220;zoomIn&#8220; el_class=&#8220;bannertext&#8220; css=&#8220;.vc_custom_1512466841674{margin-bottom: 5% !important;}&#8220;] University Marketing [\/vc_column_text][\/vc_column][vc_column width=&#8220;1\/4&#8243; css=&#8220;.vc_custom_1503996021141{background-color: #ffffff !important;}&#8220; offset=&#8220;vc_hidden-sm vc_hidden-xs&#8220;][vc_empty_space height=&#8220;170px&#8220;][\/vc_column][vc_column width=&#8220;1\/2&#8243; css=&#8220;.vc_custom_1503997423997{background-color: #ffffff !important;}&#8220; offset=&#8220;vc_hidden-sm vc_hidden-xs&#8220;][vc_images_carousel images=&#8220;2628,2629,2630,2631,2632&#8243; img_size=&#8220;920&#215;347&#8243; onclick=&#8220;link_no&#8220; mode=&#8220;vertical&#8220; speed=&#8220;4000&#8243; autoplay=&#8220;yes&#8220; hide_pagination_control=&#8220;yes&#8220; hide_prev_next_buttons=&#8220;yes&#8220; wrap=&#8220;yes&#8220; css=&#8220;.vc_custom_1634712503182{margin-top: -15px !important;border-right-width: 15px !important;border-left-width: 15px !important;background-color: #ffffff !important;border-left-color: #ffffff !important;border-left-style: solid !important;border-right-color: #ffffff !important;border-right-style: solid !important;}&#8220; el_class=&#8220;slider_startseite&#8220;][\/vc_column][vc_column width=&#8220;1\/4&#8243; css=&#8220;.vc_custom_1503996034500{background-color: <a href=\"https:\/\/www.go-uni.com\/fr\/\"> Read more&#8230;<\/a><\/p>\n","protected":false},"author":1,"featured_media":0,"parent":0,"menu_order":0,"comment_status":"closed","ping_status":"closed","template":"template-full-width.php","meta":[],"_links":{"self":[{"href":"https:\/\/www.go-uni.com\/fr\/wp-json\/wp\/v2\/pages\/7"}],"collection":[{"href":"https:\/\/www.go-uni.com\/fr\/wp-json\/wp\/v2\/pages"}],"about":[{"href":"https:\/\/www.go-uni.com\/fr\/wp-json\/wp\/v2\/types\/page"}],"author":[{"embeddable":true,"href":"https:\/\/www.go-uni.com\/fr\/wp-json\/wp\/v2\/users\/1"}],"replies":[{"embeddable":true,"href":"https:\/\/www.go-uni.com\/fr\/wp-json\/wp\/v2\/comments?post=7"}],"version-history":[{"count":484,"href":"https:\/\/www.go-uni.com\/fr\/wp-json\/wp\/v2\/pages\/7\/revisions"}],"predecessor-version":[{"id":2654,"href":"https:\/\/www.go-uni.com\/fr\/wp-json\/wp\/v2\/pages\/7\/revisions\/2654"}],"wp:attachment":[{"href":"https:\/\/www.go-uni.com\/fr\/wp-json\/wp\/v2\/media?parent=7"}],"curies":[{"name":"wp","href":"https:\/\/api.w.org\/{rel}","templated":true}]}}