{"id":754,"date":"2017-05-18T15:48:30","date_gmt":"2017-05-18T13:48:30","guid":{"rendered":"http:\/\/10.0.0.18\/go\/?page_id=754"},"modified":"2022-09-12T10:07:48","modified_gmt":"2022-09-12T08:07:48","slug":"employer-branding","status":"publish","type":"page","link":"https:\/\/www.go-uni.com\/fr\/dienstleistungen\/employer-branding\/","title":{"rendered":"Employer Branding"},"content":{"rendered":"<p>[vc_section][vc_row full_width=&#8220;stretch_row_content_no_spaces&#8220; parallax=&#8220;content-moving&#8220; parallax_image=&#8220;2359&#8243; css=&#8220;.vc_custom_1507025778739{padding-top: 10% !important;padding-right: 15% !important;padding-bottom: 10% !important;padding-left: 15% !important;background: #ffffff url(http:\/\/10.0.0.18\/go\/wp-content\/uploads\/2017\/08\/Employer-Branding.png?id=1855);background-position:center;background-repeat:-repeat !important;background-size: cover !important;}&#8220;][vc_column][vc_column_text css_animation=&#8220;fadeInLeft&#8220; el_class=&#8220;bannertext&#8220;]<\/p>\n<p style=\"text-align: center;\"><span style=\"font-size: 24pt;\"><strong>Chez Go ! Uni-Publicit\u00e9 est convaincu qu&#8217;une marque employeur forte vous aidera \u00e0 vous d\u00e9marquer et \u00e0 attirer les talents sur votre lieu de travail.<\/strong><\/span><\/p>\n<p>[\/vc_column_text][\/vc_column][\/vc_row][vc_row full_width=&#8220;stretch_row_content_no_spaces&#8220; css=&#8220;.vc_custom_1503579964451{padding-right: 50px !important;padding-left: 50px !important;background-color: #ffffff !important;}&#8220;][vc_column][vc_column_text 0=&#8220;&#8220;]<\/p>\n<h1>\u00a0Employer Branding<\/h1>\n<hr \/>\n<p>&nbsp;[\/vc_column_text][\/vc_column][\/vc_row][vc_row full_width=&#8220;stretch_row_content_no_spaces&#8220; css=&#8220;.vc_custom_1503580016242{padding-right: 15% !important;padding-left: 15% !important;background-color: #ffffff !important;}&#8220;][vc_column 0=&#8220;&#8220;][vc_column_text]<span style=\"font-size: 14pt;\"><div class=\"eds-animate edsanimate-sis-hidden \" data-eds-entry-animation=\"zoomIn\" data-eds-entry-delay=\"0\" data-eds-entry-duration=\"1\" data-eds-entry-timing=\"linear\" data-eds-exit-animation=\"\" data-eds-exit-delay=\"\" data-eds-exit-duration=\"\" data-eds-exit-timing=\"\" data-eds-repeat-count=\"1\" data-eds-keep=\"yes\" data-eds-animate-on=\"scroll\" data-eds-scroll-offset=\"75\"><\/span><\/p>\n<p><span style=\"font-size: 14pt;\">Une image de marque distinctive et une forte personnalit\u00e9 sont le fleuron d&#8217;une entreprise prosp\u00e8re. Une marque employeur clairement d\u00e9finie vous rend durablement attractif en tant qu&#8217;employeur. Assez des belles annonces d&#8217;image &#8211; il s&#8217;agit maintenant beaucoup plus de votre image de marque d&#8217;employeur, qui vous d\u00e9finit clairement en interne et en externe, et qui am\u00e9liore votre image.<\/div><\/span><\/p>\n<div class=\"eds-animate edsanimate-sis-hidden \" data-eds-entry-animation=\"zoomIn\" data-eds-entry-delay=\"0\" data-eds-entry-duration=\"1\" data-eds-entry-timing=\"linear\" data-eds-exit-animation=\"\" data-eds-exit-delay=\"\" data-eds-exit-duration=\"\" data-eds-exit-timing=\"\" data-eds-repeat-count=\"1\" data-eds-keep=\"yes\" data-eds-animate-on=\"scroll\" data-eds-scroll-offset=\"75\">\n<p>Oubliez le langage d&#8217;entreprise ennuyeux et touchez votre groupe cible avec vos histoires. Augmentez la qualit\u00e9 de votre employeur et prenez une place d\u00e9cisive dans la comp\u00e9titivit\u00e9. Utilisez les diff\u00e9rents canaux publicitaires de Go ! Uni-Publicit\u00e9 SA et am\u00e9liorez votre image d&#8217;employeur.<\/div>\n<div class=\"eds-animate edsanimate-sis-hidden \" data-eds-entry-animation=\"zoomIn\" data-eds-entry-delay=\"0\" data-eds-entry-duration=\"1\" data-eds-entry-timing=\"linear\" data-eds-exit-animation=\"\" data-eds-exit-delay=\"\" data-eds-exit-duration=\"\" data-eds-exit-timing=\"\" data-eds-repeat-count=\"1\" data-eds-keep=\"yes\" data-eds-animate-on=\"scroll\" data-eds-scroll-offset=\"75\">\n<p>Profitez d&#8217;une longue exp\u00e9rience dans le secteur de l&#8217;enseignement sup\u00e9rieur, d&#8217;un r\u00e9seau europ\u00e9en et d&#8217;un contact intensif avec votre groupe cible. Faites conna\u00eetre vos points forts et vos particularit\u00e9s et touchez ainsi les jeunes.<\/div>[\/vc_column_text][\/vc_column][\/vc_row][vc_row full_width=&#8220;stretch_row_content_no_spaces&#8220; css=&#8220;.vc_custom_1503580063131{padding-right: 15% !important;padding-left: 15% !important;background-color: #ffffff !important;}&#8220;][vc_column][vc_column_text 0=&#8220;&#8220;]<\/span>[\/vc_column_text][\/vc_column][\/vc_row][\/vc_section]<\/p>\n","protected":false},"excerpt":{"rendered":"<p>[vc_section][vc_row full_width=&#8220;stretch_row_content_no_spaces&#8220; parallax=&#8220;content-moving&#8220; parallax_image=&#8220;2359&#8243; css=&#8220;.vc_custom_1507025778739{padding-top: 10% !important;padding-right: 15% !important;padding-bottom: 10% !important;padding-left: 15% !important;background: #ffffff url(http:\/\/10.0.0.18\/go\/wp-content\/uploads\/2017\/08\/Employer-Branding.png?id=1855);background-position:center;background-repeat:-repeat !important;background-size: cover !important;}&#8220;][vc_column][vc_column_text css_animation=&#8220;fadeInLeft&#8220; el_class=&#8220;bannertext&#8220;] Chez Go ! Uni-Publicit\u00e9 est convaincu qu&#8217;une marque employeur forte vous aidera \u00e0 vous d\u00e9marquer et \u00e0 attirer les talents sur votre lieu de travail. [\/vc_column_text][\/vc_column][\/vc_row][vc_row full_width=&#8220;stretch_row_content_no_spaces&#8220; css=&#8220;.vc_custom_1503579964451{padding-right: 50px !important;padding-left: 50px !important;background-color: #ffffff !important;}&#8220;][vc_column][vc_column_text 0=&#8220;&#8220;] \u00a0Employer Branding <a href=\"https:\/\/www.go-uni.com\/fr\/dienstleistungen\/employer-branding\/\"> Read more&#8230;<\/a><\/p>\n","protected":false},"author":1,"featured_media":0,"parent":1620,"menu_order":0,"comment_status":"closed","ping_status":"closed","template":"","meta":[],"_links":{"self":[{"href":"https:\/\/www.go-uni.com\/fr\/wp-json\/wp\/v2\/pages\/754"}],"collection":[{"href":"https:\/\/www.go-uni.com\/fr\/wp-json\/wp\/v2\/pages"}],"about":[{"href":"https:\/\/www.go-uni.com\/fr\/wp-json\/wp\/v2\/types\/page"}],"author":[{"embeddable":true,"href":"https:\/\/www.go-uni.com\/fr\/wp-json\/wp\/v2\/users\/1"}],"replies":[{"embeddable":true,"href":"https:\/\/www.go-uni.com\/fr\/wp-json\/wp\/v2\/comments?post=754"}],"version-history":[{"count":23,"href":"https:\/\/www.go-uni.com\/fr\/wp-json\/wp\/v2\/pages\/754\/revisions"}],"predecessor-version":[{"id":2724,"href":"https:\/\/www.go-uni.com\/fr\/wp-json\/wp\/v2\/pages\/754\/revisions\/2724"}],"up":[{"embeddable":true,"href":"https:\/\/www.go-uni.com\/fr\/wp-json\/wp\/v2\/pages\/1620"}],"wp:attachment":[{"href":"https:\/\/www.go-uni.com\/fr\/wp-json\/wp\/v2\/media?parent=754"}],"curies":[{"name":"wp","href":"https:\/\/api.w.org\/{rel}","templated":true}]}}