{"id":756,"date":"2017-05-18T15:48:48","date_gmt":"2017-05-18T13:48:48","guid":{"rendered":"http:\/\/10.0.0.18\/go\/?page_id=756"},"modified":"2021-10-13T10:19:44","modified_gmt":"2021-10-13T08:19:44","slug":"social-media-2","status":"publish","type":"page","link":"https:\/\/www.go-uni.com\/fr\/dienstleistungen\/social-media-2\/","title":{"rendered":"M\u00e9dias sociaux"},"content":{"rendered":"<p>[vc_section][vc_row full_width=&#8220;stretch_row_content_no_spaces&#8220; parallax=&#8220;content-moving&#8220; parallax_image=&#8220;2356&#8243; css=&#8220;.vc_custom_1507024626592{padding-top: 10% !important;padding-right: 15% !important;padding-bottom: 10% !important;padding-left: 15% !important;background: #ffffff url(http:\/\/10.0.0.18\/go\/wp-content\/uploads\/2017\/09\/Social-Media-2.png?id=2094);background-position:center;background-repeat:-repeat !important;background-size: cover !important;}&#8220;][vc_column][vc_column_text css_animation=&#8220;fadeInLeft&#8220; el_class=&#8220;bannertext&#8220;]<\/p>\n<p style=\"text-align: center;\"><span style=\"font-size: 20pt;\"><strong>Nous, \u00e0 Go ! Uni-Publicit\u00e9 croit en la possibilit\u00e9 de mettre en \u0153uvre votre id\u00e9e de mani\u00e8re efficace.<\/strong><\/span><\/p>\n<p>[\/vc_column_text][\/vc_column][\/vc_row][vc_row full_width=&#8220;stretch_row_content_no_spaces&#8220; css=&#8220;.vc_custom_1503579656798{padding-right: 50px !important;padding-left: 50px !important;background-color: #ffffff !important;}&#8220;][vc_column][vc_column_text 0=&#8220;&#8220;]<div class=\"eds-animate edsanimate-sis-hidden \" data-eds-entry-animation=\"lightSpeedIn\" data-eds-entry-delay=\"0\" data-eds-entry-duration=\"1.5\" data-eds-entry-timing=\"linear\" data-eds-exit-animation=\"\" data-eds-exit-delay=\"\" data-eds-exit-duration=\"\" data-eds-exit-timing=\"\" data-eds-repeat-count=\"1\" data-eds-keep=\"yes\" data-eds-animate-on=\"scroll\" data-eds-scroll-offset=\"75\"><\/p>\n<h1>M\u00e9dias sociaux<\/h1>\n<hr \/>\n<p><\/div>[\/vc_column_text][\/vc_column][\/vc_row][vc_row full_width=&#8220;stretch_row_content_no_spaces&#8220; css=&#8220;.vc_custom_1503579621330{padding-right: 15% !important;padding-left: 15% !important;background-color: #ffffff !important;}&#8220;][vc_column][vc_column_text]<div class=\"eds-animate edsanimate-sis-hidden \" data-eds-entry-animation=\"zoomIn\" data-eds-entry-delay=\"0\" data-eds-entry-duration=\"1\" data-eds-entry-timing=\"linear\" data-eds-exit-animation=\"\" data-eds-exit-delay=\"\" data-eds-exit-duration=\"\" data-eds-exit-timing=\"\" data-eds-repeat-count=\"1\" data-eds-keep=\"yes\" data-eds-animate-on=\"scroll\" data-eds-scroll-offset=\"75\"><\/p>\n<p><span style=\"font-size: 14pt;\">Un regard sur l&#8217;ensemble du r\u00e9seau des m\u00e9dias sociaux montre \u00e0 quel point les jeunes sont actifs sur les plateformes sociales.\u00a0 Ce n&#8217;est un secret pour personne qu&#8217;ils passent le plus clair de leur temps sur leur t\u00e9l\u00e9phone portable ou leur ordinateur portable. Ils \u00e9changent litt\u00e9ralement des informations sur une grande vari\u00e9t\u00e9 de sujets. C&#8217;est pourquoi il est tr\u00e8s avantageux de disposer d&#8217;une gestion de communaut\u00e9 efficace afin d&#8217;entretenir une relation durable avec votre groupe cible.<\/span><\/div> <div class=\"eds-animate edsanimate-sis-hidden \" data-eds-entry-animation=\"zoomIn\" data-eds-entry-delay=\"0\" data-eds-entry-duration=\"1\" data-eds-entry-timing=\"linear\" data-eds-exit-animation=\"\" data-eds-exit-delay=\"\" data-eds-exit-duration=\"\" data-eds-exit-timing=\"\" data-eds-repeat-count=\"1\" data-eds-keep=\"yes\" data-eds-animate-on=\"scroll\" data-eds-scroll-offset=\"75\"><\/p>\n<p><span style=\"font-size: 14pt;\">Utilisez ces connaissances et commercialisez vos services sur ces m\u00eames plateformes. Maintenez votre r\u00e9putation, engagez votre groupe cible et \u00e9tablissez un lien personnel avec les jeunes.<\/span><\/div> <div class=\"eds-animate edsanimate-sis-hidden \" data-eds-entry-animation=\"zoomIn\" data-eds-entry-delay=\"0\" data-eds-entry-duration=\"1\" data-eds-entry-timing=\"linear\" data-eds-exit-animation=\"\" data-eds-exit-delay=\"\" data-eds-exit-duration=\"\" data-eds-exit-timing=\"\" data-eds-repeat-count=\"1\" data-eds-keep=\"yes\" data-eds-animate-on=\"scroll\" data-eds-scroll-offset=\"75\"><\/p>\n<p><span style=\"font-size: 14pt;\">Go ! Uni-Publicit\u00e9 SA vous accompagne et vous conseille dans cette d\u00e9marche. Pour avoir un impact efficace dans le monde des m\u00e9dias sociaux, Go ! analyse \u00e0 l&#8217;avance votre positionnement sur le march\u00e9 ainsi que votre croissance. D\u00e9passer les attentes des \u00e9l\u00e8ves gr\u00e2ce \u00e0 une planification efficace.<\/span><\/div>[\/vc_column_text][vc_empty_space height=&#8220;80px&#8220;][\/vc_column][\/vc_row][\/vc_section]<\/p>\n","protected":false},"excerpt":{"rendered":"<p>[vc_section][vc_row full_width=&#8220;stretch_row_content_no_spaces&#8220; parallax=&#8220;content-moving&#8220; parallax_image=&#8220;2356&#8243; css=&#8220;.vc_custom_1507024626592{padding-top: 10% !important;padding-right: 15% !important;padding-bottom: 10% !important;padding-left: 15% !important;background: #ffffff url(http:\/\/10.0.0.18\/go\/wp-content\/uploads\/2017\/09\/Social-Media-2.png?id=2094);background-position:center;background-repeat:-repeat !important;background-size: cover !important;}&#8220;][vc_column][vc_column_text css_animation=&#8220;fadeInLeft&#8220; el_class=&#8220;bannertext&#8220;] Nous, \u00e0 Go ! Uni-Publicit\u00e9 croit en la possibilit\u00e9 de mettre en \u0153uvre votre id\u00e9e de mani\u00e8re efficace. [\/vc_column_text][\/vc_column][\/vc_row][vc_row full_width=&#8220;stretch_row_content_no_spaces&#8220; css=&#8220;.vc_custom_1503579656798{padding-right: 50px !important;padding-left: 50px !important;background-color: #ffffff !important;}&#8220;][vc_column][vc_column_text 0=&#8220;&#8220;] M\u00e9dias sociaux [\/vc_column_text][\/vc_column][\/vc_row][vc_row full_width=&#8220;stretch_row_content_no_spaces&#8220; css=&#8220;.vc_custom_1503579621330{padding-right: 15% !important;padding-left: 15% !important;background-color: <a href=\"https:\/\/www.go-uni.com\/fr\/dienstleistungen\/social-media-2\/\"> Read more&#8230;<\/a><\/p>\n","protected":false},"author":1,"featured_media":0,"parent":1620,"menu_order":0,"comment_status":"closed","ping_status":"closed","template":"","meta":[],"_links":{"self":[{"href":"https:\/\/www.go-uni.com\/fr\/wp-json\/wp\/v2\/pages\/756"}],"collection":[{"href":"https:\/\/www.go-uni.com\/fr\/wp-json\/wp\/v2\/pages"}],"about":[{"href":"https:\/\/www.go-uni.com\/fr\/wp-json\/wp\/v2\/types\/page"}],"author":[{"embeddable":true,"href":"https:\/\/www.go-uni.com\/fr\/wp-json\/wp\/v2\/users\/1"}],"replies":[{"embeddable":true,"href":"https:\/\/www.go-uni.com\/fr\/wp-json\/wp\/v2\/comments?post=756"}],"version-history":[{"count":16,"href":"https:\/\/www.go-uni.com\/fr\/wp-json\/wp\/v2\/pages\/756\/revisions"}],"predecessor-version":[{"id":2622,"href":"https:\/\/www.go-uni.com\/fr\/wp-json\/wp\/v2\/pages\/756\/revisions\/2622"}],"up":[{"embeddable":true,"href":"https:\/\/www.go-uni.com\/fr\/wp-json\/wp\/v2\/pages\/1620"}],"wp:attachment":[{"href":"https:\/\/www.go-uni.com\/fr\/wp-json\/wp\/v2\/media?parent=756"}],"curies":[{"name":"wp","href":"https:\/\/api.w.org\/{rel}","templated":true}]}}