{"id":760,"date":"2017-05-18T15:48:12","date_gmt":"2017-05-18T13:48:12","guid":{"rendered":"http:\/\/10.0.0.18\/go\/?page_id=760"},"modified":"2022-01-17T14:25:26","modified_gmt":"2022-01-17T13:25:26","slug":"projekt-outsourcing-2","status":"publish","type":"page","link":"https:\/\/www.go-uni.com\/fr\/dienstleistungen\/projekt-outsourcing-2\/","title":{"rendered":"Projet d&#8217;externalisation"},"content":{"rendered":"<p>[vc_section][vc_row full_width=&#8220;stretch_row_content_no_spaces&#8220; parallax=&#8220;content-moving&#8220; parallax_image=&#8220;2354&#8243; css=&#8220;.vc_custom_1507024075941{padding-top: 10% !important;padding-right: 15% !important;padding-bottom: 10% !important;padding-left: 15% !important;background: #ffffff url(http:\/\/10.0.0.18\/go\/wp-content\/uploads\/2017\/08\/Projekt-Outsourcing.png?id=1860);background-position:center;background-repeat:-repeat !important;background-size: cover !important;}&#8220;][vc_column][vc_column_text css_animation=&#8220;fadeInLeft&#8220; el_class=&#8220;bannertext&#8220;]<\/p>\n<p style=\"text-align: center;\"><span style=\"font-size: 24pt;\"><strong>Chez Go ! Uni-Publicit\u00e9 croit qu&#8217;en externalisant les t\u00e2ches op\u00e9rationnelles et r\u00e9p\u00e9titives \u00e0 Go ! vous obtiendrez plus de ressources pour votre marketing universitaire.<\/strong><\/span><\/p>\n<p>[\/vc_column_text][\/vc_column][\/vc_row][vc_row full_width=&#8220;stretch_row_content_no_spaces&#8220; css=&#8220;.vc_custom_1503579309356{padding-right: 50px !important;padding-left: 50px !important;background-color: #ffffff !important;}&#8220;][vc_column][vc_column_text]<div class=\"eds-animate edsanimate-sis-hidden \" data-eds-entry-animation=\"lightSpeedIn\" data-eds-entry-delay=\"0\" data-eds-entry-duration=\"1.5\" data-eds-entry-timing=\"linear\" data-eds-exit-animation=\"\" data-eds-exit-delay=\"\" data-eds-exit-duration=\"\" data-eds-exit-timing=\"\" data-eds-repeat-count=\"1\" data-eds-keep=\"yes\" data-eds-animate-on=\"scroll\" data-eds-scroll-offset=\"75\"><\/p>\n<h1>Projet d&#8217;externalisation<\/h1>\n<hr \/>\n<p><\/div>[\/vc_column_text][\/vc_column][\/vc_row][vc_row full_width=&#8220;stretch_row_content_no_spaces&#8220; css=&#8220;.vc_custom_1503579330571{padding-right: 15% !important;padding-left: 15% !important;background-color: #ffffff !important;}&#8220;][vc_column 0=&#8220;&#8220;][vc_column_text]<span style=\"font-size: 14pt;\"><div class=\"eds-animate edsanimate-sis-hidden \" data-eds-entry-animation=\"zoomIn\" data-eds-entry-delay=\"0\" data-eds-entry-duration=\"1\" data-eds-entry-timing=\"linear\" data-eds-exit-animation=\"\" data-eds-exit-delay=\"\" data-eds-exit-duration=\"\" data-eds-exit-timing=\"\" data-eds-repeat-count=\"1\" data-eds-keep=\"yes\" data-eds-animate-on=\"scroll\" data-eds-scroll-offset=\"75\"><\/span><\/p>\n<p><span style=\"font-size: 14pt;\">Les id\u00e9es inhabituelles et nouvelles attirent l&#8217;attention des jeunes. Allez \u00e0 contre-courant et surprenez votre groupe cible avec des projets cr\u00e9atifs. Les \u00e9tudiants satisfaits sont le pass\u00e9, les \u00e9tudiants enthousiastes l&#8217;avenir. Laissez libre cours \u00e0 votre imagination et \u00e0 votre cr\u00e9ativit\u00e9. Sortez des sentiers battus et d\u00e9marquez-vous de la concurrence.<\/div><\/span><\/p>\n<p><span style=\"font-size: 14pt;\"><div class=\"eds-animate edsanimate-sis-hidden \" data-eds-entry-animation=\"zoomIn\" data-eds-entry-delay=\"0\" data-eds-entry-duration=\"1\" data-eds-entry-timing=\"linear\" data-eds-exit-animation=\"\" data-eds-exit-delay=\"\" data-eds-exit-duration=\"\" data-eds-exit-timing=\"\" data-eds-repeat-count=\"1\" data-eds-keep=\"yes\" data-eds-animate-on=\"scroll\" data-eds-scroll-offset=\"75\"><\/span><\/p>\n<p><span style=\"font-size: 14pt;\">R\u00e9unir tout sous un m\u00eame chapeau &#8211; de l&#8217;id\u00e9e extraordinaire au produit fini &#8211; est tr\u00e8s exigeant. Gagnez du temps et b\u00e9n\u00e9ficiez d&#8217;un soutien pour la mise en \u0153uvre de votre nouveau projet.<\/div><\/span><\/p>\n<p><span style=\"font-size: 14pt;\"><div class=\"eds-animate edsanimate-sis-hidden \" data-eds-entry-animation=\"zoomIn\" data-eds-entry-delay=\"0\" data-eds-entry-duration=\"1\" data-eds-entry-timing=\"linear\" data-eds-exit-animation=\"\" data-eds-exit-delay=\"\" data-eds-exit-duration=\"\" data-eds-exit-timing=\"\" data-eds-repeat-count=\"1\" data-eds-keep=\"yes\" data-eds-animate-on=\"scroll\" data-eds-scroll-offset=\"75\"><\/span><\/p>\n<p><span style=\"font-size: 14pt;\">Go ! Uni-Publicit\u00e9 SA rend l&#8217;impossible possible. Qu&#8217;il s&#8217;agisse d&#8217;un projet de A \u00e0 Z ou d&#8217;un petit sous-projet, l&#8217;une des forces de Go ! Uni-Publicit\u00e9 SA r\u00e9side dans le conseil global et la mise en \u0153uvre efficace et cr\u00e9ative des projets.<\/div><\/span>[\/vc_column_text][\/vc_column][\/vc_row][\/vc_section]<\/p>\n","protected":false},"excerpt":{"rendered":"<p>[vc_section][vc_row full_width=&#8220;stretch_row_content_no_spaces&#8220; parallax=&#8220;content-moving&#8220; parallax_image=&#8220;2354&#8243; css=&#8220;.vc_custom_1507024075941{padding-top: 10% !important;padding-right: 15% !important;padding-bottom: 10% !important;padding-left: 15% !important;background: #ffffff url(http:\/\/10.0.0.18\/go\/wp-content\/uploads\/2017\/08\/Projekt-Outsourcing.png?id=1860);background-position:center;background-repeat:-repeat !important;background-size: cover !important;}&#8220;][vc_column][vc_column_text css_animation=&#8220;fadeInLeft&#8220; el_class=&#8220;bannertext&#8220;] Chez Go ! Uni-Publicit\u00e9 croit qu&#8217;en externalisant les t\u00e2ches op\u00e9rationnelles et r\u00e9p\u00e9titives \u00e0 Go ! vous obtiendrez plus de ressources pour votre marketing universitaire. [\/vc_column_text][\/vc_column][\/vc_row][vc_row full_width=&#8220;stretch_row_content_no_spaces&#8220; css=&#8220;.vc_custom_1503579309356{padding-right: 50px !important;padding-left: 50px !important;background-color: #ffffff !important;}&#8220;][vc_column][vc_column_text] Projet d&#8217;externalisation [\/vc_column_text][\/vc_column][\/vc_row][vc_row full_width=&#8220;stretch_row_content_no_spaces&#8220; <a href=\"https:\/\/www.go-uni.com\/fr\/dienstleistungen\/projekt-outsourcing-2\/\"> Read more&#8230;<\/a><\/p>\n","protected":false},"author":1,"featured_media":0,"parent":1620,"menu_order":0,"comment_status":"closed","ping_status":"closed","template":"","meta":[],"_links":{"self":[{"href":"https:\/\/www.go-uni.com\/fr\/wp-json\/wp\/v2\/pages\/760"}],"collection":[{"href":"https:\/\/www.go-uni.com\/fr\/wp-json\/wp\/v2\/pages"}],"about":[{"href":"https:\/\/www.go-uni.com\/fr\/wp-json\/wp\/v2\/types\/page"}],"author":[{"embeddable":true,"href":"https:\/\/www.go-uni.com\/fr\/wp-json\/wp\/v2\/users\/1"}],"replies":[{"embeddable":true,"href":"https:\/\/www.go-uni.com\/fr\/wp-json\/wp\/v2\/comments?post=760"}],"version-history":[{"count":17,"href":"https:\/\/www.go-uni.com\/fr\/wp-json\/wp\/v2\/pages\/760\/revisions"}],"predecessor-version":[{"id":2690,"href":"https:\/\/www.go-uni.com\/fr\/wp-json\/wp\/v2\/pages\/760\/revisions\/2690"}],"up":[{"embeddable":true,"href":"https:\/\/www.go-uni.com\/fr\/wp-json\/wp\/v2\/pages\/1620"}],"wp:attachment":[{"href":"https:\/\/www.go-uni.com\/fr\/wp-json\/wp\/v2\/media?parent=760"}],"curies":[{"name":"wp","href":"https:\/\/api.w.org\/{rel}","templated":true}]}}