{"id":762,"date":"2017-05-18T15:57:52","date_gmt":"2017-05-18T13:57:52","guid":{"rendered":"http:\/\/10.0.0.18\/go\/?page_id=762"},"modified":"2022-01-17T14:59:05","modified_gmt":"2022-01-17T13:59:05","slug":"jobfabrik","status":"publish","type":"page","link":"https:\/\/www.go-uni.com\/fr\/dienstleistungen\/jobfabrik\/","title":{"rendered":"Usine de travail"},"content":{"rendered":"<p>[vc_section 0=&#8220;&#8220;][vc_row full_width=&#8220;stretch_row_content_no_spaces&#8220; css=&#8220;.vc_custom_1503578620534{padding: 10% !important;background: url(wp-content\/uploads\/2022\/01\/pexels-fauxels-3184465-scaled.jpg) !important;background-position: center !important;background-repeat: no-repeat !important;background-size: cover !important;}&#8220;][vc_column 0=&#8220;&#8220;][vc_column_text css_animation=&#8220;fadeInLeft&#8220; el_class=&#8220;bannertext&#8220;]<\/p>\n<p style=\"text-align: center;\"><span style=\"font-size: 20pt;\"><strong>Nous, \u00e0 Go ! Uni-Publicit\u00e9 est convaincu que les bons \u00e9tudiants ou dipl\u00f4m\u00e9s apportent une bouff\u00e9e d&#8217;air frais \u00e0 votre entreprise.<\/strong><\/span><\/p>\n<p>[\/vc_column_text][\/vc_column][\/vc_row][vc_row full_width=&#8220;stretch_row_content_no_spaces&#8220; css=&#8220;.vc_custom_1503578570703{padding-right: 50px !important;padding-left: 50px !important;background-color: #ffffff !important;}&#8220;][vc_column 0=&#8220;&#8220;][vc_column_text]<div class=\"eds-animate edsanimate-sis-hidden \" data-eds-entry-animation=\"lightSpeedIn\" data-eds-entry-delay=\"0\" data-eds-entry-duration=\"1.5\" data-eds-entry-timing=\"linear\" data-eds-exit-animation=\"\" data-eds-exit-delay=\"\" data-eds-exit-duration=\"\" data-eds-exit-timing=\"\" data-eds-repeat-count=\"1\" data-eds-keep=\"yes\" data-eds-animate-on=\"scroll\" data-eds-scroll-offset=\"75\"><\/p>\n<h1>Usine de travail<\/h1>\n<hr \/>\n<p><\/div>[\/vc_column_text][\/vc_column][\/vc_row][vc_row full_width=&#8220;stretch_row_content_no_spaces&#8220; css=&#8220;.vc_custom_1503578727419{padding-right: 15% !important;padding-left: 15% !important;background-color: #ffffff !important;}&#8220;][vc_column 0=&#8220;&#8220;][vc_column_text]<span style=\"font-size: 14pt;\"><div class=\"eds-animate edsanimate-sis-hidden \" data-eds-entry-animation=\"zoomIn\" data-eds-entry-delay=\"0\" data-eds-entry-duration=\"1\" data-eds-entry-timing=\"linear\" data-eds-exit-animation=\"\" data-eds-exit-delay=\"\" data-eds-exit-duration=\"\" data-eds-exit-timing=\"\" data-eds-repeat-count=\"1\" data-eds-keep=\"yes\" data-eds-animate-on=\"scroll\" data-eds-scroll-offset=\"75\"><\/span><\/p>\n<p><span style=\"font-size: 14pt;\">Il est difficile d&#8217;imaginer une entreprise sans les bons talents. Votre \u00e9quipe est qualifi\u00e9e et fonctionne \u00e9galement de mani\u00e8re interpersonnelle entre eux. Vos processus de travail se d\u00e9roulent sans heurts. Vous disposez maintenant d&#8217;un poste de stagiaire, d&#8217;un stage ou d&#8217;un poste de d\u00e9butant et vous souhaitez le pourvoir de mani\u00e8re optimale. Mais comment trouver les bons \u00e9tudiants ou dipl\u00f4m\u00e9s le plus rapidement possible ?<\/div><\/span><\/p>\n<p><span style=\"font-size: 14pt;\"><div class=\"eds-animate edsanimate-sis-hidden \" data-eds-entry-animation=\"zoomIn\" data-eds-entry-delay=\"0\" data-eds-entry-duration=\"1\" data-eds-entry-timing=\"linear\" data-eds-exit-animation=\"\" data-eds-exit-delay=\"\" data-eds-exit-duration=\"\" data-eds-exit-timing=\"\" data-eds-repeat-count=\"1\" data-eds-keep=\"yes\" data-eds-animate-on=\"scroll\" data-eds-scroll-offset=\"75\"><\/span><\/p>\n<p><span style=\"font-size: 14pt;\">Il est de plus en plus difficile de trouver des employ\u00e9s efficaces et engag\u00e9s. En outre, la recherche de personnel prend beaucoup de temps et doit g\u00e9n\u00e9ralement \u00eatre effectu\u00e9e rapidement. De nombreuses entreprises n&#8217;ont pas le temps de s&#8217;occuper correctement de leur personnel. Par cons\u00e9quent, \u00e9conomisez votre temps sur les recherches fastidieuses de personnel et confiez cette bureaucratie \u00e0 Go ! Uni-Publicit\u00e9 SA. Avec peu d&#8217;efforts, votre recrutement d&#8217;\u00e9tudiants deviendra plus facile.<\/div><\/span><\/p>\n<p><span style=\"font-size: 14pt;\"><div class=\"eds-animate edsanimate-sis-hidden \" data-eds-entry-animation=\"zoomIn\" data-eds-entry-delay=\"0\" data-eds-entry-duration=\"1\" data-eds-entry-timing=\"linear\" data-eds-exit-animation=\"\" data-eds-exit-delay=\"\" data-eds-exit-duration=\"\" data-eds-exit-timing=\"\" data-eds-repeat-count=\"1\" data-eds-keep=\"yes\" data-eds-animate-on=\"scroll\" data-eds-scroll-offset=\"75\"><\/span><\/p>\n<p><span style=\"font-size: 14pt;\">Go ! Uni-Publicit\u00e9 SA vous soutient dans le processus de recrutement. Gr\u00e2ce \u00e0 notre coop\u00e9ration efficace avec diff\u00e9rents portails \u00e9tudiants et \u00e0 notre longue exp\u00e9rience dans le secteur universitaire, votre offre d&#8217;emploi sera plac\u00e9e sur les portails que vous avez s\u00e9lectionn\u00e9s. Entre autres choses, vous n&#8217;aurez pas \u00e0 trier les \u00e9tudiants non qualifi\u00e9s. Vous recevrez de Go ! Uni-Publicit\u00e9 uniquement des dossiers s\u00e9lectionn\u00e9s de candidats qui aideront votre entreprise \u00e0 progresser. Go ! Uni-Publicit\u00e9 SA \u00e9crit une lettre de refus directement aux candidats inad\u00e9quats.<\/div><\/span>[\/vc_column_text][\/vc_column][\/vc_row][\/vc_section]<\/p>\n","protected":false},"excerpt":{"rendered":"<p>[vc_section 0=&#8220;&#8220;][vc_row full_width=&#8220;stretch_row_content_no_spaces&#8220; css=&#8220;.vc_custom_1503578620534{padding: 10% !important;background: url(wp-content\/uploads\/2022\/01\/pexels-fauxels-3184465-scaled.jpg) !important;background-position: center !important;background-repeat: no-repeat !important;background-size: cover !important;}&#8220;][vc_column 0=&#8220;&#8220;][vc_column_text css_animation=&#8220;fadeInLeft&#8220; el_class=&#8220;bannertext&#8220;] Nous, \u00e0 Go ! Uni-Publicit\u00e9 est convaincu que les bons \u00e9tudiants ou dipl\u00f4m\u00e9s apportent une bouff\u00e9e d&#8217;air frais \u00e0 votre entreprise. [\/vc_column_text][\/vc_column][\/vc_row][vc_row full_width=&#8220;stretch_row_content_no_spaces&#8220; css=&#8220;.vc_custom_1503578570703{padding-right: 50px !important;padding-left: 50px !important;background-color: #ffffff !important;}&#8220;][vc_column 0=&#8220;&#8220;][vc_column_text] Usine de travail [\/vc_column_text][\/vc_column][\/vc_row][vc_row full_width=&#8220;stretch_row_content_no_spaces&#8220; css=&#8220;.vc_custom_1503578727419{padding-right: 15% !important;padding-left: 15% <a href=\"https:\/\/www.go-uni.com\/fr\/dienstleistungen\/jobfabrik\/\"> Read more&#8230;<\/a><\/p>\n","protected":false},"author":1,"featured_media":2673,"parent":1620,"menu_order":0,"comment_status":"closed","ping_status":"closed","template":"","meta":[],"_links":{"self":[{"href":"https:\/\/www.go-uni.com\/fr\/wp-json\/wp\/v2\/pages\/762"}],"collection":[{"href":"https:\/\/www.go-uni.com\/fr\/wp-json\/wp\/v2\/pages"}],"about":[{"href":"https:\/\/www.go-uni.com\/fr\/wp-json\/wp\/v2\/types\/page"}],"author":[{"embeddable":true,"href":"https:\/\/www.go-uni.com\/fr\/wp-json\/wp\/v2\/users\/1"}],"replies":[{"embeddable":true,"href":"https:\/\/www.go-uni.com\/fr\/wp-json\/wp\/v2\/comments?post=762"}],"version-history":[{"count":24,"href":"https:\/\/www.go-uni.com\/fr\/wp-json\/wp\/v2\/pages\/762\/revisions"}],"predecessor-version":[{"id":2698,"href":"https:\/\/www.go-uni.com\/fr\/wp-json\/wp\/v2\/pages\/762\/revisions\/2698"}],"up":[{"embeddable":true,"href":"https:\/\/www.go-uni.com\/fr\/wp-json\/wp\/v2\/pages\/1620"}],"wp:featuredmedia":[{"embeddable":true,"href":"https:\/\/www.go-uni.com\/fr\/wp-json\/wp\/v2\/media\/2673"}],"wp:attachment":[{"href":"https:\/\/www.go-uni.com\/fr\/wp-json\/wp\/v2\/media?parent=762"}],"curies":[{"name":"wp","href":"https:\/\/api.w.org\/{rel}","templated":true}]}}