{"id":764,"date":"2017-05-18T15:58:55","date_gmt":"2017-05-18T13:58:55","guid":{"rendered":"http:\/\/10.0.0.18\/go\/?page_id=764"},"modified":"2021-10-13T09:42:53","modified_gmt":"2021-10-13T07:42:53","slug":"sampling","status":"publish","type":"page","link":"https:\/\/www.go-uni.com\/fr\/dienstleistungen\/sampling\/","title":{"rendered":"\u00c9chantillonnage"},"content":{"rendered":"<p>[vc_section full_width=&#8220;stretch_row_content&#8220;][vc_row full_width=&#8220;stretch_row_content_no_spaces&#8220; parallax=&#8220;content-moving&#8220; parallax_image=&#8220;2352&#8243; css=&#8220;.vc_custom_1507023881373{padding-top: 10% !important;padding-right: 15% !important;padding-bottom: 10% !important;padding-left: 15% !important;background: #ffffff url(http:\/\/10.0.0.18\/go\/wp-content\/uploads\/2017\/08\/Sampling.png?id=1862);background-position:center;background-repeat: no-repeat !important;background-size: cover !important;}&#8220;][vc_column][vc_column_text css_animation=&#8220;fadeInLeft&#8220; el_class=&#8220;bannertext&#8220;]<\/p>\n<p style=\"text-align: center;\"><span style=\"font-size: 20pt;\"><strong>Nous, \u00e0 Go ! Uni-Publicit\u00e9 croit qu&#8217;avec des \u00e9chantillons personnels, vous inspirerez et convaincrez les \u00e9tudiants.<\/strong><\/span><\/p>\n<p>[\/vc_column_text][\/vc_column][\/vc_row][vc_row full_width=&#8220;stretch_row_content_no_spaces&#8220; css=&#8220;.vc_custom_1503579029562{padding-right: 50px !important;padding-left: 50px !important;background-color: #ffffff !important;}&#8220;][vc_column][vc_column_text 0=&#8220;&#8220;]<div class=\"eds-animate edsanimate-sis-hidden \" data-eds-entry-animation=\"lightSpeedIn\" data-eds-entry-delay=\"0\" data-eds-entry-duration=\"1.5\" data-eds-entry-timing=\"linear\" data-eds-exit-animation=\"\" data-eds-exit-delay=\"\" data-eds-exit-duration=\"\" data-eds-exit-timing=\"\" data-eds-repeat-count=\"1\" data-eds-keep=\"yes\" data-eds-animate-on=\"scroll\" data-eds-scroll-offset=\"75\"><\/p>\n<h1>\u00c9chantillonnage<\/h1>\n<hr \/>\n<p><\/div>[\/vc_column_text][\/vc_column][\/vc_row][vc_row full_width=&#8220;stretch_row_content_no_spaces&#8220; css=&#8220;.vc_custom_1503578995446{padding-right: 15% !important;padding-left: 15% !important;background-color: #ffffff !important;}&#8220;][vc_column css=&#8220;.vc_custom_1498573469404{margin-right: 25px !important;margin-left: 25px !important;}&#8220;][vc_column_text]<div class=\"eds-animate edsanimate-sis-hidden \" data-eds-entry-animation=\"zoomIn\" data-eds-entry-delay=\"0\" data-eds-entry-duration=\"1\" data-eds-entry-timing=\"linear\" data-eds-exit-animation=\"\" data-eds-exit-delay=\"\" data-eds-exit-duration=\"\" data-eds-exit-timing=\"\" data-eds-repeat-count=\"1\" data-eds-keep=\"yes\" data-eds-animate-on=\"scroll\" data-eds-scroll-offset=\"75\"><\/p>\n<p><span style=\"font-size: 14pt;\">Les \u00e9chantillonnages personnels et surprenants touchent votre groupe cible en plein c\u0153ur. Cette mesure met votre produit directement dans les mains des \u00e9tudiants. Les jeunes ont la possibilit\u00e9 de tester gratuitement votre produit et d&#8217;apprendre \u00e0 conna\u00eetre votre marque. C&#8217;est en mangeant que l&#8217;on voit la preuve du pudding. <\/span><\/div><br \/>\n<div class=\"eds-animate edsanimate-sis-hidden \" data-eds-entry-animation=\"zoomIn\" data-eds-entry-delay=\"0\" data-eds-entry-duration=\"1\" data-eds-entry-timing=\"linear\" data-eds-exit-animation=\"\" data-eds-exit-delay=\"\" data-eds-exit-duration=\"\" data-eds-exit-timing=\"\" data-eds-repeat-count=\"1\" data-eds-keep=\"yes\" data-eds-animate-on=\"scroll\" data-eds-scroll-offset=\"75\"><\/p>\n<p><span style=\"font-size: 14pt;\">Donnez vie \u00e0 votre produit \u00e0 votre mani\u00e8re et faites appel \u00e0 autant de sens que possible en m\u00eame temps. Il a \u00e9t\u00e9 prouv\u00e9 que l&#8217;effet de ces actions sp\u00e9ciales reste dans la m\u00e9moire des gens beaucoup plus durablement qu&#8217;une campagne avec des supports publicitaires classiques. Votre groupe cible s&#8217;\u00e9carte ainsi de ce que l&#8217;on appelle la vision en tunnel et \u00e9largit votre champ de vision.<\/span><br \/>\n<\/div><br \/>\n<div class=\"eds-animate edsanimate-sis-hidden \" data-eds-entry-animation=\"zoomIn\" data-eds-entry-delay=\"0\" data-eds-entry-duration=\"1\" data-eds-entry-timing=\"linear\" data-eds-exit-animation=\"\" data-eds-exit-delay=\"\" data-eds-exit-duration=\"\" data-eds-exit-timing=\"\" data-eds-repeat-count=\"1\" data-eds-keep=\"yes\" data-eds-animate-on=\"scroll\" data-eds-scroll-offset=\"75\"><\/p>\n<p><span style=\"font-size: 14pt;\">Go! Uni-Publicit\u00e9 prend en charge votre campagne, de l&#8217;organisation compl\u00e8te \u00e0 l&#8217;ex\u00e9cution. Profitez de la consultation sans obligation et commencez \u00e0 planifier votre campagne. N&#8217;h\u00e9sitez pas longtemps et mettez votre produit sous les feux de la rampe dans les universit\u00e9s et les coll\u00e8ges.<\/span><br \/>\n<\/div>[\/vc_column_text][\/vc_column][\/vc_row][\/vc_section]<\/p>\n","protected":false},"excerpt":{"rendered":"<p>[vc_section full_width=&#8220;stretch_row_content&#8220;][vc_row full_width=&#8220;stretch_row_content_no_spaces&#8220; parallax=&#8220;content-moving&#8220; parallax_image=&#8220;2352&#8243; css=&#8220;.vc_custom_1507023881373{padding-top: 10% !important;padding-right: 15% !important;padding-bottom: 10% !important;padding-left: 15% !important;background: #ffffff url(http:\/\/10.0.0.18\/go\/wp-content\/uploads\/2017\/08\/Sampling.png?id=1862);background-position:center;background-repeat: no-repeat !important;background-size: cover !important;}&#8220;][vc_column][vc_column_text css_animation=&#8220;fadeInLeft&#8220; el_class=&#8220;bannertext&#8220;] Nous, \u00e0 Go ! Uni-Publicit\u00e9 croit qu&#8217;avec des \u00e9chantillons personnels, vous inspirerez et convaincrez les \u00e9tudiants. [\/vc_column_text][\/vc_column][\/vc_row][vc_row full_width=&#8220;stretch_row_content_no_spaces&#8220; css=&#8220;.vc_custom_1503579029562{padding-right: 50px !important;padding-left: 50px !important;background-color: #ffffff !important;}&#8220;][vc_column][vc_column_text 0=&#8220;&#8220;] \u00c9chantillonnage [\/vc_column_text][\/vc_column][\/vc_row][vc_row full_width=&#8220;stretch_row_content_no_spaces&#8220; css=&#8220;.vc_custom_1503578995446{padding-right: 15% !important;padding-left: 15% !important;background-color: #ffffff <a href=\"https:\/\/www.go-uni.com\/fr\/dienstleistungen\/sampling\/\"> Read more&#8230;<\/a><\/p>\n","protected":false},"author":1,"featured_media":0,"parent":1620,"menu_order":0,"comment_status":"closed","ping_status":"closed","template":"","meta":[],"_links":{"self":[{"href":"https:\/\/www.go-uni.com\/fr\/wp-json\/wp\/v2\/pages\/764"}],"collection":[{"href":"https:\/\/www.go-uni.com\/fr\/wp-json\/wp\/v2\/pages"}],"about":[{"href":"https:\/\/www.go-uni.com\/fr\/wp-json\/wp\/v2\/types\/page"}],"author":[{"embeddable":true,"href":"https:\/\/www.go-uni.com\/fr\/wp-json\/wp\/v2\/users\/1"}],"replies":[{"embeddable":true,"href":"https:\/\/www.go-uni.com\/fr\/wp-json\/wp\/v2\/comments?post=764"}],"version-history":[{"count":58,"href":"https:\/\/www.go-uni.com\/fr\/wp-json\/wp\/v2\/pages\/764\/revisions"}],"predecessor-version":[{"id":2621,"href":"https:\/\/www.go-uni.com\/fr\/wp-json\/wp\/v2\/pages\/764\/revisions\/2621"}],"up":[{"embeddable":true,"href":"https:\/\/www.go-uni.com\/fr\/wp-json\/wp\/v2\/pages\/1620"}],"wp:attachment":[{"href":"https:\/\/www.go-uni.com\/fr\/wp-json\/wp\/v2\/media?parent=764"}],"curies":[{"name":"wp","href":"https:\/\/api.w.org\/{rel}","templated":true}]}}