{"id":769,"date":"2017-05-18T16:41:41","date_gmt":"2017-05-18T14:41:41","guid":{"rendered":"http:\/\/10.0.0.18\/go\/?page_id=769"},"modified":"2021-10-22T15:32:39","modified_gmt":"2021-10-22T13:32:39","slug":"strategie-und-konzept-review","status":"publish","type":"page","link":"https:\/\/www.go-uni.com\/fr\/dienstleistungen\/strategie-und-konzept-review\/","title":{"rendered":"Examen de la strat\u00e9gie et du concept"},"content":{"rendered":"<p>[vc_row full_width=&#8220;stretch_row_content_no_spaces&#8220; css=&#8220;.vc_custom_1507559389340{padding-right: 15% !important;padding-left: 15% !important;background-color: #ffffff !important;}&#8220;][vc_column][vc_column_text 0=&#8220;&#8220;]<div class=\"eds-animate edsanimate-sis-hidden \" data-eds-entry-animation=\"lightSpeedIn\" data-eds-entry-delay=\"0\" data-eds-entry-duration=\"1.5\" data-eds-entry-timing=\"linear\" data-eds-exit-animation=\"\" data-eds-exit-delay=\"\" data-eds-exit-duration=\"\" data-eds-exit-timing=\"\" data-eds-repeat-count=\"1\" data-eds-keep=\"yes\" data-eds-animate-on=\"scroll\" data-eds-scroll-offset=\"75\"><\/p>\n<h1>Examen de la strat\u00e9gie et du concept<\/h1>\n<hr \/>\n<p><\/div>[\/vc_column_text][vc_column_text css=&#8220;.vc_custom_1634113407201{margin-right: 15% !important;margin-left: 15% !important;}&#8220;]<span style=\"font-size: 14pt;\"><div class=\"eds-animate edsanimate-sis-hidden \" data-eds-entry-animation=\"zoomIn\" data-eds-entry-delay=\"0\" data-eds-entry-duration=\"1\" data-eds-entry-timing=\"linear\" data-eds-exit-animation=\"\" data-eds-exit-delay=\"\" data-eds-exit-duration=\"\" data-eds-exit-timing=\"\" data-eds-repeat-count=\"1\" data-eds-keep=\"yes\" data-eds-animate-on=\"scroll\" data-eds-scroll-offset=\"75\"><\/span><\/p>\n<p><span style=\"font-size: 14pt;\">Rien n&#8217;est plus important qu&#8217;un concept coh\u00e9rent qui repr\u00e9sente votre communication de mani\u00e8re cr\u00e9dible et puissante pour le monde ext\u00e9rieur. Ayez le courage de tirer une conclusion claire et de faire le meilleur usage de votre budget. <\/div><\/span><\/p>\n<div class=\"eds-animate edsanimate-sis-hidden \" data-eds-entry-animation=\"zoomIn\" data-eds-entry-delay=\"0\" data-eds-entry-duration=\"1\" data-eds-entry-timing=\"linear\" data-eds-exit-animation=\"\" data-eds-exit-delay=\"\" data-eds-exit-duration=\"\" data-eds-exit-timing=\"\" data-eds-repeat-count=\"1\" data-eds-keep=\"yes\" data-eds-animate-on=\"scroll\" data-eds-scroll-offset=\"75\">\n<p><span style=\"font-size: 14pt;\">Pour qu&#8217;aucune mesure de communication ne soit gaspill\u00e9e, laissez Go ! Uni-Publicit\u00e9 SA v\u00e9rifier votre concept. Votre situation actuelle sera compar\u00e9e \u00e0 la situation cible d&#8217;une mani\u00e8re professionnelle. Avec plus de 25 ans d&#8217;exp\u00e9rience du march\u00e9 et une connaissance sp\u00e9cialis\u00e9e du secteur, votre concept marketing peut \u00eatre affin\u00e9.<\/span>\u00a0<\/div>\n<div class=\"eds-animate edsanimate-sis-hidden \" data-eds-entry-animation=\"zoomIn\" data-eds-entry-delay=\"0\" data-eds-entry-duration=\"1\" data-eds-entry-timing=\"linear\" data-eds-exit-animation=\"\" data-eds-exit-delay=\"\" data-eds-exit-duration=\"\" data-eds-exit-timing=\"\" data-eds-repeat-count=\"1\" data-eds-keep=\"yes\" data-eds-animate-on=\"scroll\" data-eds-scroll-offset=\"75\">\n<p><span style=\"font-size: 14pt;\">Utilisez l&#8217;examen d\u00e9taill\u00e9 pour optimiser votre future campagne universitaire. Gr\u00e2ce \u00e0 un concept de communication fort, vous avez la possibilit\u00e9 de renforcer vos mesures et vos messages individuels destin\u00e9s aux jeunes.<\/span><\/div>[\/vc_column_text][\/vc_column][\/vc_row]<\/p>\n","protected":false},"excerpt":{"rendered":"<p>[vc_row full_width=&#8220;stretch_row_content_no_spaces&#8220; css=&#8220;.vc_custom_1507559389340{padding-right: 15% !important;padding-left: 15% !important;background-color: #ffffff !important;}&#8220;][vc_column][vc_column_text 0=&#8220;&#8220;] Examen de la strat\u00e9gie et du concept [\/vc_column_text][vc_column_text css=&#8220;.vc_custom_1634113407201{margin-right: 15% !important;margin-left: 15% !important;}&#8220;] Rien n&#8217;est plus important qu&#8217;un concept coh\u00e9rent qui repr\u00e9sente votre communication de mani\u00e8re cr\u00e9dible et puissante pour le monde ext\u00e9rieur. Ayez le courage de tirer une conclusion claire et de faire le meilleur usage <a href=\"https:\/\/www.go-uni.com\/fr\/dienstleistungen\/strategie-und-konzept-review\/\"> Read more&#8230;<\/a><\/p>\n","protected":false},"author":1,"featured_media":0,"parent":1620,"menu_order":0,"comment_status":"closed","ping_status":"closed","template":"","meta":[],"_links":{"self":[{"href":"https:\/\/www.go-uni.com\/fr\/wp-json\/wp\/v2\/pages\/769"}],"collection":[{"href":"https:\/\/www.go-uni.com\/fr\/wp-json\/wp\/v2\/pages"}],"about":[{"href":"https:\/\/www.go-uni.com\/fr\/wp-json\/wp\/v2\/types\/page"}],"author":[{"embeddable":true,"href":"https:\/\/www.go-uni.com\/fr\/wp-json\/wp\/v2\/users\/1"}],"replies":[{"embeddable":true,"href":"https:\/\/www.go-uni.com\/fr\/wp-json\/wp\/v2\/comments?post=769"}],"version-history":[{"count":9,"href":"https:\/\/www.go-uni.com\/fr\/wp-json\/wp\/v2\/pages\/769\/revisions"}],"predecessor-version":[{"id":2646,"href":"https:\/\/www.go-uni.com\/fr\/wp-json\/wp\/v2\/pages\/769\/revisions\/2646"}],"up":[{"embeddable":true,"href":"https:\/\/www.go-uni.com\/fr\/wp-json\/wp\/v2\/pages\/1620"}],"wp:attachment":[{"href":"https:\/\/www.go-uni.com\/fr\/wp-json\/wp\/v2\/media?parent=769"}],"curies":[{"name":"wp","href":"https:\/\/api.w.org\/{rel}","templated":true}]}}