{"id":774,"date":"2017-05-18T16:57:11","date_gmt":"2017-05-18T14:57:11","guid":{"rendered":"http:\/\/10.0.0.18\/go\/?page_id=774"},"modified":"2021-10-13T10:32:37","modified_gmt":"2021-10-13T08:32:37","slug":"strategie-und-konzept-entwicklung","status":"publish","type":"page","link":"https:\/\/www.go-uni.com\/fr\/dienstleistungen\/strategie-und-konzept-entwicklung\/","title":{"rendered":"Strat\u00e9gie et d\u00e9veloppement du concept"},"content":{"rendered":"<p>[vc_section][vc_row full_width=&#8220;stretch_row_content_no_spaces&#8220; parallax=&#8220;content-moving&#8220; parallax_image=&#8220;2371&#8243; css=&#8220;.vc_custom_1507030817655{padding-top: 10% !important;padding-right: 15% !important;padding-bottom: 10% !important;padding-left: 15% !important;background: #ffffff url(http:\/\/10.0.0.18\/go\/wp-content\/uploads\/2017\/08\/Strategie-Konzept-Entwicklung.png?id=1864);background-position:center;background-repeat:-repeat !important;background-size: cover !important;}&#8220;][vc_column][vc_column_text css_animation=&#8220;fadeInLeft&#8220; el_class=&#8220;bannertext&#8220;]<\/p>\n<p style=\"text-align: center;\"><span style=\"font-size: 24pt;\"><strong>Nous \u00e0, Go ! Uni-Publicit\u00e9 croit que nous pouvons faire progresser les autres.<\/strong><\/span><\/p>\n<p>[\/vc_column_text][\/vc_column][\/vc_row][vc_row full_width=&#8220;stretch_row_content_no_spaces&#8220; css=&#8220;.vc_custom_1503581915165{padding-right: 50px !important;padding-left: 50px !important;background-color: #ffffff !important;}&#8220;][vc_column][vc_column_text]<div class=\"eds-animate edsanimate-sis-hidden \" data-eds-entry-animation=\"lightSpeedIn\" data-eds-entry-delay=\"0\" data-eds-entry-duration=\"1.5\" data-eds-entry-timing=\"linear\" data-eds-exit-animation=\"\" data-eds-exit-delay=\"\" data-eds-exit-duration=\"\" data-eds-exit-timing=\"\" data-eds-repeat-count=\"1\" data-eds-keep=\"yes\" data-eds-animate-on=\"scroll\" data-eds-scroll-offset=\"75\"><\/p>\n<h1>Strat\u00e9gie et d\u00e9veloppement du concept<\/h1>\n<hr \/>\n<p><\/div>[\/vc_column_text][\/vc_column][\/vc_row][vc_row full_width=&#8220;stretch_row_content_no_spaces&#8220; css=&#8220;.vc_custom_1503581933508{padding-right: 15% !important;padding-left: 15% !important;background-color: #ffffff !important;}&#8220;][vc_column 0=&#8220;&#8220;][vc_column_text]<span style=\"font-size: 14pt;\"><div class=\"eds-animate edsanimate-sis-hidden \" data-eds-entry-animation=\"zoomIn\" data-eds-entry-delay=\"0\" data-eds-entry-duration=\"1\" data-eds-entry-timing=\"linear\" data-eds-exit-animation=\"\" data-eds-exit-delay=\"\" data-eds-exit-duration=\"\" data-eds-exit-timing=\"\" data-eds-repeat-count=\"1\" data-eds-keep=\"yes\" data-eds-animate-on=\"scroll\" data-eds-scroll-offset=\"75\"><\/span><\/p>\n<p><span style=\"font-size: 14pt;\">Un concept bien pens\u00e9 est la cl\u00e9 de votre succ\u00e8s et l&#8217;art de conqu\u00e9rir et de fid\u00e9liser votre groupe cible. Il s&#8217;agit de la pi\u00e8ce ma\u00eetresse de votre future approche du marketing universitaire.<\/div><\/span><\/p>\n<p><span style=\"font-size: 14pt;\"><div class=\"eds-animate edsanimate-sis-hidden \" data-eds-entry-animation=\"zoomIn\" data-eds-entry-delay=\"0\" data-eds-entry-duration=\"1\" data-eds-entry-timing=\"linear\" data-eds-exit-animation=\"\" data-eds-exit-delay=\"\" data-eds-exit-duration=\"\" data-eds-exit-timing=\"\" data-eds-repeat-count=\"1\" data-eds-keep=\"yes\" data-eds-animate-on=\"scroll\" data-eds-scroll-offset=\"75\"><\/span><\/p>\n<p><span style=\"font-size: 14pt;\">Avec une d\u00e9finition exacte de vos objectifs, Go ! Uni-Publicit\u00e9 d\u00e9veloppe un concept qui vous m\u00e8ne aux jeunes et r\u00e9alise vos visions. Profitez des nombreuses ann\u00e9es d&#8217;exp\u00e9rience de l&#8217;\u00e9quipe Go ! Les sp\u00e9cialistes de l&#8217;universit\u00e9 dans le domaine du marketing universitaire et laissez-les vous proposer un concept pour votre avenir.<\/div><\/span><\/p>\n<div class=\"eds-animate edsanimate-sis-hidden \" data-eds-entry-animation=\"zoomIn\" data-eds-entry-delay=\"0\" data-eds-entry-duration=\"1\" data-eds-entry-timing=\"linear\" data-eds-exit-animation=\"\" data-eds-exit-delay=\"\" data-eds-exit-duration=\"\" data-eds-exit-timing=\"\" data-eds-repeat-count=\"1\" data-eds-keep=\"yes\" data-eds-animate-on=\"scroll\" data-eds-scroll-offset=\"75\">\n<p><span style=\"font-size: 14pt;\">Atteignez les \u00e9tudiants\/anciens \u00e9l\u00e8ves avec le concept le mieux adapt\u00e9 \u00e0 votre groupe cible. D\u00e9veloppez un lien efficace avec eux et r\u00e9pondez ainsi \u00e0 leurs besoins.<\/span><\/div>[\/vc_column_text][\/vc_column][\/vc_row][\/vc_section]<\/p>\n","protected":false},"excerpt":{"rendered":"<p>[vc_section][vc_row full_width=&#8220;stretch_row_content_no_spaces&#8220; parallax=&#8220;content-moving&#8220; parallax_image=&#8220;2371&#8243; css=&#8220;.vc_custom_1507030817655{padding-top: 10% !important;padding-right: 15% !important;padding-bottom: 10% !important;padding-left: 15% !important;background: #ffffff url(http:\/\/10.0.0.18\/go\/wp-content\/uploads\/2017\/08\/Strategie-Konzept-Entwicklung.png?id=1864);background-position:center;background-repeat:-repeat !important;background-size: cover !important;}&#8220;][vc_column][vc_column_text css_animation=&#8220;fadeInLeft&#8220; el_class=&#8220;bannertext&#8220;] Nous \u00e0, Go ! Uni-Publicit\u00e9 croit que nous pouvons faire progresser les autres. [\/vc_column_text][\/vc_column][\/vc_row][vc_row full_width=&#8220;stretch_row_content_no_spaces&#8220; css=&#8220;.vc_custom_1503581915165{padding-right: 50px !important;padding-left: 50px !important;background-color: #ffffff !important;}&#8220;][vc_column][vc_column_text] Strat\u00e9gie et d\u00e9veloppement du concept [\/vc_column_text][\/vc_column][\/vc_row][vc_row full_width=&#8220;stretch_row_content_no_spaces&#8220; css=&#8220;.vc_custom_1503581933508{padding-right: 15% !important;padding-left: 15% !important;background-color: #ffffff !important;}&#8220;][vc_column 0=&#8220;&#8220;][vc_column_text] <a href=\"https:\/\/www.go-uni.com\/fr\/dienstleistungen\/strategie-und-konzept-entwicklung\/\"> Read more&#8230;<\/a><\/p>\n","protected":false},"author":1,"featured_media":0,"parent":1620,"menu_order":0,"comment_status":"closed","ping_status":"closed","template":"","meta":[],"_links":{"self":[{"href":"https:\/\/www.go-uni.com\/fr\/wp-json\/wp\/v2\/pages\/774"}],"collection":[{"href":"https:\/\/www.go-uni.com\/fr\/wp-json\/wp\/v2\/pages"}],"about":[{"href":"https:\/\/www.go-uni.com\/fr\/wp-json\/wp\/v2\/types\/page"}],"author":[{"embeddable":true,"href":"https:\/\/www.go-uni.com\/fr\/wp-json\/wp\/v2\/users\/1"}],"replies":[{"embeddable":true,"href":"https:\/\/www.go-uni.com\/fr\/wp-json\/wp\/v2\/comments?post=774"}],"version-history":[{"count":14,"href":"https:\/\/www.go-uni.com\/fr\/wp-json\/wp\/v2\/pages\/774\/revisions"}],"predecessor-version":[{"id":2624,"href":"https:\/\/www.go-uni.com\/fr\/wp-json\/wp\/v2\/pages\/774\/revisions\/2624"}],"up":[{"embeddable":true,"href":"https:\/\/www.go-uni.com\/fr\/wp-json\/wp\/v2\/pages\/1620"}],"wp:attachment":[{"href":"https:\/\/www.go-uni.com\/fr\/wp-json\/wp\/v2\/media?parent=774"}],"curies":[{"name":"wp","href":"https:\/\/api.w.org\/{rel}","templated":true}]}}