{"id":797,"date":"2017-05-22T10:34:39","date_gmt":"2017-05-22T08:34:39","guid":{"rendered":"http:\/\/10.0.0.18\/go\/?page_id=797"},"modified":"2021-10-13T09:40:03","modified_gmt":"2021-10-13T07:40:03","slug":"research-analyse","status":"publish","type":"page","link":"https:\/\/www.go-uni.com\/fr\/dienstleistungen\/research-analyse\/","title":{"rendered":"Recherche et analyse"},"content":{"rendered":"<p>[vc_section][vc_row full_width=&#8220;stretch_row_content_no_spaces&#8220; parallax=&#8220;content-moving&#8220; parallax_image=&#8220;2361&#8243; css=&#8220;.vc_custom_1507026157097{padding-top: 10% !important;padding-right: 15% !important;padding-bottom: 10% !important;padding-left: 15% !important;background: #ffffff url(http:\/\/10.0.0.18\/go\/wp-content\/uploads\/2017\/08\/Research-Analyse.png?id=1861);background-position:center;background-repeat:-repeat;background-size: cover !important;}&#8220;][vc_column 0=&#8220;&#8220;][vc_column_text css_animation=&#8220;fadeInLeft&#8220; el_class=&#8220;bannertext&#8220;]<\/p>\n<p style=\"text-align: center;\"><span style=\"font-size: 24pt;\"><strong>Chez Go ! Uni-Publicit\u00e9 pense qu&#8217;en recherchant efficacement votre public cible, vous ciblez les bons talents.<\/strong><\/span><\/p>\n<p>[\/vc_column_text][\/vc_column][\/vc_row][vc_row full_width=&#8220;stretch_row_content_no_spaces&#8220; css=&#8220;.vc_custom_1503581070346{padding-right: 50px !important;padding-left: 50px !important;background-color: #ffffff !important;}&#8220;][vc_column][vc_column_text]<div class=\"eds-animate edsanimate-sis-hidden \" data-eds-entry-animation=\"zoomIn\" data-eds-entry-delay=\"0\" data-eds-entry-duration=\"1.5\" data-eds-entry-timing=\"linear\" data-eds-exit-animation=\"\" data-eds-exit-delay=\"\" data-eds-exit-duration=\"\" data-eds-exit-timing=\"\" data-eds-repeat-count=\"1\" data-eds-keep=\"yes\" data-eds-animate-on=\"scroll\" data-eds-scroll-offset=\"75\"><\/p>\n<h1>Recherche et analyse<\/h1>\n<hr \/>\n<p><\/div>[\/vc_column_text][\/vc_column][\/vc_row][vc_row full_width=&#8220;stretch_row_content_no_spaces&#8220; css=&#8220;.vc_custom_1503581099818{padding-right: 15% !important;padding-left: 15% !important;background-color: #ffffff !important;}&#8220;][vc_column][vc_column_text 0=&#8220;&#8220;]<span style=\"font-size: 14pt;\"><div class=\"eds-animate edsanimate-sis-hidden \" data-eds-entry-animation=\"zoomIn\" data-eds-entry-delay=\"0\" data-eds-entry-duration=\"1\" data-eds-entry-timing=\"linear\" data-eds-exit-animation=\"\" data-eds-exit-delay=\"\" data-eds-exit-duration=\"\" data-eds-exit-timing=\"\" data-eds-repeat-count=\"1\" data-eds-keep=\"yes\" data-eds-animate-on=\"scroll\" data-eds-scroll-offset=\"75\"><\/span><\/p>\n<p><span style=\"font-size: 14pt;\">Une recherche et une analyse cibl\u00e9es sont des conditions pr\u00e9alables au lancement d&#8217;une campagne Hoschul efficace. Si vous ne connaissez pas votre groupe cible et ses habitudes, il vous sera difficile d&#8217;atteindre les bons \u00e9tudiants\/dipl\u00f4m\u00e9s.<\/div><\/span><\/p>\n<div class=\"eds-animate edsanimate-sis-hidden \" data-eds-entry-animation=\"zoomIn\" data-eds-entry-delay=\"0\" data-eds-entry-duration=\"1\" data-eds-entry-timing=\"linear\" data-eds-exit-animation=\"\" data-eds-exit-delay=\"\" data-eds-exit-duration=\"\" data-eds-exit-timing=\"\" data-eds-repeat-count=\"1\" data-eds-keep=\"yes\" data-eds-animate-on=\"scroll\" data-eds-scroll-offset=\"75\">\n<p>Go ! Uni-Publicit\u00e9 SA se bat pour vous et se met \u00e0 chercher dans la zone souhait\u00e9e. Qu&#8217;il s&#8217;agisse de la r\u00e9partition par sexe, de la place dans le classement, de la proportion d&#8217;\u00e9tudiants \u00e0 l&#8217;\u00e9tranger, de d\u00e9tails sur une mati\u00e8re dans une universit\u00e9 ou d&#8217;associations d&#8217;anciens \u00e9l\u00e8ves ou d&#8217;\u00e9tudiants dans une mati\u00e8re &#8211; tout est possible.<\/div>\n<div class=\"eds-animate edsanimate-sis-hidden \" data-eds-entry-animation=\"zoomIn\" data-eds-entry-delay=\"0\" data-eds-entry-duration=\"1\" data-eds-entry-timing=\"linear\" data-eds-exit-animation=\"\" data-eds-exit-delay=\"\" data-eds-exit-duration=\"\" data-eds-exit-timing=\"\" data-eds-repeat-count=\"1\" data-eds-keep=\"yes\" data-eds-animate-on=\"scroll\" data-eds-scroll-offset=\"75\">\n<p>N&#8217;attendez donc pas et d\u00e9couvrez tous les d\u00e9tails concernant votre groupe cible et son universit\u00e9. Apprenez \u00e0 mieux conna\u00eetre les jeunes, ainsi que leurs \u00e9coles, et servez-vous-en comme base pour \u00e9laborer votre prochaine campagne universitaire sans gaspillage. <\/div>[\/vc_column_text][vc_empty_space height=&#8220;80px&#8220;][\/vc_column][\/vc_row][\/vc_section]<\/p>\n","protected":false},"excerpt":{"rendered":"<p>[vc_section][vc_row full_width=&#8220;stretch_row_content_no_spaces&#8220; parallax=&#8220;content-moving&#8220; parallax_image=&#8220;2361&#8243; css=&#8220;.vc_custom_1507026157097{padding-top: 10% !important;padding-right: 15% !important;padding-bottom: 10% !important;padding-left: 15% !important;background: #ffffff url(http:\/\/10.0.0.18\/go\/wp-content\/uploads\/2017\/08\/Research-Analyse.png?id=1861);background-position:center;background-repeat:-repeat;background-size: cover !important;}&#8220;][vc_column 0=&#8220;&#8220;][vc_column_text css_animation=&#8220;fadeInLeft&#8220; el_class=&#8220;bannertext&#8220;] Chez Go ! Uni-Publicit\u00e9 pense qu&#8217;en recherchant efficacement votre public cible, vous ciblez les bons talents. [\/vc_column_text][\/vc_column][\/vc_row][vc_row full_width=&#8220;stretch_row_content_no_spaces&#8220; css=&#8220;.vc_custom_1503581070346{padding-right: 50px !important;padding-left: 50px !important;background-color: #ffffff !important;}&#8220;][vc_column][vc_column_text] Recherche et analyse [\/vc_column_text][\/vc_column][\/vc_row][vc_row full_width=&#8220;stretch_row_content_no_spaces&#8220; css=&#8220;.vc_custom_1503581099818{padding-right: 15% !important;padding-left: 15% !important;background-color: #ffffff !important;}&#8220;][vc_column][vc_column_text <a href=\"https:\/\/www.go-uni.com\/fr\/dienstleistungen\/research-analyse\/\"> Read more&#8230;<\/a><\/p>\n","protected":false},"author":1,"featured_media":0,"parent":1620,"menu_order":0,"comment_status":"closed","ping_status":"closed","template":"","meta":[],"_links":{"self":[{"href":"https:\/\/www.go-uni.com\/fr\/wp-json\/wp\/v2\/pages\/797"}],"collection":[{"href":"https:\/\/www.go-uni.com\/fr\/wp-json\/wp\/v2\/pages"}],"about":[{"href":"https:\/\/www.go-uni.com\/fr\/wp-json\/wp\/v2\/types\/page"}],"author":[{"embeddable":true,"href":"https:\/\/www.go-uni.com\/fr\/wp-json\/wp\/v2\/users\/1"}],"replies":[{"embeddable":true,"href":"https:\/\/www.go-uni.com\/fr\/wp-json\/wp\/v2\/comments?post=797"}],"version-history":[{"count":20,"href":"https:\/\/www.go-uni.com\/fr\/wp-json\/wp\/v2\/pages\/797\/revisions"}],"predecessor-version":[{"id":2620,"href":"https:\/\/www.go-uni.com\/fr\/wp-json\/wp\/v2\/pages\/797\/revisions\/2620"}],"up":[{"embeddable":true,"href":"https:\/\/www.go-uni.com\/fr\/wp-json\/wp\/v2\/pages\/1620"}],"wp:attachment":[{"href":"https:\/\/www.go-uni.com\/fr\/wp-json\/wp\/v2\/media?parent=797"}],"curies":[{"name":"wp","href":"https:\/\/api.w.org\/{rel}","templated":true}]}}