{"id":800,"date":"2017-05-22T10:38:42","date_gmt":"2017-05-22T08:38:42","guid":{"rendered":"http:\/\/10.0.0.18\/go\/?page_id=800"},"modified":"2021-10-13T10:34:26","modified_gmt":"2021-10-13T08:34:26","slug":"strategie-konzept-review-2","status":"publish","type":"page","link":"https:\/\/www.go-uni.com\/fr\/dienstleistungen\/strategie-konzept-review-2\/","title":{"rendered":"Examen de la strat\u00e9gie et du concept"},"content":{"rendered":"<p>[vc_section 0=&#8220;&#8220;][vc_row full_width=&#8220;stretch_row_content_no_spaces&#8220; parallax=&#8220;content-moving&#8220; parallax_image=&#8220;2368&#8243; css=&#8220;.vc_custom_1507029949541{padding-top: 10% !important;padding-right: 15% !important;padding-bottom: 10% !important;padding-left: 15% !important;background: #ffffff url(http:\/\/10.0.0.18\/go\/wp-content\/uploads\/2017\/08\/Strategie-Konzept-Review.png?id=1865);background-position:center;background-repeat:-repeat !important;background-size: cover !important;}&#8220;][vc_column 0=&#8220;&#8220;][vc_column_text css_animation=&#8220;fadeInLeft&#8220; el_class=&#8220;bannertext&#8220;]<\/p>\n<p style=\"text-align: center;\"><span style=\"font-size: 24pt;\"><strong>Nous, \u00e0 Go ! Uni-Publicit\u00e9 croit au succ\u00e8s par l&#8217;exp\u00e9rience, le savoir-faire et l&#8217;individualit\u00e9.<\/strong><\/span><\/p>\n<p>[\/vc_column_text][\/vc_column][\/vc_row][vc_row full_width=&#8220;stretch_row_content_no_spaces&#8220; css=&#8220;.vc_custom_1503581424774{padding-right: 50px !important;padding-left: 50px !important;background-color: #ffffff !important;}&#8220;][vc_column 0=&#8220;&#8220;][vc_column_text 0=&#8220;&#8220;]<\/p>\n<h1>Examen de la strat\u00e9gie et du concept<\/h1>\n<hr \/>\n<p>[\/vc_column_text][\/vc_column][\/vc_row][vc_row full_width=&#8220;stretch_row_content_no_spaces&#8220; css=&#8220;.vc_custom_1503581468294{padding-right: 15% !important;padding-left: 15% !important;background-color: #ffffff !important;}&#8220;][vc_column][vc_column_text 0=&#8220;&#8220;]Un examen externe de la strat\u00e9gie et du concept am\u00e9liore votre planification future. Faites analyser vos conceptions existantes par un sp\u00e9cialiste externe. Avec le bon concept, vous atteindrez sans aucun doute les bons \u00e9tudiants.<\/p>\n<p>Allez-y ! Uni-Publicit\u00e9 examinera en d\u00e9tail votre marketing \u00e9tudiant et vous fournira un rapport bien pens\u00e9 ainsi que d&#8217;autres recommandations. Votre situation initiale sera compar\u00e9e \u00e0 la situation cible. Utilisez les commentaires d\u00e9taill\u00e9s pour vos futures campagnes.<\/p>\n<p>&nbsp;<\/p>\n<p>&nbsp;[\/vc_column_text][\/vc_column][\/vc_row][\/vc_section]<\/p>\n","protected":false},"excerpt":{"rendered":"<p>[vc_section 0=&#8220;&#8220;][vc_row full_width=&#8220;stretch_row_content_no_spaces&#8220; parallax=&#8220;content-moving&#8220; parallax_image=&#8220;2368&#8243; css=&#8220;.vc_custom_1507029949541{padding-top: 10% !important;padding-right: 15% !important;padding-bottom: 10% !important;padding-left: 15% !important;background: #ffffff url(http:\/\/10.0.0.18\/go\/wp-content\/uploads\/2017\/08\/Strategie-Konzept-Review.png?id=1865);background-position:center;background-repeat:-repeat !important;background-size: cover !important;}&#8220;][vc_column 0=&#8220;&#8220;][vc_column_text css_animation=&#8220;fadeInLeft&#8220; el_class=&#8220;bannertext&#8220;] Nous, \u00e0 Go ! Uni-Publicit\u00e9 croit au succ\u00e8s par l&#8217;exp\u00e9rience, le savoir-faire et l&#8217;individualit\u00e9. [\/vc_column_text][\/vc_column][\/vc_row][vc_row full_width=&#8220;stretch_row_content_no_spaces&#8220; css=&#8220;.vc_custom_1503581424774{padding-right: 50px !important;padding-left: 50px !important;background-color: #ffffff !important;}&#8220;][vc_column 0=&#8220;&#8220;][vc_column_text 0=&#8220;&#8220;] Examen de la strat\u00e9gie et du concept [\/vc_column_text][\/vc_column][\/vc_row][vc_row full_width=&#8220;stretch_row_content_no_spaces&#8220; css=&#8220;.vc_custom_1503581468294{padding-right: <a href=\"https:\/\/www.go-uni.com\/fr\/dienstleistungen\/strategie-konzept-review-2\/\"> Read more&#8230;<\/a><\/p>\n","protected":false},"author":1,"featured_media":0,"parent":1620,"menu_order":0,"comment_status":"closed","ping_status":"closed","template":"","meta":[],"_links":{"self":[{"href":"https:\/\/www.go-uni.com\/fr\/wp-json\/wp\/v2\/pages\/800"}],"collection":[{"href":"https:\/\/www.go-uni.com\/fr\/wp-json\/wp\/v2\/pages"}],"about":[{"href":"https:\/\/www.go-uni.com\/fr\/wp-json\/wp\/v2\/types\/page"}],"author":[{"embeddable":true,"href":"https:\/\/www.go-uni.com\/fr\/wp-json\/wp\/v2\/users\/1"}],"replies":[{"embeddable":true,"href":"https:\/\/www.go-uni.com\/fr\/wp-json\/wp\/v2\/comments?post=800"}],"version-history":[{"count":10,"href":"https:\/\/www.go-uni.com\/fr\/wp-json\/wp\/v2\/pages\/800\/revisions"}],"predecessor-version":[{"id":2625,"href":"https:\/\/www.go-uni.com\/fr\/wp-json\/wp\/v2\/pages\/800\/revisions\/2625"}],"up":[{"embeddable":true,"href":"https:\/\/www.go-uni.com\/fr\/wp-json\/wp\/v2\/pages\/1620"}],"wp:attachment":[{"href":"https:\/\/www.go-uni.com\/fr\/wp-json\/wp\/v2\/media?parent=800"}],"curies":[{"name":"wp","href":"https:\/\/api.w.org\/{rel}","templated":true}]}}