{"id":877,"date":"2017-06-06T16:13:33","date_gmt":"2017-06-06T14:13:33","guid":{"rendered":"http:\/\/10.0.0.18\/go\/?page_id=877"},"modified":"2021-12-01T11:22:06","modified_gmt":"2021-12-01T10:22:06","slug":"ueber-uns","status":"publish","type":"page","link":"https:\/\/www.go-uni.com\/fr\/ueber-uns\/","title":{"rendered":"A propos de nous"},"content":{"rendered":"<p>[vc_row full_width=&#8220;stretch_row_content&#8220; css=&#8220;.vc_custom_1499178956391{background-color: #ffffff !important;}&#8220;][vc_column css=&#8220;.vc_custom_1507036512048{padding-left: 50px !important;}&#8220;][vc_column_text 0=&#8220;&#8220;]<div class=\"eds-animate edsanimate-sis-hidden \" data-eds-entry-animation=\"lightSpeedIn\" data-eds-entry-delay=\"0\" data-eds-entry-duration=\"1.5\" data-eds-entry-timing=\"linear\" data-eds-exit-animation=\"\" data-eds-exit-delay=\"\" data-eds-exit-duration=\"\" data-eds-exit-timing=\"\" data-eds-repeat-count=\"1\" data-eds-keep=\"yes\" data-eds-animate-on=\"scroll\" data-eds-scroll-offset=\"75\"><\/p>\n<h2 style=\"text-align: center;\"><span style=\"font-size: 36pt;\">Go! Uni-Publicit\u00e9 SA<br \/>\n<\/span><\/h2>\n<p><\/div>[\/vc_column_text][\/vc_column][vc_column][\/vc_column][\/vc_row][vc_row full_width=&#8220;stretch_row_content_no_spaces&#8220; css=&#8220;.vc_custom_1507036955071{padding-right: 15% !important;padding-left: 15% !important;background-color: #ffffff !important;}&#8220;][vc_column width=&#8220;1\/2&#8243;][vc_column_text 0=&#8220;&#8220;]25 millions d&#8217;\u00e9tudiants qui veulent tester votre nouveau produit ou service. 25 millions de jeunes qui veulent enrichir votre entreprise ou visiter votre universit\u00e9. De nombreuses ann\u00e9es d&#8217;exp\u00e9rience, un r\u00e9seau europ\u00e9en, des conseils efficaces, une campagne bien pens\u00e9e &#8211; avec ces ingr\u00e9dients, rien ne peut entraver le marketing de votre universit\u00e9. Vous atteignez votre groupe cible sans gaspillage et le convainquez de votre produit, de votre service, de votre entreprise ou de votre universit\u00e9.<br \/>\nAllez-y ! Uni-Werbung travaille dans le secteur de l&#8217;enseignement sup\u00e9rieur avec beaucoup d&#8217;engagement et de plaisir depuis 1989 et est membre de l&#8217;association internationale iYSMA &#8211; international youth and student marketing alliance depuis 2013.<br \/>\nEn savoir plus[\/vc_column_text][\/vc_column][vc_column width=&#8220;1\/2&#8243;][vc_column_text 0=&#8220;&#8220;]<img class=\"size-medium wp-image-228 aligncenter\" style=\"max-width: 200px; max-height: 200px;\" src=\"\/wp-content\/uploads\/2017\/02\/iYSMA.png\" alt=\"\" \/>[\/vc_column_text][\/vc_column][\/vc_row][vc_row full_width=&#8220;stretch_row_content_no_spaces&#8220; css=&#8220;.vc_custom_1507555488062{background-color: #ffffff !important;}&#8220;][vc_column][vc_empty_space height=&#8220;80px&#8220;][\/vc_column][\/vc_row]<\/p>\n","protected":false},"excerpt":{"rendered":"<p>[vc_row full_width=&#8220;stretch_row_content&#8220; css=&#8220;.vc_custom_1499178956391{background-color: #ffffff !important;}&#8220;][vc_column css=&#8220;.vc_custom_1507036512048{padding-left: 50px !important;}&#8220;][vc_column_text 0=&#8220;&#8220;] Go! Uni-Publicit\u00e9 SA [\/vc_column_text][\/vc_column][vc_column][\/vc_column][\/vc_row][vc_row full_width=&#8220;stretch_row_content_no_spaces&#8220; css=&#8220;.vc_custom_1507036955071{padding-right: 15% !important;padding-left: 15% !important;background-color: #ffffff !important;}&#8220;][vc_column width=&#8220;1\/2&#8243;][vc_column_text 0=&#8220;&#8220;]25 millions d&#8217;\u00e9tudiants qui veulent tester votre nouveau produit ou service. 25 millions de jeunes qui veulent enrichir votre entreprise ou visiter votre universit\u00e9. De nombreuses ann\u00e9es d&#8217;exp\u00e9rience, un r\u00e9seau europ\u00e9en, des conseils efficaces, une <a href=\"https:\/\/www.go-uni.com\/fr\/ueber-uns\/\"> Read more&#8230;<\/a><\/p>\n","protected":false},"author":1,"featured_media":0,"parent":0,"menu_order":0,"comment_status":"closed","ping_status":"closed","template":"","meta":[],"_links":{"self":[{"href":"https:\/\/www.go-uni.com\/fr\/wp-json\/wp\/v2\/pages\/877"}],"collection":[{"href":"https:\/\/www.go-uni.com\/fr\/wp-json\/wp\/v2\/pages"}],"about":[{"href":"https:\/\/www.go-uni.com\/fr\/wp-json\/wp\/v2\/types\/page"}],"author":[{"embeddable":true,"href":"https:\/\/www.go-uni.com\/fr\/wp-json\/wp\/v2\/users\/1"}],"replies":[{"embeddable":true,"href":"https:\/\/www.go-uni.com\/fr\/wp-json\/wp\/v2\/comments?post=877"}],"version-history":[{"count":41,"href":"https:\/\/www.go-uni.com\/fr\/wp-json\/wp\/v2\/pages\/877\/revisions"}],"predecessor-version":[{"id":2649,"href":"https:\/\/www.go-uni.com\/fr\/wp-json\/wp\/v2\/pages\/877\/revisions\/2649"}],"wp:attachment":[{"href":"https:\/\/www.go-uni.com\/fr\/wp-json\/wp\/v2\/media?parent=877"}],"curies":[{"name":"wp","href":"https:\/\/api.w.org\/{rel}","templated":true}]}}