{"id":9,"date":"2017-02-15T15:33:55","date_gmt":"2017-02-15T14:33:55","guid":{"rendered":"http:\/\/10.0.0.20\/go\/?page_id=9"},"modified":"2022-09-12T09:48:56","modified_gmt":"2022-09-12T07:48:56","slug":"kontakt","status":"publish","type":"page","link":"https:\/\/www.go-uni.com\/fr\/kontakt\/","title":{"rendered":"contact"},"content":{"rendered":"<p>[vc_section 0=&#8220;&#8220;][vc_row full_width=&#8220;stretch_row_content_no_spaces&#8220; css=&#8220;.vc_custom_1503925021172{padding-right: 15% !important;padding-left: 15% !important;background-color: #ffffff !important;}&#8220;][vc_column 0=&#8220;&#8220;][vc_raw_html 0=&#8220;&#8220;]JTNDaWZyYW1lJTIwc3JjJTNEJTIyaHR0cHMlM0ElMkYlMkZ3d3cuZ29vZ2xlLmNvbSUyRm1hcHMlMkZlbWJlZCUzRnBiJTNEJTIxMW0xNCUyMTFtOCUyMTFtMyUyMTFkMTA3OTUuNDk3NjgwODI0ODYxJTIxMmQ5LjM4NTU5MzIlMjEzZDQ3LjQzMzg5MiUyMTNtMiUyMTFpMTAyNCUyMTJpNzY4JTIxNGYxMy4xJTIxM20zJTIxMW0yJTIxMXMweDAlMjUzQTB4ZDMwYTJhZmJlMDFlMzcyNiUyMTJzR28lMkEyMSUyQlVuaS1XZXJidW5nJTJCQUclMjE1ZTAlMjEzbTIlMjExc2RlJTIxMnNjaCUyMTR2MTUwNDE3MzU0MDkyMiUyMiUyMHdpZHRoJTNEJTIyMTAwJTI1JTIyJTIwaGVpZ2h0JTNEJTIyNDUwJTIyJTIwZnJhbWVib3JkZXIlM0QlMjIwJTIyJTIwc3R5bGUlM0QlMjJib3JkZXIlM0EwJTIyJTIwYWxsb3dmdWxsc2NyZWVuJTNFJTNDJTJGaWZyYW1lJTNF[\/vc_raw_html][\/vc_column][vc_column width=&#8220;1\/2&#8243;][vc_column_text][contact-form-7 id=&#8220;1986&#8243; title=&#8220;Kontaktformular 1&#8243;][\/vc_column_text][\/vc_column][vc_column width=&#8220;1\/2&#8243;][vc_column_text 0=&#8220;&#8220;]<span style=\"font-size: 10pt;\">T\u00e9l\u00e9phone:<\/span><br \/>\n<a style=\"color: #000000;\" href=\"tel:0041712441010\">(+41) 071 244 10 10<\/a><\/p>\n<p><span style=\"font-size: 10pt;\">Fax:<\/span><br \/>\n<a style=\"color: #000000;\" href=\"tel:0041712441414\">(+41) 071 244 14 14<\/a><\/p>\n<p><span style=\"font-size: 10pt;\">E-Mail:<\/span><br \/>\n<a style=\"color: #000000;\" href=\"mailto:info@go-uni.com\">info@go-uni.com<\/a><\/p>\n<p><span style=\"font-size: 10pt;\">Adresse:<\/span><br \/>\nGo! Uni-Publicit\u00e9 SA | F\u00fcrstenlandstrasse 35 | CH-9000 Saint-Gall | Suisse[\/vc_column_text][\/vc_column][\/vc_row][\/vc_section]<\/p>\n","protected":false},"excerpt":{"rendered":"<p>[vc_section 0=&#8220;&#8220;][vc_row full_width=&#8220;stretch_row_content_no_spaces&#8220; css=&#8220;.vc_custom_1503925021172{padding-right: 15% !important;padding-left: 15% !important;background-color: #ffffff !important;}&#8220;][vc_column 0=&#8220;&#8220;][vc_raw_html 0=&#8220;&#8220;]JTNDaWZyYW1lJTIwc3JjJTNEJTIyaHR0cHMlM0ElMkYlMkZ3d3cuZ29vZ2xlLmNvbSUyRm1hcHMlMkZlbWJlZCUzRnBiJTNEJTIxMW0xNCUyMTFtOCUyMTFtMyUyMTFkMTA3OTUuNDk3NjgwODI0ODYxJTIxMmQ5LjM4NTU5MzIlMjEzZDQ3LjQzMzg5MiUyMTNtMiUyMTFpMTAyNCUyMTJpNzY4JTIxNGYxMy4xJTIxM20zJTIxMW0yJTIxMXMweDAlMjUzQTB4ZDMwYTJhZmJlMDFlMzcyNiUyMTJzR28lMkEyMSUyQlVuaS1XZXJidW5nJTJCQUclMjE1ZTAlMjEzbTIlMjExc2RlJTIxMnNjaCUyMTR2MTUwNDE3MzU0MDkyMiUyMiUyMHdpZHRoJTNEJTIyMTAwJTI1JTIyJTIwaGVpZ2h0JTNEJTIyNDUwJTIyJTIwZnJhbWVib3JkZXIlM0QlMjIwJTIyJTIwc3R5bGUlM0QlMjJib3JkZXIlM0EwJTIyJTIwYWxsb3dmdWxsc2NyZWVuJTNFJTNDJTJGaWZyYW1lJTNF[\/vc_raw_html][\/vc_column][vc_column width=&#8220;1\/2&#8243;][vc_column_text][contact-form-7 id=&#8220;1986&#8243; title=&#8220;Kontaktformular 1&#8243;][\/vc_column_text][\/vc_column][vc_column width=&#8220;1\/2&#8243;][vc_column_text 0=&#8220;&#8220;]T\u00e9l\u00e9phone: (+41) 071 244 10 10 Fax: (+41) 071 244 14 14 E-Mail: info@go-uni.com Adresse: Go! Uni-Publicit\u00e9 SA | F\u00fcrstenlandstrasse 35 | CH-9000 Saint-Gall | Suisse[\/vc_column_text][\/vc_column][\/vc_row][\/vc_section]<\/p>\n","protected":false},"author":1,"featured_media":4,"parent":0,"menu_order":0,"comment_status":"closed","ping_status":"closed","template":"","meta":[],"_links":{"self":[{"href":"https:\/\/www.go-uni.com\/fr\/wp-json\/wp\/v2\/pages\/9"}],"collection":[{"href":"https:\/\/www.go-uni.com\/fr\/wp-json\/wp\/v2\/pages"}],"about":[{"href":"https:\/\/www.go-uni.com\/fr\/wp-json\/wp\/v2\/types\/page"}],"author":[{"embeddable":true,"href":"https:\/\/www.go-uni.com\/fr\/wp-json\/wp\/v2\/users\/1"}],"replies":[{"embeddable":true,"href":"https:\/\/www.go-uni.com\/fr\/wp-json\/wp\/v2\/comments?post=9"}],"version-history":[{"count":16,"href":"https:\/\/www.go-uni.com\/fr\/wp-json\/wp\/v2\/pages\/9\/revisions"}],"predecessor-version":[{"id":2716,"href":"https:\/\/www.go-uni.com\/fr\/wp-json\/wp\/v2\/pages\/9\/revisions\/2716"}],"wp:featuredmedia":[{"embeddable":true,"href":"https:\/\/www.go-uni.com\/fr\/wp-json\/wp\/v2\/media\/4"}],"wp:attachment":[{"href":"https:\/\/www.go-uni.com\/fr\/wp-json\/wp\/v2\/media?parent=9"}],"curies":[{"name":"wp","href":"https:\/\/api.w.org\/{rel}","templated":true}]}}